{"id":59653,"date":"2025-03-14T14:54:33","date_gmt":"2025-03-14T13:54:33","guid":{"rendered":"https:\/\/jjcustomworks.se\/product\/handmade-pendant-from-swedish-quality-leather-11\/"},"modified":"2025-11-22T21:08:55","modified_gmt":"2025-11-22T20:08:55","slug":"pendentif-en-cuir-fait-main-tarnsjo-4","status":"publish","type":"product","link":"https:\/\/jjcustomworks.se\/fr\/produit\/pendentif-en-cuir-fait-main-tarnsjo-4\/","title":{"rendered":"Pendentif en Cuir Fait Main | JJ Custom Works"},"content":{"rendered":"<h1><span class=\"ez-toc-section\" id=\"Pendentif_en_Cuir_Fait_Main_de_JJ_Custom_Works\"><\/span>Pendentif en Cuir Fait Main de JJ Custom Works<span class=\"ez-toc-section-end\"><\/span><\/h1>\n<h2><span class=\"ez-toc-section\" id=\"Artisanat_suedois_avec_style\"><\/span>Artisanat su\u00e9dois avec style<span class=\"ez-toc-section-end\"><\/span><\/h2>\n<p>Ce pendentif fait main est fabriqu\u00e9 en Su\u00e8de \u00e0 partir de cuir T\u00e4rnsj\u00f6, garantissant une qualit\u00e9 et une durabilit\u00e9 maximales. Le pendentif mesure environ 2,5 cm de diam\u00e8tre et est orn\u00e9 d'une lettre en police Old English, ce qui lui conf\u00e8re une touche classique et personnelle. Il est simple et \u00e9l\u00e9gant, ce qui le rend adapt\u00e9 \u00e0 tous et \u00e0 tout.<\/p>\n<h3><span class=\"ez-toc-section\" id=\"Parfait_comme_cadeau\"><\/span>Parfait comme cadeau<span class=\"ez-toc-section-end\"><\/span><\/h3>\n<p>Vous cherchez le cadeau parfait pour quelqu'un qui a d\u00e9j\u00e0 tout ? Ce pendentif en cuir est un excellent choix. Il est \u00e0 la fois \u00e9l\u00e9gant et personnel, ce qui en fait un cadeau pr\u00e9cieux. De plus, c'est un choix respectueux de l'environnement, ce qui le rend encore plus sp\u00e9cial. D\u00e9couvrez d'autres <a href=\"https:\/\/jjcustomworks.se\/fr\/magasin\/\">Produits en cuir faits \u00e0 la main<\/a> dans notre boutique. Trouvez des produits similaires dans notre <a href=\"https:\/\/jjcustomworks.se\/fr\/categorie-de-produit\/autres_produits\/other-jewelry\/\">cat\u00e9gorie bijoux<\/a>. Consultez notre gamme compl\u00e8te sur la <a href=\"https:\/\/jjcustomworks.se\/fr\/\">page d&#039;accueil<\/a>.<\/p>\n<h3><span class=\"ez-toc-section\" id=\"Choix_respectueux_de_lenvironnement\"><\/span>Choix respectueux de l&#8217;environnement<span class=\"ez-toc-section-end\"><\/span><\/h3>\n<p>Ce pendentif est fabriqu\u00e9 dans le respect de l'environnement. Le cuir provient de fermes su\u00e9doises o\u00f9 les animaux ont \u00e9t\u00e9 bien trait\u00e9s, et aucun produit chimique agressif n'a \u00e9t\u00e9 utilis\u00e9 lors du tannage. En choisissant ce pendentif, vous faites un choix conscient pour un avenir plus durable.<\/p>\n<h3><span class=\"ez-toc-section\" id=\"Specifications\"><\/span>Caract\u00e9ristiques:<span class=\"ez-toc-section-end\"><\/span><\/h3>\n<ul>\n<li>Mat\u00e9riau : Cuir T\u00e4rnsj\u00f6<\/li>\n<li>Diam\u00e8tre : environ 2,5 cm<\/li>\n<li>Police : Old English<\/li>\n<li>Fabriqu\u00e9 en Su\u00e8de<\/li>\n<\/ul>","protected":false},"excerpt":{"rendered":"<p>Pendentif de qualit\u00e9 fabriqu\u00e9 \u00e0 la main en Su\u00e8de \u00e0 partir de cuir su\u00e9dois tann\u00e9 v\u00e9g\u00e9tal<\/p>","protected":false},"featured_media":59652,"template":"","meta":[],"product_brand":[],"product_cat":[9499],"product_tag":[],"class_list":{"0":"post-59653","1":"product","2":"type-product","3":"status-publish","4":"has-post-thumbnail","6":"product_cat-handgjorda-smycken","8":"first","9":"instock","10":"sale","11":"taxable","12":"shipping-taxable","13":"purchasable","14":"product-type-simple"},"_links":{"self":[{"href":"https:\/\/jjcustomworks.se\/fr\/wp-json\/wp\/v2\/product\/59653","targetHints":{"allow":["GET"]}}],"collection":[{"href":"https:\/\/jjcustomworks.se\/fr\/wp-json\/wp\/v2\/product"}],"about":[{"href":"https:\/\/jjcustomworks.se\/fr\/wp-json\/wp\/v2\/types\/product"}],"wp:featuredmedia":[{"embeddable":true,"href":"https:\/\/jjcustomworks.se\/fr\/wp-json\/wp\/v2\/media\/59652"}],"wp:attachment":[{"href":"https:\/\/jjcustomworks.se\/fr\/wp-json\/wp\/v2\/media?parent=59653"}],"wp:term":[{"taxonomy":"product_brand","embeddable":true,"href":"https:\/\/jjcustomworks.se\/fr\/wp-json\/wp\/v2\/product_brand?post=59653"},{"taxonomy":"product_cat","embeddable":true,"href":"https:\/\/jjcustomworks.se\/fr\/wp-json\/wp\/v2\/product_cat?post=59653"},{"taxonomy":"product_tag","embeddable":true,"href":"https:\/\/jjcustomworks.se\/fr\/wp-json\/wp\/v2\/product_tag?post=59653"}],"curies":[{"name":"wp","href":"https:\/\/api.w.org\/{rel}","templated":true}]}}