{"id":59650,"date":"2025-03-14T14:54:31","date_gmt":"2025-03-14T13:54:31","guid":{"rendered":"https:\/\/jjcustomworks.se\/product\/handmade-pendant-from-swedish-quality-leather-9\/"},"modified":"2025-11-22T21:08:50","modified_gmt":"2025-11-22T20:08:50","slug":"pendentif-cuir-fait-main-suede","status":"publish","type":"product","link":"https:\/\/jjcustomworks.se\/fr\/produit\/pendentif-cuir-fait-main-suede\/","title":{"rendered":"Pendentif Cuir Fait Main Su\u00e8de | JJ Custom Works"},"content":{"rendered":"<h1><span class=\"ez-toc-section\" id=\"Pendentif_en_Cuir_Fait_Main_de_Suede\"><\/span>Pendentif en cuir fait main en Su\u00e8de<span class=\"ez-toc-section-end\"><\/span><\/h1>\n<h2><span class=\"ez-toc-section\" id=\"Un_bijou_unique_et_ecologique\"><\/span>Un bijou unique et \u00e9cologique<span class=\"ez-toc-section-end\"><\/span><\/h2>\n<p>Ce pendentif fait main de JJ Custom Works est fabriqu\u00e9 en cuir de T\u00e4rnsj\u00f6, garantissant une haute qualit\u00e9 et durabilit\u00e9. Avec un diam\u00e8tre d'environ 1 pouce, le pendentif est \u00e0 la fois simple et \u00e9l\u00e9gant, ce qui le rend adapt\u00e9 \u00e0 tous les styles et occasions. La police classique Old English conf\u00e8re au pendentif une \u00e9l\u00e9gance intemporelle, ce qui en fait un cadeau parfait pour quelqu'un qui a d\u00e9j\u00e0 tout.<\/p>\n\n<h3><span class=\"ez-toc-section\" id=\"Pourquoi_choisir_ce_pendentif_en_cuir\"><\/span>Pourquoi choisir ce pendentif en cuir ?<span class=\"ez-toc-section-end\"><\/span><\/h3>\n<ul>\n  <li><strong>Fabriqu\u00e9 \u00e0 la main en Su\u00e8de :<\/strong> Chaque pendentif est soigneusement fabriqu\u00e9 \u00e0 la main, ce qui donne \u00e0 chaque bijou une touche unique.<\/li>\n  <li><strong>Cuir de T\u00e4rnsj\u00f6 de Haute Qualit\u00e9 :<\/strong> Le cuir de T\u00e4rnsj\u00f6 garantit un pendentif durable et magnifique.<\/li>\n  <li><strong>Choix \u00e9cologique :<\/strong> Le cuir provient de fermes su\u00e9doises o\u00f9 les animaux sont bien trait\u00e9s et tann\u00e9s sans utiliser de produits chimiques nocifs.<\/li>\n  <li><strong>Design Intemporel :<\/strong> Le design simple et \u00e9l\u00e9gant rend le pendentif adapt\u00e9 \u00e0 tous et \u00e0 tout.<\/li>\n  <li><strong>Cadeau parfait :<\/strong> Un bijou unique et personnel qui est parfait comme cadeau pour quelqu'un de sp\u00e9cial.<\/li>\n<\/ul>\n\n<p>Ce pendentif en cuir n'est pas seulement un beau bijou, mais aussi un choix conscient pour l'environnement. En choisissant ce pendentif, vous soutenez les fermes su\u00e9doises et la production durable. Commandez votre pendentif en cuir fait main d\u00e8s aujourd'hui et portez-le avec fiert\u00e9 !<\/p>\n<p>D\u00e9couvrez les autres <a href=\"https:\/\/jjcustomworks.se\/fr\/magasin\/\">produits en cuir faits \u00e0 la main<\/a> dans notre collection. Visitez notre <a href=\"https:\/\/jjcustomworks.se\/fr\/categorie-de-produit\/autres_produits\/other-jewelry\/\">cat\u00e9gorie bijoux<\/a> pour voir des produits similaires, ou visitez notre <a href=\"https:\/\/jjcustomworks.se\/fr\/\">page d&#039;accueil<\/a> pour toute notre gamme.<\/p>","protected":false},"excerpt":{"rendered":"<p>Pendentif de qualit\u00e9 fabriqu\u00e9 \u00e0 la main en Su\u00e8de \u00e0 partir de cuir su\u00e9dois tann\u00e9 v\u00e9g\u00e9tal<\/p>","protected":false},"featured_media":59642,"template":"","meta":[],"product_brand":[],"product_cat":[9499],"product_tag":[],"class_list":{"0":"post-59650","1":"product","2":"type-product","3":"status-publish","4":"has-post-thumbnail","6":"product_cat-handgjorda-smycken","8":"first","9":"instock","10":"sale","11":"taxable","12":"shipping-taxable","13":"purchasable","14":"product-type-simple"},"_links":{"self":[{"href":"https:\/\/jjcustomworks.se\/fr\/wp-json\/wp\/v2\/product\/59650","targetHints":{"allow":["GET"]}}],"collection":[{"href":"https:\/\/jjcustomworks.se\/fr\/wp-json\/wp\/v2\/product"}],"about":[{"href":"https:\/\/jjcustomworks.se\/fr\/wp-json\/wp\/v2\/types\/product"}],"wp:featuredmedia":[{"embeddable":true,"href":"https:\/\/jjcustomworks.se\/fr\/wp-json\/wp\/v2\/media\/59642"}],"wp:attachment":[{"href":"https:\/\/jjcustomworks.se\/fr\/wp-json\/wp\/v2\/media?parent=59650"}],"wp:term":[{"taxonomy":"product_brand","embeddable":true,"href":"https:\/\/jjcustomworks.se\/fr\/wp-json\/wp\/v2\/product_brand?post=59650"},{"taxonomy":"product_cat","embeddable":true,"href":"https:\/\/jjcustomworks.se\/fr\/wp-json\/wp\/v2\/product_cat?post=59650"},{"taxonomy":"product_tag","embeddable":true,"href":"https:\/\/jjcustomworks.se\/fr\/wp-json\/wp\/v2\/product_tag?post=59650"}],"curies":[{"name":"wp","href":"https:\/\/api.w.org\/{rel}","templated":true}]}}