{"id":59647,"date":"2025-03-14T14:54:30","date_gmt":"2025-03-14T13:54:30","guid":{"rendered":"https:\/\/jjcustomworks.se\/product\/handmade-pendant-from-swedish-quality-leather-7\/"},"modified":"2025-11-22T16:57:50","modified_gmt":"2025-11-22T15:57:50","slug":"pendentif-en-cuir-fait-main-tarnsjo-5","status":"publish","type":"product","link":"https:\/\/jjcustomworks.se\/fr\/produit\/pendentif-en-cuir-fait-main-tarnsjo-5\/","title":{"rendered":"Pendentif en Cuir Fait Main en Cuir Su\u00e9dois T\u00e4rnsj\u00f6 | JJ Custom Works"},"content":{"rendered":"<h1><span class=\"ez-toc-section\" id=\"Pendentif_en_Cuir_Fait_Main_en_Cuir_Suedois_Tarnsjo\"><\/span>Pendentif en cuir fait main en cuir su\u00e9dois T\u00e4rnsj\u00f6<span class=\"ez-toc-section-end\"><\/span><\/h1>\n<h2><span class=\"ez-toc-section\" id=\"Pendentif_en_Cuir_Elegant_et_Simple_Fabrique_en_Suede\"><\/span>Pendentif en Cuir \u00c9l\u00e9gant et Simple Fabriqu\u00e9 en Su\u00e8de<span class=\"ez-toc-section-end\"><\/span><\/h2>\n<p>Ce pendentif fait main de JJ Custom Works est fabriqu\u00e9 \u00e0 partir de cuir T\u00e4rnsj\u00f6 tann\u00e9 v\u00e9g\u00e9talement. Le pendentif mesure environ 2,5 cm de diam\u00e8tre et est orn\u00e9 d'une lettre dans une police Old English \u00e9l\u00e9gante. La simplicit\u00e9 du design le rend adapt\u00e9 \u00e0 tous les styles et occasions.<\/p>\n\n<h3><span class=\"ez-toc-section\" id=\"Cuir_de_Haute_Qualite_de_Tarnsjo\"><\/span>Cuir de Haute Qualit\u00e9 de T\u00e4rnsj\u00f6<span class=\"ez-toc-section-end\"><\/span><\/h3>\n<p>Le cuir T\u00e4rnsj\u00f6 est r\u00e9put\u00e9 pour sa haute qualit\u00e9 et sa durabilit\u00e9. Le processus de tannage v\u00e9g\u00e9tal garantit qu'aucun produit chimique nocif n'est utilis\u00e9, ce qui fait du pendentif un choix respectueux de l'environnement.  Cuir provenant de fermes su\u00e9doises o\u00f9 les animaux ont \u00e9t\u00e9 bien trait\u00e9s!<\/p>\n\n<h3><span class=\"ez-toc-section\" id=\"Cadeau_Parfait\"><\/span>Cadeau parfait<span class=\"ez-toc-section-end\"><\/span><\/h3>\n<p>Vous cherchez un cadeau unique et attentionn\u00e9 ? Ce pendentif en cuir est le cadeau id\u00e9al pour quelqu'un qui appr\u00e9cie la qualit\u00e9, l'artisanat et la durabilit\u00e9. C'est un excellent cadeau pour quelqu'un qui a tout!<\/p>\n\n<h3><span class=\"ez-toc-section\" id=\"Choix_Ecologique\"><\/span>Choix \u00e9cologique<span class=\"ez-toc-section-end\"><\/span><\/h3>\n<p>En choisissant ce pendentif, vous contribuez \u00e0 une consommation plus durable. Le cuir provient de fermes su\u00e9doises o\u00f9 les animaux ont \u00e9t\u00e9 bien trait\u00e9s et le tannage se fait sans utiliser de produits chimiques nocifs.<\/p>\n\n<ul>\n <li>Fabriqu\u00e9 \u00e0 la main en Su\u00e8de<\/li>\n <li>Fabriqu\u00e9 en cuir T\u00e4rnsj\u00f6<\/li>\n <li>Diam\u00e8tre : env. 2,5 cm<\/li>\n <li>Lettre en vieil anglais<\/li>\n <li>Cuir tann\u00e9 v\u00e9g\u00e9talement<\/li>\n <li>Choix \u00e9cologique<\/li>\n<\/ul>\n\n<p>D\u00e9couvrez les autres <a href=\"https:\/\/jjcustomworks.se\/fr\/magasin\/\">produits en cuir faits \u00e0 la main<\/a> de JJ Custom Works. Explorez notre gamme de <a href=\"https:\/\/jjcustomworks.se\/fr\/categorie-de-produit\/autres_produits\/other-jewelry\/\">colliers en cuir<\/a> et trouvez votre pr\u00e9f\u00e9r\u00e9. Visitez <a href=\"https:\/\/jjcustomworks.se\/fr\/\">Travaux personnalis\u00e9s JJ<\/a> pour voir toute notre s\u00e9lection.<\/p>","protected":false},"excerpt":{"rendered":"<p>Pendentif de qualit\u00e9 fabriqu\u00e9 \u00e0 la main en Su\u00e8de \u00e0 partir de cuir su\u00e9dois tann\u00e9 v\u00e9g\u00e9tal<\/p>","protected":false},"featured_media":59645,"template":"","meta":[],"product_brand":[],"product_cat":[9499],"product_tag":[],"class_list":{"0":"post-59647","1":"product","2":"type-product","3":"status-publish","4":"has-post-thumbnail","6":"product_cat-handgjorda-smycken","8":"first","9":"instock","10":"sale","11":"taxable","12":"shipping-taxable","13":"purchasable","14":"product-type-simple"},"_links":{"self":[{"href":"https:\/\/jjcustomworks.se\/fr\/wp-json\/wp\/v2\/product\/59647","targetHints":{"allow":["GET"]}}],"collection":[{"href":"https:\/\/jjcustomworks.se\/fr\/wp-json\/wp\/v2\/product"}],"about":[{"href":"https:\/\/jjcustomworks.se\/fr\/wp-json\/wp\/v2\/types\/product"}],"wp:featuredmedia":[{"embeddable":true,"href":"https:\/\/jjcustomworks.se\/fr\/wp-json\/wp\/v2\/media\/59645"}],"wp:attachment":[{"href":"https:\/\/jjcustomworks.se\/fr\/wp-json\/wp\/v2\/media?parent=59647"}],"wp:term":[{"taxonomy":"product_brand","embeddable":true,"href":"https:\/\/jjcustomworks.se\/fr\/wp-json\/wp\/v2\/product_brand?post=59647"},{"taxonomy":"product_cat","embeddable":true,"href":"https:\/\/jjcustomworks.se\/fr\/wp-json\/wp\/v2\/product_cat?post=59647"},{"taxonomy":"product_tag","embeddable":true,"href":"https:\/\/jjcustomworks.se\/fr\/wp-json\/wp\/v2\/product_tag?post=59647"}],"curies":[{"name":"wp","href":"https:\/\/api.w.org\/{rel}","templated":true}]}}