{"id":59641,"date":"2025-03-14T14:54:28","date_gmt":"2025-03-14T13:54:28","guid":{"rendered":"https:\/\/jjcustomworks.se\/product\/handmade-pendant-from-swedish-quality-leather-6\/"},"modified":"2025-11-22T16:57:45","modified_gmt":"2025-11-22T15:57:45","slug":"pendentif-en-cuir-fait-main-tarnsjo-6","status":"publish","type":"product","link":"https:\/\/jjcustomworks.se\/fr\/produit\/pendentif-en-cuir-fait-main-tarnsjo-6\/","title":{"rendered":"Pendentif en Cuir Fait Main | JJ Custom Works"},"content":{"rendered":"<h1><span class=\"ez-toc-section\" id=\"Pendentif_en_Cuir_Fait_Main_de_Suede\"><\/span>Pendentif en cuir fait main en Su\u00e8de<span class=\"ez-toc-section-end\"><\/span><\/h1>\n<h2><span class=\"ez-toc-section\" id=\"Design_Unique_et_Materiau_Durable\"><\/span>Design Unique et Mat\u00e9riau Durable<span class=\"ez-toc-section-end\"><\/span><\/h2>\n<p>Ce pendentif fait main de JJ Custom Works est fabriqu\u00e9 en cuir de T\u00e4rnsj\u00f6 et a un diam\u00e8tre d'environ 1 pouce. Le pendentif est orn\u00e9 d'une lettre en police Old English, ce qui lui donne une touche classique et personnelle. Le design est simple et \u00e9l\u00e9gant, ce qui le rend adapt\u00e9 \u00e0 tous les styles et \u00e0 toutes les occasions. Ce pendentif unique est le cadeau parfait pour quelqu'un qui a d\u00e9j\u00e0 tout. Choisissez un bijou qui dure longtemps, tout en prot\u00e9geant l'environnement. D\u00e9couvrez d'autres <a href=\"https:\/\/jjcustomworks.se\/fr\/magasin\/\">bijoux uniques d'artisans locaux<\/a>.<\/p>\n\n<h3><span class=\"ez-toc-section\" id=\"Ecologique_et_Ethique\"><\/span>\u00c9cologique et \u00c9thique<span class=\"ez-toc-section-end\"><\/span><\/h3>\n<p>Le pendentif est un choix respectueux de l'environnement car le cuir provient de fermes su\u00e9doises o\u00f9 les animaux ont \u00e9t\u00e9 bien trait\u00e9s. Aucun produit chimique n'est utilis\u00e9 dans le processus de tannage, ce qui rend le produit encore plus \u00e9cologique. En choisissant ce pendentif, vous contribuez \u00e0 une consommation plus durable. Explorez notre large gamme d'<a href=\"https:\/\/jjcustomworks.se\/fr\/categorie-de-produit\/autres_produits\/other-jewelry\/\">accessoires durables<\/a> et faites un choix conscient.<\/p>\n\n<h3><span class=\"ez-toc-section\" id=\"Parfait_comme_Cadeau\"><\/span>Parfait comme cadeau<span class=\"ez-toc-section-end\"><\/span><\/h3>\n<ul>\n  <li>Fabriqu\u00e9 \u00e0 la main en cuir de T\u00e4rnsj\u00f6<\/li>\n  <li>Environ 1 pouce de diam\u00e8tre<\/li>\n  <li>Lettre en vieil anglais<\/li>\n  <li>Convient \u00e0 tout et \u00e0 tous<\/li>\n  <li>Bon choix environnemental<\/li>\n  <li>Cuir provenant de fermes su\u00e9doises<\/li>\n  <li>Aucun produit chimique dans le tannage<\/li>\n<\/ul>\n<p>Ce pendentif n'est pas seulement un bijou, c'est aussi une d\u00e9claration. Il montre que vous appr\u00e9ciez la qualit\u00e9, la durabilit\u00e9 et l'artisanat su\u00e9dois. Offrez un pendentif qui est \u00e0 la fois beau et a une bonne histoire. Visitez <a href=\"https:\/\/jjcustomworks.se\/fr\/\">notre site Web<\/a> pour voir toute notre gamme.<\/p>","protected":false},"excerpt":{"rendered":"<p>Pendentif de qualit\u00e9 fabriqu\u00e9 \u00e0 la main en Su\u00e8de \u00e0 partir de cuir su\u00e9dois tann\u00e9 v\u00e9g\u00e9tal<\/p>","protected":false},"featured_media":59639,"template":"","meta":[],"product_brand":[],"product_cat":[9499],"product_tag":[],"class_list":{"0":"post-59641","1":"product","2":"type-product","3":"status-publish","4":"has-post-thumbnail","6":"product_cat-handgjorda-smycken","8":"first","9":"instock","10":"sale","11":"taxable","12":"shipping-taxable","13":"purchasable","14":"product-type-simple"},"_links":{"self":[{"href":"https:\/\/jjcustomworks.se\/fr\/wp-json\/wp\/v2\/product\/59641","targetHints":{"allow":["GET"]}}],"collection":[{"href":"https:\/\/jjcustomworks.se\/fr\/wp-json\/wp\/v2\/product"}],"about":[{"href":"https:\/\/jjcustomworks.se\/fr\/wp-json\/wp\/v2\/types\/product"}],"wp:featuredmedia":[{"embeddable":true,"href":"https:\/\/jjcustomworks.se\/fr\/wp-json\/wp\/v2\/media\/59639"}],"wp:attachment":[{"href":"https:\/\/jjcustomworks.se\/fr\/wp-json\/wp\/v2\/media?parent=59641"}],"wp:term":[{"taxonomy":"product_brand","embeddable":true,"href":"https:\/\/jjcustomworks.se\/fr\/wp-json\/wp\/v2\/product_brand?post=59641"},{"taxonomy":"product_cat","embeddable":true,"href":"https:\/\/jjcustomworks.se\/fr\/wp-json\/wp\/v2\/product_cat?post=59641"},{"taxonomy":"product_tag","embeddable":true,"href":"https:\/\/jjcustomworks.se\/fr\/wp-json\/wp\/v2\/product_tag?post=59641"}],"curies":[{"name":"wp","href":"https:\/\/api.w.org\/{rel}","templated":true}]}}