{"id":59640,"date":"2025-03-14T14:54:27","date_gmt":"2025-03-14T13:54:27","guid":{"rendered":"https:\/\/jjcustomworks.se\/product\/handmade-pendant-from-swedish-quality-leather-5\/"},"modified":"2025-11-22T21:09:00","modified_gmt":"2025-11-22T20:09:00","slug":"pendentif-en-cuir-fait-main-de-tarnsjo","status":"publish","type":"product","link":"https:\/\/jjcustomworks.se\/fr\/produit\/pendentif-en-cuir-fait-main-de-tarnsjo\/","title":{"rendered":"Pendentif en Cuir Fait Main de T\u00e4rnsj\u00f6 | JJ Custom Works"},"content":{"rendered":"<h1><span class=\"ez-toc-section\" id=\"Pendentif_en_Cuir_Fait_Main_de_Tarnsjo\"><\/span>Pendentif en Cuir Fait Main de T\u00e4rnsj\u00f6<span class=\"ez-toc-section-end\"><\/span><\/h1>\n<h2><span class=\"ez-toc-section\" id=\"Un_pendentif_unique_et_elegant_fabrique_en_Suede\"><\/span>Un pendentif unique et \u00e9l\u00e9gant fabriqu\u00e9 en Su\u00e8de<span class=\"ez-toc-section-end\"><\/span><\/h2>\n<p>Ce pendentif fait main de JJ Custom Works est fabriqu\u00e9 \u00e0 partir de cuir T\u00e4rnsj\u00f6 de haute qualit\u00e9. Le pendentif mesure environ 2,5 cm de diam\u00e8tre et comporte une lettre en police Old English. Son design simple et \u00e9l\u00e9gant le rend adapt\u00e9 \u00e0 tout et \u00e0 tous.<\/p>\n<h3><span class=\"ez-toc-section\" id=\"Cadeau_Parfait\"><\/span>Cadeau parfait<span class=\"ez-toc-section-end\"><\/span><\/h3>\n<p>Vous cherchez le cadeau parfait pour quelqu'un qui a d\u00e9j\u00e0 tout ? Ce pendentif en cuir est un excellent choix. Il est \u00e0 la fois unique, \u00e9l\u00e9gant et fabriqu\u00e9 avec soin.<\/p>\n<h3><span class=\"ez-toc-section\" id=\"Choix_Ecologique\"><\/span>Choix \u00e9cologique<span class=\"ez-toc-section-end\"><\/span><\/h3>\n<p>Le pendentif est fabriqu\u00e9 \u00e0 partir de cuir provenant de fermes su\u00e9doises o\u00f9 les animaux ont \u00e9t\u00e9 bien trait\u00e9s. De plus, aucun produit chimique n'est utilis\u00e9 dans le processus de tannage, ce qui en fait un bon choix pour l'environnement. En choisissant ce pendentif, vous contribuez \u00e0 une consommation plus durable.<\/p>\n<ul>\n <li>Fabriqu\u00e9 \u00e0 la main en Su\u00e8de<\/li>\n <li>Fabriqu\u00e9 en cuir T\u00e4rnsj\u00f6<\/li>\n <li>Environ 2,5 cm de diam\u00e8tre<\/li>\n <li>Lettre en vieil anglais<\/li>\n <li>Convient \u00e0 tout et \u00e0 tous<\/li>\n <li>Bon choix environnemental<\/li>\n <li>Cuir provenant de fermes su\u00e9doises<\/li>\n <li>Aucun produit chimique utilis\u00e9 dans le tannage<\/li>\n<\/ul>\n<p>D\u00e9couvrez les autres <a href=\"https:\/\/jjcustomworks.se\/fr\/magasin\/\">objets artisanaux en cuir uniques<\/a> dans notre boutique. Consultez notre large gamme d'<a href=\"https:\/\/jjcustomworks.se\/fr\/categorie-de-produit\/autres_produits\/other-jewelry\/\">accessoires<\/a> et trouvez le d\u00e9tail parfait. Visitez <a href=\"https:\/\/jjcustomworks.se\/fr\/\">notre site Web<\/a> pour voir toute la collection de JJ Custom Works.<\/p>","protected":false},"excerpt":{"rendered":"<p>Pendentif de qualit\u00e9 fabriqu\u00e9 \u00e0 la main en Su\u00e8de \u00e0 partir de cuir su\u00e9dois tann\u00e9 v\u00e9g\u00e9tal<\/p>","protected":false},"featured_media":59637,"template":"","meta":[],"product_brand":[],"product_cat":[9499],"product_tag":[],"class_list":{"0":"post-59640","1":"product","2":"type-product","3":"status-publish","4":"has-post-thumbnail","6":"product_cat-handgjorda-smycken","8":"first","9":"instock","10":"sale","11":"taxable","12":"shipping-taxable","13":"purchasable","14":"product-type-simple"},"_links":{"self":[{"href":"https:\/\/jjcustomworks.se\/fr\/wp-json\/wp\/v2\/product\/59640","targetHints":{"allow":["GET"]}}],"collection":[{"href":"https:\/\/jjcustomworks.se\/fr\/wp-json\/wp\/v2\/product"}],"about":[{"href":"https:\/\/jjcustomworks.se\/fr\/wp-json\/wp\/v2\/types\/product"}],"wp:featuredmedia":[{"embeddable":true,"href":"https:\/\/jjcustomworks.se\/fr\/wp-json\/wp\/v2\/media\/59637"}],"wp:attachment":[{"href":"https:\/\/jjcustomworks.se\/fr\/wp-json\/wp\/v2\/media?parent=59640"}],"wp:term":[{"taxonomy":"product_brand","embeddable":true,"href":"https:\/\/jjcustomworks.se\/fr\/wp-json\/wp\/v2\/product_brand?post=59640"},{"taxonomy":"product_cat","embeddable":true,"href":"https:\/\/jjcustomworks.se\/fr\/wp-json\/wp\/v2\/product_cat?post=59640"},{"taxonomy":"product_tag","embeddable":true,"href":"https:\/\/jjcustomworks.se\/fr\/wp-json\/wp\/v2\/product_tag?post=59640"}],"curies":[{"name":"wp","href":"https:\/\/api.w.org\/{rel}","templated":true}]}}