{"id":59636,"date":"2025-03-14T14:54:24","date_gmt":"2025-03-14T13:54:24","guid":{"rendered":"https:\/\/jjcustomworks.se\/product\/handmade-pendant-of-swedish-leather-with-old-english-letter\/"},"modified":"2025-11-22T21:10:39","modified_gmt":"2025-11-22T20:10:39","slug":"pendentif-cuir-fait-main-tarnsjo-3","status":"publish","type":"product","link":"https:\/\/jjcustomworks.se\/fr\/produit\/pendentif-cuir-fait-main-tarnsjo-3\/","title":{"rendered":"Pendentif en Cuir Fait Main avec Initiale | JJ Custom Works"},"content":{"rendered":"<h1><span class=\"ez-toc-section\" id=\"Pendentif_en_Cuir_Fait_Main_en_Cuir_Suedois_Tarnsjo\"><\/span>Pendentif en cuir fait main en cuir su\u00e9dois T\u00e4rnsj\u00f6<span class=\"ez-toc-section-end\"><\/span><\/h1>\n<h2><span class=\"ez-toc-section\" id=\"Pendentif_Elegant_avec_une_Touche_Personnelle\"><\/span>Pendentif \u00c9l\u00e9gant avec une Touche Personnelle<span class=\"ez-toc-section-end\"><\/span><\/h2>\n<p>Ce pendentif \u00e9l\u00e9gant est fabriqu\u00e9 \u00e0 la main en Su\u00e8de \u00e0 partir de cuir T\u00e4rnsj\u00f6 de haute qualit\u00e9 et tann\u00e9 v\u00e9g\u00e9talement. Le pendentif est orn\u00e9 d'une lettre estampill\u00e9e dans une police Old English classique, ce qui lui conf\u00e8re une touche personnelle et intemporelle. Parfait comme cadeau ou comme d\u00e9tail unique pour vous-m\u00eame !<\/p>\n<h3><span class=\"ez-toc-section\" id=\"Accessoire_Polyvalent\"><\/span>Accessoire Polyvalent<span class=\"ez-toc-section-end\"><\/span><\/h3>\n<p>Le cuir provient de fermes su\u00e9doises avec un \u00e9levage de classe mondiale, ce qui fait du pendentif un choix \u00e9cologique et respectueux des animaux. Avec un diam\u00e8tre d'environ 2,5 cm et une \u00e9paisseur d'environ 3 mm, le pendentif est parfait pour \u00eatre attach\u00e9 \u00e0 un collier, un bracelet, un sac ou un porte-cl\u00e9s. Seule l'imagination fixe les limites !<\/p>\n<ul>\n  <li>Fabriqu\u00e9 en cuir su\u00e9dois T\u00e4rnsj\u00f6<\/li>\n  <li>Tannage v\u00e9g\u00e9tal (sans produits chimiques dangereux)<\/li>\n  <li>Lettre estampill\u00e9e en police Old English<\/li>\n  <li>Diam\u00e8tre : env. 2,5 cm<\/li>\n  <li>\u00c9paisseur : environ 3 mm<\/li>\n<\/ul>\n<h3><span class=\"ez-toc-section\" id=\"Choix_Ecologique_et_Respectueux_des_Animaux\"><\/span>Choix \u00e9cologique et respectueux des animaux<span class=\"ez-toc-section-end\"><\/span><\/h3>\n<p>Ce pendentif en cuir fait main n'est pas seulement un accessoire \u00e9l\u00e9gant, mais aussi un choix \u00e9cologique et respectueux des animaux. En choisissant ce pendentif, vous soutenez l'\u00e9levage su\u00e9dois et une production durable. Un choix parfait pour ceux qui appr\u00e9cient la qualit\u00e9, le style et le respect de l'environnement.<\/p>\n\n<p>D\u00e9couvrez les autres <a href=\"https:\/\/jjcustomworks.se\/fr\/magasin\/\">accessoires en cuir<\/a> uniques dans notre collection. Visitez notre <a href=\"https:\/\/jjcustomworks.se\/fr\/categorie-de-produit\/autres_produits\/replica-guns\/replica-western\/\">cat\u00e9gorie bijoux<\/a> pour voir notre large s\u00e9lection. Explorez toute notre gamme sur <a href=\"https:\/\/jjcustomworks.se\/fr\/\">notre site Web<\/a>.<\/p>","protected":false},"excerpt":{"rendered":"<p>Pendentif de qualit\u00e9 fabriqu\u00e9 \u00e0 la main en Su\u00e8de \u00e0 partir de cuir su\u00e9dois tann\u00e9 v\u00e9g\u00e9tal<\/p>","protected":false},"featured_media":62491,"template":"","meta":[],"product_brand":[],"product_cat":[9499],"product_tag":[],"class_list":{"0":"post-59636","1":"product","2":"type-product","3":"status-publish","4":"has-post-thumbnail","6":"product_cat-handgjorda-smycken","8":"first","9":"instock","10":"taxable","11":"shipping-taxable","12":"product-type-variable"},"_links":{"self":[{"href":"https:\/\/jjcustomworks.se\/fr\/wp-json\/wp\/v2\/product\/59636","targetHints":{"allow":["GET"]}}],"collection":[{"href":"https:\/\/jjcustomworks.se\/fr\/wp-json\/wp\/v2\/product"}],"about":[{"href":"https:\/\/jjcustomworks.se\/fr\/wp-json\/wp\/v2\/types\/product"}],"wp:featuredmedia":[{"embeddable":true,"href":"https:\/\/jjcustomworks.se\/fr\/wp-json\/wp\/v2\/media\/62491"}],"wp:attachment":[{"href":"https:\/\/jjcustomworks.se\/fr\/wp-json\/wp\/v2\/media?parent=59636"}],"wp:term":[{"taxonomy":"product_brand","embeddable":true,"href":"https:\/\/jjcustomworks.se\/fr\/wp-json\/wp\/v2\/product_brand?post=59636"},{"taxonomy":"product_cat","embeddable":true,"href":"https:\/\/jjcustomworks.se\/fr\/wp-json\/wp\/v2\/product_cat?post=59636"},{"taxonomy":"product_tag","embeddable":true,"href":"https:\/\/jjcustomworks.se\/fr\/wp-json\/wp\/v2\/product_tag?post=59636"}],"curies":[{"name":"wp","href":"https:\/\/api.w.org\/{rel}","templated":true}]}}