{"id":59633,"date":"2025-03-14T14:54:22","date_gmt":"2025-03-14T13:54:22","guid":{"rendered":"https:\/\/jjcustomworks.se\/product\/handmade-pendant-from-swedish-quality-leather-4\/"},"modified":"2025-11-22T21:09:42","modified_gmt":"2025-11-22T20:09:42","slug":"pendentif-en-cuir-fait-main-tarnsjo-cuir-2","status":"publish","type":"product","link":"https:\/\/jjcustomworks.se\/fr\/produit\/pendentif-en-cuir-fait-main-tarnsjo-cuir-2\/","title":{"rendered":"Pendentif en Cuir Fait Main | JJ Custom Works"},"content":{"rendered":"<h1><span class=\"ez-toc-section\" id=\"Pendentif_en_Cuir_Fait_Main_de_Suede\"><\/span>Pendentif en cuir fait main en Su\u00e8de<span class=\"ez-toc-section-end\"><\/span><\/h1>\n<h2><span class=\"ez-toc-section\" id=\"Design_Unique_et_Durabilite\"><\/span>Design Unique et Durabilit\u00e9<span class=\"ez-toc-section-end\"><\/span><\/h2>\n<p>Ce pendentif fait main de JJ Custom Works est fabriqu\u00e9 \u00e0 partir de cuir de T\u00e4rnsj\u00f6 et a un diam\u00e8tre d'environ 2,5 cm. Le pendentif est orn\u00e9 d'une lettre en police Old English, ce qui lui conf\u00e8re un style intemporel et \u00e9l\u00e9gant. Son design simple et \u00e9l\u00e9gant le rend adapt\u00e9 \u00e0 tout et \u00e0 tous, ce qui en fait un accessoire parfait pour le quotidien et les occasions sp\u00e9ciales. Cela en fait un excellent cadeau pour quelqu'un qui appr\u00e9cie les bijoux uniques et personnalis\u00e9s.<\/p>\n\n<h3><span class=\"ez-toc-section\" id=\"Choix_Respectueux_de_lEnvironnement\"><\/span>Choix Respectueux de l&#8217;Environnement<span class=\"ez-toc-section-end\"><\/span><\/h3>\n<p>En choisissant ce pendentif, vous faites un bon choix environnemental. Le cuir provient de fermes su\u00e9doises o\u00f9 les animaux ont \u00e9t\u00e9 bien trait\u00e9s, ce qui garantit une production \u00e9thique et durable. Aucun produit chimique n'est utilis\u00e9 dans le processus de tannage, ce qui minimise l'impact sur l'environnement et rend le pendentif doux pour la peau. Achetez ce pendentif unique d\u00e8s aujourd'hui !<\/p>\n\n<h3><span class=\"ez-toc-section\" id=\"Specifications\"><\/span>Caract\u00e9ristiques:<span class=\"ez-toc-section-end\"><\/span><\/h3>\n<ul>\n <li><strong>Mat\u00e9riel:<\/strong> Cuir de T\u00e4rnsj\u00f6<\/li>\n <li><strong>Diam\u00e8tre:<\/strong> Environ 2,5 cm<\/li>\n <li><strong>Conception :<\/strong> Lettre en vieil anglais<\/li>\n <li><strong>Origine:<\/strong> Fabriqu\u00e9 \u00e0 la main en Su\u00e8de<\/li>\n <li><strong>Environnement:<\/strong> Cuir provenant de fermes su\u00e9doises, tannage sans produits chimiques<\/li>\n<\/ul>\n\n<p>D\u00e9couvrez notre gamme de<a href=\"https:\/\/jjcustomworks.se\/fr\/magasin\/\">autres produits en cuir faits main<\/a> et trouvez quelque chose qui vous convient. Visitez notre <a href=\"https:\/\/jjcustomworks.se\/fr\/categorie-de-produit\/autres_produits\/other-jewelry\/\">collection de bijoux<\/a> pour d\u00e9couvrir d'autres accessoires uniques. Pour voir toute notre gamme, visitez <a href=\"https:\/\/jjcustomworks.se\/fr\/\">notre site Web<\/a>.<\/p>","protected":false},"excerpt":{"rendered":"<p>Pendentif de qualit\u00e9 fabriqu\u00e9 \u00e0 la main en Su\u00e8de \u00e0 partir de cuir su\u00e9dois tann\u00e9 v\u00e9g\u00e9tal<\/p>","protected":false},"featured_media":59626,"template":"","meta":[],"product_brand":[],"product_cat":[9499],"product_tag":[],"class_list":{"0":"post-59633","1":"product","2":"type-product","3":"status-publish","4":"has-post-thumbnail","6":"product_cat-handgjorda-smycken","8":"first","9":"instock","10":"sale","11":"taxable","12":"shipping-taxable","13":"purchasable","14":"product-type-simple"},"_links":{"self":[{"href":"https:\/\/jjcustomworks.se\/fr\/wp-json\/wp\/v2\/product\/59633","targetHints":{"allow":["GET"]}}],"collection":[{"href":"https:\/\/jjcustomworks.se\/fr\/wp-json\/wp\/v2\/product"}],"about":[{"href":"https:\/\/jjcustomworks.se\/fr\/wp-json\/wp\/v2\/types\/product"}],"wp:featuredmedia":[{"embeddable":true,"href":"https:\/\/jjcustomworks.se\/fr\/wp-json\/wp\/v2\/media\/59626"}],"wp:attachment":[{"href":"https:\/\/jjcustomworks.se\/fr\/wp-json\/wp\/v2\/media?parent=59633"}],"wp:term":[{"taxonomy":"product_brand","embeddable":true,"href":"https:\/\/jjcustomworks.se\/fr\/wp-json\/wp\/v2\/product_brand?post=59633"},{"taxonomy":"product_cat","embeddable":true,"href":"https:\/\/jjcustomworks.se\/fr\/wp-json\/wp\/v2\/product_cat?post=59633"},{"taxonomy":"product_tag","embeddable":true,"href":"https:\/\/jjcustomworks.se\/fr\/wp-json\/wp\/v2\/product_tag?post=59633"}],"curies":[{"name":"wp","href":"https:\/\/api.w.org\/{rel}","templated":true}]}}