{"id":59632,"date":"2025-03-14T14:54:21","date_gmt":"2025-03-14T13:54:21","guid":{"rendered":"https:\/\/jjcustomworks.se\/product\/handmade-pendant-from-swedish-quality-leather-3\/"},"modified":"2025-11-22T21:09:32","modified_gmt":"2025-11-22T20:09:32","slug":"pendentif-en-cuir-fait-main-avec-lettre","status":"publish","type":"product","link":"https:\/\/jjcustomworks.se\/fr\/produit\/pendentif-en-cuir-fait-main-avec-lettre\/","title":{"rendered":"Pendentif en Cuir Fait Main avec Lettre | JJ Custom Works"},"content":{"rendered":"<h1><span class=\"ez-toc-section\" id=\"Pendentif_en_Cuir_Fait_Main_avec_Lettre\"><\/span>Pendentif en Cuir Fait Main avec Lettre<span class=\"ez-toc-section-end\"><\/span><\/h1>\n<h2><span class=\"ez-toc-section\" id=\"Artisanat_suedois_avec_style\"><\/span>Artisanat su\u00e9dois avec style<span class=\"ez-toc-section-end\"><\/span><\/h2>\n<p>Ce pendentif fait main de JJ Custom Works est fabriqu\u00e9 en cuir de T\u00e4rnsj\u00f6 et a un diam\u00e8tre d'environ 1 pouce. Le pendentif est orn\u00e9 d'une lettre en police Old English classique, ce qui lui donne une sensation intemporelle et \u00e9l\u00e9gante. Son design simple mais \u00e9l\u00e9gant le rend adapt\u00e9 \u00e0 tous et \u00e0 toutes les occasions.<\/p>\n<h3><span class=\"ez-toc-section\" id=\"Parfait_comme_cadeau\"><\/span>Parfait comme cadeau<span class=\"ez-toc-section-end\"><\/span><\/h3>\n<p>Vous cherchez le cadeau parfait pour quelqu'un qui a d\u00e9j\u00e0 tout ? Ce pendentif en cuir est un excellent choix. Il est unique, personnel et fabriqu\u00e9 avec soin.<\/p>\n<h3><span class=\"ez-toc-section\" id=\"Choix_ecologique\"><\/span>Choix \u00e9cologique<span class=\"ez-toc-section-end\"><\/span><\/h3>\n<p>Ce pendentif est non seulement \u00e9l\u00e9gant, mais c'est aussi un bon choix pour l'environnement. Le cuir provient de fermes su\u00e9doises o\u00f9 les animaux ont \u00e9t\u00e9 bien trait\u00e9s, et aucun produit chimique nocif n'a \u00e9t\u00e9 utilis\u00e9 dans le processus de tannage.<\/p>\n<ul>\n <li><strong>Mat\u00e9riel:<\/strong> Cuir de T\u00e4rnsj\u00f6<\/li>\n <li><strong>Diam\u00e8tre:<\/strong> Environ 1 pouce<\/li>\n <li><strong>Conception :<\/strong> Lettre en vieil anglais<\/li>\n <li><strong>Origine:<\/strong> Fabriqu\u00e9 \u00e0 la main en Su\u00e8de<\/li>\n <li><strong>Environnement:<\/strong> Fabriqu\u00e9 \u00e0 partir de cuir provenant de fermes su\u00e9doises sans produits chimiques dans le processus de tannage.<\/li>\n<\/ul>\n<p>Achetez un <a href=\"https:\/\/jjcustomworks.se\/fr\/magasin\/\">pendentif en cuir<\/a> unique d\u00e8s aujourd'hui et montrez votre souci du style et de l'environnement. Visitez notre <a href=\"https:\/\/jjcustomworks.se\/fr\/categorie-de-produit\/autres_produits\/other-jewelry\/\">collection de bijoux<\/a> pour plus d'options faites \u00e0 la main, ou explorez toute notre gamme chez <a href=\"https:\/\/jjcustomworks.se\/fr\/\">Travaux personnalis\u00e9s JJ<\/a>.<\/p>","protected":false},"excerpt":{"rendered":"<p>Pendentif de qualit\u00e9 fabriqu\u00e9 \u00e0 la main en Su\u00e8de \u00e0 partir de cuir su\u00e9dois tann\u00e9 v\u00e9g\u00e9tal<\/p>","protected":false},"featured_media":59629,"template":"","meta":[],"product_brand":[],"product_cat":[9499],"product_tag":[],"class_list":{"0":"post-59632","1":"product","2":"type-product","3":"status-publish","4":"has-post-thumbnail","6":"product_cat-handgjorda-smycken","8":"first","9":"instock","10":"sale","11":"taxable","12":"shipping-taxable","13":"purchasable","14":"product-type-simple"},"_links":{"self":[{"href":"https:\/\/jjcustomworks.se\/fr\/wp-json\/wp\/v2\/product\/59632","targetHints":{"allow":["GET"]}}],"collection":[{"href":"https:\/\/jjcustomworks.se\/fr\/wp-json\/wp\/v2\/product"}],"about":[{"href":"https:\/\/jjcustomworks.se\/fr\/wp-json\/wp\/v2\/types\/product"}],"wp:featuredmedia":[{"embeddable":true,"href":"https:\/\/jjcustomworks.se\/fr\/wp-json\/wp\/v2\/media\/59629"}],"wp:attachment":[{"href":"https:\/\/jjcustomworks.se\/fr\/wp-json\/wp\/v2\/media?parent=59632"}],"wp:term":[{"taxonomy":"product_brand","embeddable":true,"href":"https:\/\/jjcustomworks.se\/fr\/wp-json\/wp\/v2\/product_brand?post=59632"},{"taxonomy":"product_cat","embeddable":true,"href":"https:\/\/jjcustomworks.se\/fr\/wp-json\/wp\/v2\/product_cat?post=59632"},{"taxonomy":"product_tag","embeddable":true,"href":"https:\/\/jjcustomworks.se\/fr\/wp-json\/wp\/v2\/product_tag?post=59632"}],"curies":[{"name":"wp","href":"https:\/\/api.w.org\/{rel}","templated":true}]}}