{"id":59630,"date":"2025-03-14T14:54:20","date_gmt":"2025-03-14T13:54:20","guid":{"rendered":"https:\/\/jjcustomworks.se\/product\/perfect-point-2-pack-throwing-knives-5\/"},"modified":"2025-11-22T21:39:38","modified_gmt":"2025-11-22T20:39:38","slug":"perfect-point-2-couteaux-de-lancer-2","status":"publish","type":"product","link":"https:\/\/jjcustomworks.se\/fr\/produit\/perfect-point-2-couteaux-de-lancer-2\/","title":{"rendered":"PERFECT POINT - 2 Couteaux de Lancer | Haute Qualit\u00e9"},"content":{"rendered":"<h1>PERFECT POINT - 2 COUTEAUX \u00c0 LANCER<\/h1>\n<h2><span class=\"ez-toc-section\" id=\"Lancez_en_toute_securite_avec_ces_couteaux_de_lancer\"><\/span>Lancez en toute s\u00e9curit\u00e9 avec ces couteaux de lancer<span class=\"ez-toc-section-end\"><\/span><\/h2>\n<p>Ce lot de 2 couteaux de lancer de PERFECT POINT est parfait pour les d\u00e9butants et les lanceurs exp\u00e9riment\u00e9s. Avec une longueur totale de 9 pouces et une lame en forme de lance avec une finition bead blast, ces couteaux offrent un \u00e9quilibre et une pr\u00e9cision optimaux. L'ensemble comprend \u00e9galement un \u00e9tui en nylon pour un rangement et un transport en toute s\u00e9curit\u00e9. <a href=\"https:\/\/jjcustomworks.se\/fr\/magasin\/\">D\u00e9couvrez notre gamme d'autres couteaux de lancer<\/a>.<\/p>\n<h3><span class=\"ez-toc-section\" id=\"Specifications\"><\/span>Caract\u00e9ristiques:<span class=\"ez-toc-section-end\"><\/span><\/h3>\n<ul>\n <li><b>Longueur totale :<\/b> 9 pouces<\/li>\n <li><b>Type de lame:<\/b> Lame en forme de lance<\/li>\n <li><b>Finition:<\/b> Bead Blast<\/li>\n <li><b>Verrouillage:<\/b> Frame Lock<\/li>\n <li><b>Compris:<\/b> \u00c9tui en nylon<\/li>\n<\/ul>\n<p>Le lancer de couteau est un art et un sport qui peut \u00eatre amusant pour toute la famille. C'est relativement facile \u00e0 apprendre avec un peu de patience. Veuillez noter que ces couteaux ne sont pas des jouets et doivent \u00eatre manipul\u00e9s sous la surveillance d'un adulte. Une limite d'\u00e2ge de 18 ans s'applique \u00e0 l'achat. Ne lancez jamais en direction de personnes ou d'animaux et assurez-vous qu'aucun objet fragile ne se trouve \u00e0 proximit\u00e9 de la cible. <a href=\"https:\/\/jjcustomworks.se\/fr\/categorie-de-produit\/autres_produits\/other-jewelry\/\">Explorez plus de produits dans notre cat\u00e9gorie de couteaux de lancer<\/a>.<\/p>\n<p>Ces couteaux de lancer sont uniquement destin\u00e9s \u00e0 \u00eatre lanc\u00e9s sur des cibles appropri\u00e9es. Les couteaux plus petits de moins de 10 pouces qui ne p\u00e8sent pas beaucoup peuvent \u00eatre lanc\u00e9s sur des cibles de fl\u00e9chettes ordinaires. Pour les couteaux de comp\u00e9tition plus grands et plus lourds, une cible en bois est recommand\u00e9e. Plusieurs couches de carton peuvent \u00e9galement servir de bonne cible. Gardez \u00e0 l'esprit que l'acier peut rebondir sur l'acier et d'autres surfaces dures. Visitez <a href=\"https:\/\/jjcustomworks.se\/fr\/\">notre site Web<\/a> pour plus d&#039;informations.<\/p>","protected":false},"excerpt":{"rendered":"<p>PERFECT POINT &#8211; 2 COUTEAUX DE LANCER Lancez en toute s\u00e9curit\u00e9 avec ces couteaux de lancer Ce lot de 2 couteaux de lancer de PERFECT POINT est parfait pour les d\u00e9butants et les lanceurs exp\u00e9riment\u00e9s. Avec une longueur totale de 9 pouces et une lame en forme de lance avec une finition bead blast, ces [&#8230;]\n","protected":false},"featured_media":59614,"template":"","meta":[],"product_brand":[],"product_cat":[908],"product_tag":[],"class_list":{"0":"post-59630","1":"product","2":"type-product","3":"status-publish","4":"has-post-thumbnail","6":"product_cat-kastkniv","8":"first","9":"instock","10":"sale","11":"taxable","12":"shipping-taxable","13":"purchasable","14":"product-type-simple"},"_links":{"self":[{"href":"https:\/\/jjcustomworks.se\/fr\/wp-json\/wp\/v2\/product\/59630","targetHints":{"allow":["GET"]}}],"collection":[{"href":"https:\/\/jjcustomworks.se\/fr\/wp-json\/wp\/v2\/product"}],"about":[{"href":"https:\/\/jjcustomworks.se\/fr\/wp-json\/wp\/v2\/types\/product"}],"wp:featuredmedia":[{"embeddable":true,"href":"https:\/\/jjcustomworks.se\/fr\/wp-json\/wp\/v2\/media\/59614"}],"wp:attachment":[{"href":"https:\/\/jjcustomworks.se\/fr\/wp-json\/wp\/v2\/media?parent=59630"}],"wp:term":[{"taxonomy":"product_brand","embeddable":true,"href":"https:\/\/jjcustomworks.se\/fr\/wp-json\/wp\/v2\/product_brand?post=59630"},{"taxonomy":"product_cat","embeddable":true,"href":"https:\/\/jjcustomworks.se\/fr\/wp-json\/wp\/v2\/product_cat?post=59630"},{"taxonomy":"product_tag","embeddable":true,"href":"https:\/\/jjcustomworks.se\/fr\/wp-json\/wp\/v2\/product_tag?post=59630"}],"curies":[{"name":"wp","href":"https:\/\/api.w.org\/{rel}","templated":true}]}}