{"id":59628,"date":"2025-03-14T14:54:20","date_gmt":"2025-03-14T13:54:20","guid":{"rendered":"https:\/\/jjcustomworks.se\/product\/handmade-pendant-from-swedish-quality-leather-2\/"},"modified":"2025-11-22T21:08:39","modified_gmt":"2025-11-22T20:08:39","slug":"pendentif-en-cuir-fait-main-avec-lettre-2","status":"publish","type":"product","link":"https:\/\/jjcustomworks.se\/fr\/produit\/pendentif-en-cuir-fait-main-avec-lettre-2\/","title":{"rendered":"Pendentif en Cuir Fait Main avec Lettre | JJ Custom Works"},"content":{"rendered":"<h1><span class=\"ez-toc-section\" id=\"Pendentif_en_Cuir_Fait_Main_avec_Lettre\"><\/span>Pendentif en Cuir Fait Main avec Lettre<span class=\"ez-toc-section-end\"><\/span><\/h1>\n\n<h2><span class=\"ez-toc-section\" id=\"Pendentif_Suedois_Elegant_et_Durable\"><\/span>Pendentif su\u00e9dois \u00e9l\u00e9gant et durable<span class=\"ez-toc-section-end\"><\/span><\/h2>\n\n<p>Ce pendentif fait main de JJ Custom Works est confectionn\u00e9 en cuir T\u00e4rnsj\u00f6 de haute qualit\u00e9, d\u00e9gageant \u00e0 la fois simplicit\u00e9 et style. Avec un diam\u00e8tre d'environ 1 pouce, le pendentif est discret mais reste un accessoire expressif qui convient \u00e0 tous. Parfait comme cadeau ou pour se faire plaisir. D\u00e9couvrez notre s\u00e9lection de <a href=\"https:\/\/jjcustomworks.se\/fr\/magasin\/\">produits en cuir faits \u00e0 la main<\/a> qui compl\u00e8tent votre style.<\/p>\n\n<h3><span class=\"ez-toc-section\" id=\"Un_Choix_Durable_et_Ethique\"><\/span>Un Choix Durable et \u00c9thique<span class=\"ez-toc-section-end\"><\/span><\/h3>\n\n<p>Choisissez un bijou qui n'est pas seulement beau, mais aussi un choix respectueux de l'environnement. Le pendentif est fabriqu\u00e9 \u00e0 partir de cuir provenant de fermes su\u00e9doises o\u00f9 les animaux sont bien trait\u00e9s. Aucun produit chimique agressif n'est utilis\u00e9 lors du tannage, ce qui fait de ce pendentif un choix responsable. Pour plus d'informations sur nos pratiques durables, visitez notre collection d'<a href=\"https:\/\/jjcustomworks.se\/fr\/categorie-de-produit\/autres_produits\/other-jewelry\/\">accessoires en cuir<\/a>.<\/p>\n\n<h3><span class=\"ez-toc-section\" id=\"Caracteristiques_et_Avantages\"><\/span>Caract\u00e9ristiques et avantages :<span class=\"ez-toc-section-end\"><\/span><\/h3>\n\n<ul>\n <li><strong>Fabriqu\u00e9 \u00e0 la main en Su\u00e8de :<\/strong> Chaque pendentif est fabriqu\u00e9 de mani\u00e8re unique avec soin et pr\u00e9cision.<\/li>\n <li><strong>Cuir Tarnsj\u00f6 :<\/strong> Cuir de haute qualit\u00e9 reconnu pour sa durabilit\u00e9 et son beau vieillissement.<\/li>\n <li><strong>Police en vieil anglais :<\/strong> Un style classique et \u00e9l\u00e9gant pour la lettre sur le pendentif.<\/li>\n <li><strong>\u00c9cologique:<\/strong> Fabriqu\u00e9 avec du cuir provenant de fermes su\u00e9doises et sans produits chimiques agressifs lors du tannage.<\/li>\n <li><strong>Cadeau parfait :<\/strong> Un cadeau attentionn\u00e9 et personnel pour quelqu&#039;un de sp\u00e9cial.<\/li>\n<\/ul>\n\n<p>Ce pendentif est plus qu'un simple bijou, c'est une d\u00e9claration. Une d\u00e9claration de qualit\u00e9, de durabilit\u00e9 et de savoir-faire su\u00e9dois. Explorez notre gamme et trouvez le pendentif parfait pour vous ou pour quelqu'un que vous aimez. Ne manquez pas nos autres <a href=\"https:\/\/jjcustomworks.se\/fr\/\">produits uniques<\/a> !<\/p>","protected":false},"excerpt":{"rendered":"<p>Pendentif de qualit\u00e9 fabriqu\u00e9 \u00e0 la main en Su\u00e8de \u00e0 partir de cuir su\u00e9dois tann\u00e9 v\u00e9g\u00e9tal<\/p>","protected":false},"featured_media":59627,"template":"","meta":[],"product_brand":[],"product_cat":[9499],"product_tag":[],"class_list":{"0":"post-59628","1":"product","2":"type-product","3":"status-publish","4":"has-post-thumbnail","6":"product_cat-handgjorda-smycken","8":"first","9":"instock","10":"sale","11":"taxable","12":"shipping-taxable","13":"purchasable","14":"product-type-simple"},"_links":{"self":[{"href":"https:\/\/jjcustomworks.se\/fr\/wp-json\/wp\/v2\/product\/59628","targetHints":{"allow":["GET"]}}],"collection":[{"href":"https:\/\/jjcustomworks.se\/fr\/wp-json\/wp\/v2\/product"}],"about":[{"href":"https:\/\/jjcustomworks.se\/fr\/wp-json\/wp\/v2\/types\/product"}],"wp:featuredmedia":[{"embeddable":true,"href":"https:\/\/jjcustomworks.se\/fr\/wp-json\/wp\/v2\/media\/59627"}],"wp:attachment":[{"href":"https:\/\/jjcustomworks.se\/fr\/wp-json\/wp\/v2\/media?parent=59628"}],"wp:term":[{"taxonomy":"product_brand","embeddable":true,"href":"https:\/\/jjcustomworks.se\/fr\/wp-json\/wp\/v2\/product_brand?post=59628"},{"taxonomy":"product_cat","embeddable":true,"href":"https:\/\/jjcustomworks.se\/fr\/wp-json\/wp\/v2\/product_cat?post=59628"},{"taxonomy":"product_tag","embeddable":true,"href":"https:\/\/jjcustomworks.se\/fr\/wp-json\/wp\/v2\/product_tag?post=59628"}],"curies":[{"name":"wp","href":"https:\/\/api.w.org\/{rel}","templated":true}]}}