{"id":59617,"date":"2025-03-14T14:54:07","date_gmt":"2025-03-14T13:54:07","guid":{"rendered":"https:\/\/jjcustomworks.se\/product\/sw-320h-samurai-sword\/"},"modified":"2025-10-17T03:27:03","modified_gmt":"2025-10-17T01:27:03","slug":"sw-320h-sabre-samourai","status":"publish","type":"product","link":"https:\/\/jjcustomworks.se\/fr\/produit\/sw-320h-sabre-samourai\/","title":{"rendered":"SW-320H Sabre Samoura\u00ef | Blades USA"},"content":{"rendered":"<h1><span class=\"ez-toc-section\" id=\"SW-320H_Sabre_Samourai\"><\/span>SW-320H Sabre Samurai<span class=\"ez-toc-section-end\"><\/span><\/h1>\n<h2><span class=\"ez-toc-section\" id=\"Authentique_sabre_de_samourai_avec_support\"><\/span>Authentique sabre de samoura\u00ef avec support<span class=\"ez-toc-section-end\"><\/span><\/h2>\n<p>D\u00e9couvrez la puissance et la tradition avec le sabre de samoura\u00ef SW-320H de Blades USA. Ce sabre impressionnant est parfait pour les collectionneurs, les passionn\u00e9s d'arts martiaux ou comme pi\u00e8ce d\u00e9corative unique. Avec sa longueur totale de 41,5 pouces et fabriqu\u00e9 en acier inoxydable, ce sabre combine esth\u00e9tique et durabilit\u00e9. De plus, un support de sabre \u00e9l\u00e9gant est inclus, ce qui facilite l'exposition de votre nouveau sabre de samoura\u00ef. Ne manquez pas la chance de poss\u00e9der un morceau de la culture samoura\u00ef\u00a0!<\/p>\n<h3><span class=\"ez-toc-section\" id=\"Specifications\"><\/span>Caract\u00e9ristiques:<span class=\"ez-toc-section-end\"><\/span><\/h3>\n<ul>\n <li>Longueur totale\u00a0: 41,5 pouces<\/li>\n <li>Mat\u00e9riau : acier inoxydable<\/li>\n <li>Inclus\u00a0: Support de sabre<\/li>\n<\/ul>\n<p>Ce sabre de samoura\u00ef, \u00e9galement connu sous le nom de \u00ab\u00a0Sabre de la mari\u00e9e\u00a0\u00bb, capture l'essence du design traditionnel des samoura\u00efs avec des mat\u00e9riaux modernes. L'acier inoxydable assure une nettet\u00e9 durable et une r\u00e9sistance \u00e0 la corrosion. Le support de sabre inclus facilite l'exposition de ce magnifique sabre dans votre maison ou votre bureau. <a href=\"https:\/\/jjcustomworks.se\/fr\/magasin\/\">D\u00e9couvrez notre s\u00e9lection d&#039;autres sabres uniques<\/a> pour compl\u00e9ter votre collection. Chaque d\u00e9tail est soigneusement con\u00e7u pour refl\u00e9ter l'honneur et la pr\u00e9cision du samoura\u00ef. Apprenez-en davantage sur <a href=\"https:\/\/jjcustomworks.se\/fr\/categorie-de-produit\/autres_produits\/other-jewelry\/\">nos sabres de samoura\u00ef<\/a> et trouvez le sabre parfait pour vous. Commandez votre sabre de samoura\u00ef SW-320H d\u00e8s aujourd'hui et d\u00e9couvrez l'esprit samoura\u00ef\u00a0!<\/p>\n<p>Ajoutez cet incroyable sabre de samoura\u00ef \u00e0 votre collection. Visitez <a href=\"https:\/\/jjcustomworks.se\/fr\/\">notre site Web<\/a> pour voir toute notre gamme\u00a0!<\/p>","protected":false},"excerpt":{"rendered":"<p>SW-320H Sabre Samoura\u00ef Authentique sabre de samoura\u00ef avec support D\u00e9couvrez la puissance et la tradition avec le sabre de samoura\u00ef SW-320H de Blades USA. Ce sabre impressionnant est parfait pour les collectionneurs, les passionn\u00e9s d&#8217;arts martiaux ou comme pi\u00e8ce d\u00e9corative unique. Avec sa longueur totale de 41,5 pouces et fabriqu\u00e9 en acier inoxydable, ce sabre [&#8230;]\n","protected":false},"featured_media":59613,"template":"","meta":[],"product_brand":[],"product_cat":[1275],"product_tag":[],"class_list":{"0":"post-59617","1":"product","2":"type-product","3":"status-publish","4":"has-post-thumbnail","6":"product_cat-swords-europe","8":"first","9":"outofstock","10":"taxable","11":"shipping-taxable","12":"purchasable","13":"product-type-simple"},"_links":{"self":[{"href":"https:\/\/jjcustomworks.se\/fr\/wp-json\/wp\/v2\/product\/59617","targetHints":{"allow":["GET"]}}],"collection":[{"href":"https:\/\/jjcustomworks.se\/fr\/wp-json\/wp\/v2\/product"}],"about":[{"href":"https:\/\/jjcustomworks.se\/fr\/wp-json\/wp\/v2\/types\/product"}],"wp:featuredmedia":[{"embeddable":true,"href":"https:\/\/jjcustomworks.se\/fr\/wp-json\/wp\/v2\/media\/59613"}],"wp:attachment":[{"href":"https:\/\/jjcustomworks.se\/fr\/wp-json\/wp\/v2\/media?parent=59617"}],"wp:term":[{"taxonomy":"product_brand","embeddable":true,"href":"https:\/\/jjcustomworks.se\/fr\/wp-json\/wp\/v2\/product_brand?post=59617"},{"taxonomy":"product_cat","embeddable":true,"href":"https:\/\/jjcustomworks.se\/fr\/wp-json\/wp\/v2\/product_cat?post=59617"},{"taxonomy":"product_tag","embeddable":true,"href":"https:\/\/jjcustomworks.se\/fr\/wp-json\/wp\/v2\/product_tag?post=59617"}],"curies":[{"name":"wp","href":"https:\/\/api.w.org\/{rel}","templated":true}]}}