{"id":59610,"date":"2025-03-14T14:54:04","date_gmt":"2025-03-14T13:54:04","guid":{"rendered":"https:\/\/jjcustomworks.se\/product\/sw-320e-samurai-sword\/"},"modified":"2025-11-08T19:09:00","modified_gmt":"2025-11-08T18:09:00","slug":"sw-320e-epee-de-samourai","status":"publish","type":"product","link":"https:\/\/jjcustomworks.se\/fr\/produit\/sw-320e-epee-de-samourai\/","title":{"rendered":"SW-320E \u00c9p\u00e9e de Samoura\u00ef | Blades USA"},"content":{"rendered":"<h1><span class=\"ez-toc-section\" id=\"SW-320E_Epee_de_Samourai\"><\/span>SW-320E \u00c9p\u00e9e de Samoura\u00ef<span class=\"ez-toc-section-end\"><\/span><\/h1>\n\n<h2><span class=\"ez-toc-section\" id=\"Epee_de_Samourai_Authentique_avec_un_Design_Unique\"><\/span>Authentique \u00e9p\u00e9e de samoura\u00ef au design unique<span class=\"ez-toc-section-end\"><\/span><\/h2>\n\n<p>D\u00e9couvrez la puissance et la beaut\u00e9 de cette \u00e9p\u00e9e de Samoura\u00ef, une combinaison parfaite de tradition et de design moderne. Avec une longueur totale de 41,5 pouces et fabriqu\u00e9e en acier inoxydable, cette \u00e9p\u00e9e est \u00e0 la fois impressionnante et durable. La poign\u00e9e li\u00e9e noire offre une prise en main confortable et s\u00fbre.<\/p>\n\n<h3><span class=\"ez-toc-section\" id=\"Caracteristiques_et_Avantages\"><\/span>Caract\u00e9ristiques et avantages<span class=\"ez-toc-section-end\"><\/span><\/h3>\n\n<ul>\n    <li><strong>Longueur totale :<\/strong> 41,5 pouces \u2013 Une \u00e9p\u00e9e de Samoura\u00ef impressionnante qui attire l'attention.<\/li>\n    <li><strong>Mat\u00e9riel:<\/strong> Acier Inoxydable \u2013 Offre \u00e0 l'\u00e9p\u00e9e une longue durabilit\u00e9 et une r\u00e9sistance \u00e0 la corrosion.<\/li>\n    <li><strong>Poign\u00e9e:<\/strong> Poign\u00e9e Li\u00e9e Noire \u2013 Pour une prise en main s\u00fbre et confortable.<\/li>\n    <li><strong>Conception :<\/strong> Symbole de l'\u0153il mal\u00e9fique de Bill \u2013 Symbole unique sur le fourreau de l'\u00e9p\u00e9e et le support d'\u00e9p\u00e9e qui ajoute une touche personnelle.<\/li>\n<\/ul>\n\n<h3><span class=\"ez-toc-section\" id=\"Ensemble_Complet_pour_le_Collectionneur\"><\/span>Ensemble Complet pour le Collectionneur<span class=\"ez-toc-section-end\"><\/span><\/h3>\n\n<p>Cette \u00e9p\u00e9e de Samoura\u00ef est livr\u00e9e avec un fourreau et un support d'\u00e9p\u00e9e, tous deux d\u00e9cor\u00e9s du symbole de l'\u0153il mal\u00e9fique de Bill. Cela en fait un ensemble complet pour les collectionneurs et ceux qui appr\u00e9cient les objets beaux et fonctionnels. Exposez votre \u00e9p\u00e9e avec style et laissez-la devenir un \u00e9l\u00e9ment central de votre collection.<\/p>\n\n<p>Commandez votre \u00e9p\u00e9e de Samoura\u00ef SW-320E d\u00e8s aujourd'hui et d\u00e9couvrez la combinaison parfaite de tradition et de design moderne. <a href=\"https:\/\/jjcustomworks.se\/fr\/magasin\/\">D\u00e9couvrez notre gamme d&#039;autres \u00e9p\u00e9es<\/a> pour trouver d&#039;autres options uniques. Visitez notre <a href=\"https:\/\/jjcustomworks.se\/fr\/categorie-de-produit\/autres_produits\/other-jewelry\/\">cat\u00e9gorie d&#039;objets de collection<\/a> pour compl\u00e9ter votre collection, ou rendez-vous sur <a href=\"https:\/\/jjcustomworks.se\/fr\/\">notre page d&#039;accueil<\/a> pour voir toute notre s\u00e9lection.<\/p>","protected":false},"excerpt":{"rendered":"<p>SW-320E \u00c9p\u00e9e de Samoura\u00ef \u00c9p\u00e9e de Samoura\u00ef Authentique avec un Design Unique D\u00e9couvrez la puissance et la beaut\u00e9 de cette \u00e9p\u00e9e de Samoura\u00ef, une combinaison parfaite de tradition et de design moderne. Avec une longueur totale de 41,5 pouces et fabriqu\u00e9e en acier inoxydable, cette \u00e9p\u00e9e est \u00e0 la fois impressionnante et durable. La poign\u00e9e [&#8230;]\n","protected":false},"featured_media":59607,"template":"","meta":[],"product_brand":[],"product_cat":[1275],"product_tag":[],"class_list":{"0":"post-59610","1":"product","2":"type-product","3":"status-publish","4":"has-post-thumbnail","6":"product_cat-swords-europe","8":"first","9":"outofstock","10":"sale","11":"taxable","12":"shipping-taxable","13":"purchasable","14":"product-type-simple"},"_links":{"self":[{"href":"https:\/\/jjcustomworks.se\/fr\/wp-json\/wp\/v2\/product\/59610","targetHints":{"allow":["GET"]}}],"collection":[{"href":"https:\/\/jjcustomworks.se\/fr\/wp-json\/wp\/v2\/product"}],"about":[{"href":"https:\/\/jjcustomworks.se\/fr\/wp-json\/wp\/v2\/types\/product"}],"wp:featuredmedia":[{"embeddable":true,"href":"https:\/\/jjcustomworks.se\/fr\/wp-json\/wp\/v2\/media\/59607"}],"wp:attachment":[{"href":"https:\/\/jjcustomworks.se\/fr\/wp-json\/wp\/v2\/media?parent=59610"}],"wp:term":[{"taxonomy":"product_brand","embeddable":true,"href":"https:\/\/jjcustomworks.se\/fr\/wp-json\/wp\/v2\/product_brand?post=59610"},{"taxonomy":"product_cat","embeddable":true,"href":"https:\/\/jjcustomworks.se\/fr\/wp-json\/wp\/v2\/product_cat?post=59610"},{"taxonomy":"product_tag","embeddable":true,"href":"https:\/\/jjcustomworks.se\/fr\/wp-json\/wp\/v2\/product_tag?post=59610"}],"curies":[{"name":"wp","href":"https:\/\/api.w.org\/{rel}","templated":true}]}}