{"id":59601,"date":"2025-03-14T14:53:59","date_gmt":"2025-03-14T13:53:59","guid":{"rendered":"https:\/\/jjcustomworks.se\/product\/sw-339-samurai-sword\/"},"modified":"2025-11-08T19:09:20","modified_gmt":"2025-11-08T18:09:20","slug":"sw-339-sabre-de-samourai-katana","status":"publish","type":"product","link":"https:\/\/jjcustomworks.se\/fr\/produit\/sw-339-sabre-de-samourai-katana\/","title":{"rendered":"SW-339 Sabre de Samoura\u00ef Katana | Blades USA"},"content":{"rendered":"<h1><span class=\"ez-toc-section\" id=\"SW-339_Sabre_de_Samourai_Katana\"><\/span>SW-339 Sabre de Samoura\u00ef Katana<span class=\"ez-toc-section-end\"><\/span><\/h1>\n\n<h2><span class=\"ez-toc-section\" id=\"Authentique_sabre_de_samourai_pour_collectionneurs_et_passionnes\"><\/span>Authentique sabre de samoura\u00ef pour collectionneurs et passionn\u00e9s<span class=\"ez-toc-section-end\"><\/span><\/h2>\n\n<p>D\u00e9couvrez la puissance et la pr\u00e9cision du SW-339 Sabre de Samoura\u00ef Katana de Blades USA. Ce katana pleine soie est fabriqu\u00e9 en acier inoxydable 440 de haute qualit\u00e9, assurant une r\u00e9sistance et une durabilit\u00e9 exceptionnelles. Avec une longueur totale de 41 pouces, ce sabre de samoura\u00ef est parfait pour l'exposition et l'utilisation pratique. Le fourreau noir inclus prot\u00e8ge non seulement la lame, mais ajoute \u00e9galement \u00e0 l'apparence \u00e9l\u00e9gante du sabre. Un incontournable pour tout collectionneur s\u00e9rieux. D\u00e9couvrez notre s\u00e9lection d'autres <a href=\"https:\/\/jjcustomworks.se\/fr\/magasin\/\">authentiques sabres de samoura\u00ef<\/a> d\u00e8s aujourd'hui ! Ne manquez pas non plus notre gamme de <a href=\"https:\/\/jjcustomworks.se\/fr\/categorie-de-produit\/autres_produits\/swords\/swords-japan\/\">sabres katana<\/a> pour trouver plus d'options qui vous conviennent. Visitez notre <a href=\"https:\/\/jjcustomworks.se\/fr\/\">site web<\/a> pour voir toute notre gamme.<\/p>\n\n<h3><span class=\"ez-toc-section\" id=\"Specifications\"><\/span>Caract\u00e9ristiques:<span class=\"ez-toc-section-end\"><\/span><\/h3>\n\n<ul>\n <li>Longueur totale : 41 pouces (environ 104 cm)<\/li>\n <li>Mat\u00e9riau : Acier inoxydable 440<\/li>\n <li>Construction : Pleine soie (pour une r\u00e9sistance extr\u00eame)<\/li>\n <li>Inclus : Fourreau noir<\/li>\n<\/ul>\n\n<p>Ce katana de luxe pleine soie est con\u00e7u pour r\u00e9sister aux conditions les plus exigeantes, ce qui en fait un choix fiable pour l'entra\u00eenement et la d\u00e9monstration. L'acier inoxydable garantit que le sabre conserve son tranchant et r\u00e9siste \u00e0 la rouille, m\u00eame en cas d'utilisation fr\u00e9quente. Le fourreau inclus facilite et s\u00e9curise le stockage et le transport du sabre. Un ajout parfait \u00e0 votre collection !<\/p>","protected":false},"excerpt":{"rendered":"<p>SW-339 Sabre de Samoura\u00ef Katana Authentique sabre de samoura\u00ef pour collectionneurs et passionn\u00e9s D\u00e9couvrez la puissance et la pr\u00e9cision du SW-339 Sabre de Samoura\u00ef Katana de Blades USA. Ce katana pleine soie est fabriqu\u00e9 en acier inoxydable 440 de haute qualit\u00e9, assurant une r\u00e9sistance et une durabilit\u00e9 exceptionnelles. Avec une longueur totale de 41 pouces, [&#8230;]\n","protected":false},"featured_media":59594,"template":"","meta":[],"product_brand":[],"product_cat":[1275],"product_tag":[],"class_list":{"0":"post-59601","1":"product","2":"type-product","3":"status-publish","4":"has-post-thumbnail","6":"product_cat-swords-europe","8":"first","9":"outofstock","10":"taxable","11":"shipping-taxable","12":"purchasable","13":"product-type-simple"},"_links":{"self":[{"href":"https:\/\/jjcustomworks.se\/fr\/wp-json\/wp\/v2\/product\/59601","targetHints":{"allow":["GET"]}}],"collection":[{"href":"https:\/\/jjcustomworks.se\/fr\/wp-json\/wp\/v2\/product"}],"about":[{"href":"https:\/\/jjcustomworks.se\/fr\/wp-json\/wp\/v2\/types\/product"}],"wp:featuredmedia":[{"embeddable":true,"href":"https:\/\/jjcustomworks.se\/fr\/wp-json\/wp\/v2\/media\/59594"}],"wp:attachment":[{"href":"https:\/\/jjcustomworks.se\/fr\/wp-json\/wp\/v2\/media?parent=59601"}],"wp:term":[{"taxonomy":"product_brand","embeddable":true,"href":"https:\/\/jjcustomworks.se\/fr\/wp-json\/wp\/v2\/product_brand?post=59601"},{"taxonomy":"product_cat","embeddable":true,"href":"https:\/\/jjcustomworks.se\/fr\/wp-json\/wp\/v2\/product_cat?post=59601"},{"taxonomy":"product_tag","embeddable":true,"href":"https:\/\/jjcustomworks.se\/fr\/wp-json\/wp\/v2\/product_tag?post=59601"}],"curies":[{"name":"wp","href":"https:\/\/api.w.org\/{rel}","templated":true}]}}