{"id":59597,"date":"2025-03-14T14:53:56","date_gmt":"2025-03-14T13:53:56","guid":{"rendered":"https:\/\/jjcustomworks.se\/product\/sw-570-samurai-sword\/"},"modified":"2025-12-11T18:20:47","modified_gmt":"2025-12-11T17:20:47","slug":"sw-570-sabre-samourai","status":"publish","type":"product","link":"https:\/\/jjcustomworks.se\/fr\/produit\/sw-570-sabre-samourai\/","title":{"rendered":"SW-570 - Sabre Samoura\u00ef | Blades USA"},"content":{"rendered":"<h1>SW-570 - Sabre Samoura\u00ef<\/h1>\n\n<h2><span class=\"ez-toc-section\" id=\"Authentique_Sabre_de_Samourai_de_Blades_USA\"><\/span>Authentique Sabre de Samoura\u00ef de Blades USA<span class=\"ez-toc-section-end\"><\/span><\/h2>\n\n<p>D\u00e9couvrez la tradition avec ce sabre de samoura\u00ef de Blades USA. Avec une longueur totale de 39,5 pouces et une lame en acier inoxydable de 26 pouces, ce sabre combine esth\u00e9tique et durabilit\u00e9. La reliure blanche autour du manche offre une apparence \u00e9l\u00e9gante et une prise en main s\u00fbre. Le fourreau marron prot\u00e8ge la lame lorsqu'elle n'est pas utilis\u00e9e.<\/p>\n\n<h3><span class=\"ez-toc-section\" id=\"Specifications\"><\/span>Caract\u00e9ristiques:<span class=\"ez-toc-section-end\"><\/span><\/h3>\n\n<ul>\n <li>Longueur Totale : 39,5 pouces<\/li>\n <li>Longueur de la Lame : 26 pouces<\/li>\n <li>Mat\u00e9riau : acier inoxydable<\/li>\n <li>Manche : Reliure Blanche<\/li>\n <li>Fourreau : Marron, Inclus<\/li>\n<\/ul>\n\n<h3><span class=\"ez-toc-section\" id=\"Avantages\"><\/span>Avantages :<span class=\"ez-toc-section-end\"><\/span><\/h3>\n\n<ul>\n <li><strong>Lame de Haute Qualit\u00e9 :<\/strong> La lame en acier inoxydable assure une nettet\u00e9 et une durabilit\u00e9 \u00e0 long terme.<\/li>\n <li><strong>Design \u00c9l\u00e9gant :<\/strong> La reliure blanche autour du manche offre une apparence traditionnelle et \u00e9l\u00e9gante.<\/li>\n <li><strong>Fourreau Protecteur :<\/strong> Le fourreau marron inclus prot\u00e8ge la lame et facilite le stockage en toute s\u00e9curit\u00e9.<\/li>\n<\/ul>\n\n<p>Ce sabre de samoura\u00ef est parfait pour les collectionneurs et ceux qui appr\u00e9cient les armes traditionnelles. Compl\u00e9tez votre collection avec cette pi\u00e8ce unique.<\/p>\n\n<p>Explorez notre s\u00e9lection de <a href=\"https:\/\/jjcustomworks.se\/fr\/magasin\/\">sabres authentiques<\/a> et trouvez le compl\u00e9ment parfait \u00e0 votre collection. Visitez notre <a href=\"https:\/\/jjcustomworks.se\/fr\/categorie-de-produit\/autres_produits\/other-jewelry\/\">page de cat\u00e9gorie objets de collection<\/a> pour voir plus de produits. Vous pouvez \u00e9galement visiter notre <a href=\"https:\/\/jjcustomworks.se\/fr\/\">page d&#039;accueil<\/a> pour voir toute notre gamme.<\/p>","protected":false},"excerpt":{"rendered":"<p>SW-570 &#8211; Sabre Samoura\u00ef Authentique Sabre de Samoura\u00ef de Blades USA D\u00e9couvrez la tradition avec ce sabre de samoura\u00ef de Blades USA. Avec une longueur totale de 39,5 pouces et une lame en acier inoxydable de 26 pouces, ce sabre combine esth\u00e9tique et durabilit\u00e9. La reliure blanche autour du manche offre une apparence \u00e9l\u00e9gante et [&#8230;]\n","protected":false},"featured_media":59588,"template":"","meta":[],"product_brand":[],"product_cat":[1275],"product_tag":[],"class_list":{"0":"post-59597","1":"product","2":"type-product","3":"status-publish","4":"has-post-thumbnail","6":"product_cat-swords-europe","8":"first","9":"instock","10":"sale","11":"taxable","12":"shipping-taxable","13":"purchasable","14":"product-type-simple"},"_links":{"self":[{"href":"https:\/\/jjcustomworks.se\/fr\/wp-json\/wp\/v2\/product\/59597","targetHints":{"allow":["GET"]}}],"collection":[{"href":"https:\/\/jjcustomworks.se\/fr\/wp-json\/wp\/v2\/product"}],"about":[{"href":"https:\/\/jjcustomworks.se\/fr\/wp-json\/wp\/v2\/types\/product"}],"wp:featuredmedia":[{"embeddable":true,"href":"https:\/\/jjcustomworks.se\/fr\/wp-json\/wp\/v2\/media\/59588"}],"wp:attachment":[{"href":"https:\/\/jjcustomworks.se\/fr\/wp-json\/wp\/v2\/media?parent=59597"}],"wp:term":[{"taxonomy":"product_brand","embeddable":true,"href":"https:\/\/jjcustomworks.se\/fr\/wp-json\/wp\/v2\/product_brand?post=59597"},{"taxonomy":"product_cat","embeddable":true,"href":"https:\/\/jjcustomworks.se\/fr\/wp-json\/wp\/v2\/product_cat?post=59597"},{"taxonomy":"product_tag","embeddable":true,"href":"https:\/\/jjcustomworks.se\/fr\/wp-json\/wp\/v2\/product_tag?post=59597"}],"curies":[{"name":"wp","href":"https:\/\/api.w.org\/{rel}","templated":true}]}}