{"id":59576,"date":"2025-03-14T14:53:44","date_gmt":"2025-03-14T13:53:44","guid":{"rendered":"https:\/\/jjcustomworks.se\/product\/ten-ryu-sw-320dx-hand-forged-samurai-sword-41-overall\/"},"modified":"2026-04-14T11:43:35","modified_gmt":"2026-04-14T09:43:35","slug":"ten-ryu-sw-320dx-sabre-samourai-fait-main","status":"publish","type":"product","link":"https:\/\/jjcustomworks.se\/fr\/produit\/ten-ryu-sw-320dx-sabre-samourai-fait-main\/","title":{"rendered":"Ten Ryu SW-320DX Sabre Samoura\u00ef | Fait Main 41\""},"content":{"rendered":"<h1><span class=\"ez-toc-section\" id=\"Ten_Ryu_SW-320DX_Sabre_Samourai_Fait_Main\"><\/span>Ten Ryu SW-320DX Sabre Samoura\u00ef Fait Main<span class=\"ez-toc-section-end\"><\/span><\/h1>\n<h2><span class=\"ez-toc-section\" id=\"Un_sabre_de_samourai_authentique_avec_des_details_distinctifs\"><\/span>Un sabre de samoura\u00ef authentique avec des d\u00e9tails distinctifs<span class=\"ez-toc-section-end\"><\/span><\/h2>\n<p>Ce sabre de samoura\u00ef fait main de Ten Ryu, mod\u00e8le SW-320DX, est un exemple impressionnant de l'artisanat traditionnel. Avec une longueur totale de 41 pouces et une lame de 28 pouces en acier au carbone moyen, ce sabre combine esth\u00e9tique et robustesse. Le sceau du lion sur la lame ajoute un caract\u00e8re unique.<\/p>\n<h3><span class=\"ez-toc-section\" id=\"Details_et_materiaux\"><\/span>D\u00e9tails et mat\u00e9riaux<span class=\"ez-toc-section-end\"><\/span><\/h3>\n<p>Le manche du sabre est envelopp\u00e9 d'une ligature en coton noir autour d'une v\u00e9ritable peau de 'raie', offrant une prise en main confortable et s\u00fbre. Le fourreau de sabre laqu\u00e9 noir est compl\u00e9t\u00e9 par une bande marron, offrant un contraste \u00e9l\u00e9gant. La Tsuba est faite d'un alliage de zinc pour plus de durabilit\u00e9 et de style.<\/p>\n<ul>\n <li><strong>Longueur totale :<\/strong> 41 pouces<\/li>\n <li><strong>Longueur de la lame :<\/strong> 28 pouces<\/li>\n <li><strong>\u00c9paisseur de la lame :<\/strong> 7,5 mm<\/li>\n <li><strong>Mat\u00e9riau de la lame :<\/strong> Acier \u00e0 teneur moyenne en carbone<\/li>\n <li><strong>Manche:<\/strong> Ligature en coton noir, peau de 'raie'<\/li>\n <li><strong>Fourreau :<\/strong> Laqu\u00e9 noir avec bande marron<\/li>\n <li><strong>Tsuba :<\/strong> alliage de zinc<\/li>\n<\/ul>\n<h3><span class=\"ez-toc-section\" id=\"Ensemble_complet_avec_accessoires\"><\/span>Ensemble complet avec accessoires<span class=\"ez-toc-section-end\"><\/span><\/h3>\n<p>Ce sabre de samoura\u00ef comprend \u00e9galement un sac de sabre, un kit de nettoyage et un support, ce qui en fait un ensemble complet pour le stockage et l'entretien. Parfait pour les collectionneurs et les passionn\u00e9s.<\/p>\n <p>D\u00e9couvrez notre gamme de<a href=\"https:\/\/jjcustomworks.se\/fr\/magasin\/\">autres sabres authentiques<\/a> et d\u00e9couvrez-en davantage dans la cat\u00e9gorie des <a href=\"https:\/\/jjcustomworks.se\/fr\/categorie-de-produit\/autres_produits\/swords\/swords-japan\/\">armes de collection<\/a>. Visitez notre <a href=\"https:\/\/jjcustomworks.se\/fr\/\">page d&#039;accueil<\/a> pour voir toute notre gamme.<\/p>","protected":false},"excerpt":{"rendered":"<p>K\u00f6p Ten Ryu SW-320DX, ett handtillverkat samurajsv\u00e4rd som \u00e4r 41&#8243; l\u00e5ngt. Perfekt f\u00f6r samlare och entusiaster. Best\u00e4ll nu och f\u00e5 ditt sv\u00e4rd levererat snabbt och s\u00e4kert.<\/p>","protected":false},"featured_media":59562,"template":"","meta":[],"product_brand":[],"product_cat":[1275],"product_tag":[],"class_list":{"0":"post-59576","1":"product","2":"type-product","3":"status-publish","4":"has-post-thumbnail","6":"product_cat-swords-europe","8":"first","9":"instock","10":"sale","11":"taxable","12":"shipping-taxable","13":"purchasable","14":"product-type-simple"},"_links":{"self":[{"href":"https:\/\/jjcustomworks.se\/fr\/wp-json\/wp\/v2\/product\/59576","targetHints":{"allow":["GET"]}}],"collection":[{"href":"https:\/\/jjcustomworks.se\/fr\/wp-json\/wp\/v2\/product"}],"about":[{"href":"https:\/\/jjcustomworks.se\/fr\/wp-json\/wp\/v2\/types\/product"}],"wp:featuredmedia":[{"embeddable":true,"href":"https:\/\/jjcustomworks.se\/fr\/wp-json\/wp\/v2\/media\/59562"}],"wp:attachment":[{"href":"https:\/\/jjcustomworks.se\/fr\/wp-json\/wp\/v2\/media?parent=59576"}],"wp:term":[{"taxonomy":"product_brand","embeddable":true,"href":"https:\/\/jjcustomworks.se\/fr\/wp-json\/wp\/v2\/product_brand?post=59576"},{"taxonomy":"product_cat","embeddable":true,"href":"https:\/\/jjcustomworks.se\/fr\/wp-json\/wp\/v2\/product_cat?post=59576"},{"taxonomy":"product_tag","embeddable":true,"href":"https:\/\/jjcustomworks.se\/fr\/wp-json\/wp\/v2\/product_tag?post=59576"}],"curies":[{"name":"wp","href":"https:\/\/api.w.org\/{rel}","templated":true}]}}