{"id":59574,"date":"2025-03-14T14:53:40","date_gmt":"2025-03-14T13:53:40","guid":{"rendered":"https:\/\/jjcustomworks.se\/product\/js-010-4-samurai-sword-set\/"},"modified":"2025-10-17T03:27:42","modified_gmt":"2025-10-17T01:27:42","slug":"js-010-4-epee-de-samourai-set-de-3-avec-presentoir","status":"publish","type":"product","link":"https:\/\/jjcustomworks.se\/fr\/produit\/js-010-4-epee-de-samourai-set-de-3-avec-presentoir\/","title":{"rendered":"Set de 3 \u00c9p\u00e9es de Samoura\u00ef avec Support | Blades USA"},"content":{"rendered":"<h1>JS-010\/4 - \u00c9p\u00e9e de Samoura\u00ef - Set de 3 avec Pr\u00e9sentoir<\/h1>\n<h2><span class=\"ez-toc-section\" id=\"Ensemble_Complet_dEpees_de_Samourai_avec_Accessoires\"><\/span>Ensemble Complet d&#8217;\u00c9p\u00e9es de Samoura\u00ef avec Accessoires<span class=\"ez-toc-section-end\"><\/span><\/h2>\n<p>Cet ensemble d'\u00e9p\u00e9es de samoura\u00ef comprend trois magnifiques \u00e9p\u00e9es et un support pratique pour les exposer. Parfait pour les collectionneurs et ceux qui appr\u00e9cient le design japonais traditionnel. Avec une longueur totale de 41 pouces (environ 104 cm) pour le katana, ces \u00e9p\u00e9es sont impressionnantes et bien fabriqu\u00e9es. La lame est en acier au carbone et porte une inscription unique qui ajoute une touche authentique. Les fourreaux noirs prot\u00e8gent les lames lorsqu'elles ne sont pas utilis\u00e9es, et le support d'\u00e9p\u00e9e inclus facilite l'exposition \u00e9l\u00e9gante des \u00e9p\u00e9es.<\/p>\n\n<h3><span class=\"ez-toc-section\" id=\"Accessoires_et_Caracteristiques_Inclus\"><\/span>Accessoires et Caract\u00e9ristiques Inclus<span class=\"ez-toc-section-end\"><\/span><\/h3>\n<ul>\n    <li><strong>Longueur Totale de 41\" (Katana) :<\/strong> Taille impressionnante offrant une sensation authentique.<\/li>\n    <li><strong>Acier au Carbone :<\/strong> Mat\u00e9riau durable assurant une qualit\u00e9 \u00e0 long terme.<\/li>\n    <li><strong>Lame avec Inscription :<\/strong> D\u00e9tail unique qui donne aux \u00e9p\u00e9es une touche personnelle.<\/li>\n    <li><strong>Fourreaux Noirs :<\/strong> Prot\u00e8gent les lames et contribuent \u00e0 un look \u00e9l\u00e9gant.<\/li>\n    <li><strong>Support d'\u00c9p\u00e9e :<\/strong> Parfait pour exposer les \u00e9p\u00e9es de mani\u00e8re \u00e9l\u00e9gante.<\/li>\n<\/ul>\n\n<p>Offrez \u00e0 votre collection une touche d'\u00e9l\u00e9gance japonaise avec cet ensemble d'\u00e9p\u00e9es de samoura\u00ef. D\u00e9couvrez notre s\u00e9lection d'autres <a href=\"https:\/\/jjcustomworks.se\/fr\/magasin\/\">\u00e9p\u00e9es authentiques<\/a> pour agrandir votre collection. Visitez notre <a href=\"https:\/\/jjcustomworks.se\/fr\/categorie-de-produit\/autres_produits\/other-jewelry\/\">cat\u00e9gorie samoura\u00ef<\/a> pour voir d'autres produits similaires, ou consultez <a href=\"https:\/\/jjcustomworks.se\/fr\/\">notre page d&#039;accueil<\/a> pour d\u00e9couvrir toute notre gamme.<\/p>","protected":false},"excerpt":{"rendered":"<p>JS-010\/4 &#8211; \u00c9p\u00e9e de Samoura\u00ef &#8211; Set de 3 avec Pr\u00e9sentoir Ensemble Complet d&#8217;\u00c9p\u00e9es de Samoura\u00ef avec Accessoires Cet ensemble d&#8217;\u00e9p\u00e9es de samoura\u00ef comprend trois magnifiques \u00e9p\u00e9es et un support pratique pour les exposer. Parfait pour les collectionneurs et ceux qui appr\u00e9cient le design japonais traditionnel. Avec une longueur totale de 41 pouces (environ 104 [&#8230;]\n","protected":false},"featured_media":59555,"template":"","meta":[],"product_brand":[],"product_cat":[1275],"product_tag":[],"class_list":{"0":"post-59574","1":"product","2":"type-product","3":"status-publish","4":"has-post-thumbnail","6":"product_cat-swords-europe","8":"first","9":"outofstock","10":"sale","11":"taxable","12":"shipping-taxable","13":"purchasable","14":"product-type-simple"},"_links":{"self":[{"href":"https:\/\/jjcustomworks.se\/fr\/wp-json\/wp\/v2\/product\/59574","targetHints":{"allow":["GET"]}}],"collection":[{"href":"https:\/\/jjcustomworks.se\/fr\/wp-json\/wp\/v2\/product"}],"about":[{"href":"https:\/\/jjcustomworks.se\/fr\/wp-json\/wp\/v2\/types\/product"}],"wp:featuredmedia":[{"embeddable":true,"href":"https:\/\/jjcustomworks.se\/fr\/wp-json\/wp\/v2\/media\/59555"}],"wp:attachment":[{"href":"https:\/\/jjcustomworks.se\/fr\/wp-json\/wp\/v2\/media?parent=59574"}],"wp:term":[{"taxonomy":"product_brand","embeddable":true,"href":"https:\/\/jjcustomworks.se\/fr\/wp-json\/wp\/v2\/product_brand?post=59574"},{"taxonomy":"product_cat","embeddable":true,"href":"https:\/\/jjcustomworks.se\/fr\/wp-json\/wp\/v2\/product_cat?post=59574"},{"taxonomy":"product_tag","embeddable":true,"href":"https:\/\/jjcustomworks.se\/fr\/wp-json\/wp\/v2\/product_tag?post=59574"}],"curies":[{"name":"wp","href":"https:\/\/api.w.org\/{rel}","templated":true}]}}