{"id":59565,"date":"2025-03-14T14:53:36","date_gmt":"2025-03-14T13:53:36","guid":{"rendered":"https:\/\/jjcustomworks.se\/product\/ten-ryu-samurai-sword-026\/"},"modified":"2025-11-29T23:28:33","modified_gmt":"2025-11-29T22:28:33","slug":"ten-ryu-sabre-samourai-026","status":"publish","type":"product","link":"https:\/\/jjcustomworks.se\/fr\/produit\/ten-ryu-sabre-samourai-026\/","title":{"rendered":"Ten Ryu Sabre Samoura\u00ef 026 | Design Exclusif"},"content":{"rendered":"<h1><span class=\"ez-toc-section\" id=\"Ten_Ryu_Sabre_Samourai_026\"><\/span>Ten Ryu Saber Samurai 026<span class=\"ez-toc-section-end\"><\/span><\/h1>\n<h2><span class=\"ez-toc-section\" id=\"Sabre_Samourai_Exclusif_au_Design_Detaille\"><\/span>Sabre Samoura\u00ef Exclusif au Design D\u00e9taill\u00e9<span class=\"ez-toc-section-end\"><\/span><\/h2>\n<p>Ce <strong>Ten Ryu Saber Samurai 026<\/strong> est un sabre samoura\u00ef incroyablement beau et d\u00e9taill\u00e9 qui respire l'exclusivit\u00e9. Avec son design impressionnant et ses mat\u00e9riaux de haute qualit\u00e9, c'est un choix parfait pour les collectionneurs et les passionn\u00e9s. Gardez votre sabre en s\u00e9curit\u00e9 dans le sac \u00e0 sabre inclus lorsqu'il n'est pas utilis\u00e9, et exposez-le avec style gr\u00e2ce au fourreau laqu\u00e9 inclus. D\u00e9couvrez d'autres <a href=\"https:\/\/jjcustomworks.se\/fr\/magasin\/\">sabres de samoura\u00ef<\/a> et d&#039;autres <a href=\"https:\/\/jjcustomworks.se\/fr\/categorie-de-produit\/autres_produits\/other-jewelry\/\">cat\u00e9gories de sabres<\/a> unique dans notre gamme. Visitez notre <a href=\"https:\/\/jjcustomworks.se\/fr\/\">page d&#039;accueil<\/a> pour voir toute notre s\u00e9lection.<\/p>\n\n<h3><span class=\"ez-toc-section\" id=\"Specifications\"><\/span>Caract\u00e9ristiques<span class=\"ez-toc-section-end\"><\/span><\/h3>\n<ul>\n <li><strong>Longueur totale :<\/strong> 40,5 pouces<\/li>\n <li><strong>Longueur de la lame :<\/strong> 26,5 pouces<\/li>\n <li><strong>\u00c9paisseur de la lame :<\/strong> 7MM<\/li>\n <li><strong>Mat\u00e9riau de la lame :<\/strong> Acier \u00e0 haute teneur en carbone<\/li>\n <li><strong>Finition de la lame :<\/strong> Damas ton cuivre avec gorge<\/li>\n <li><strong>Manche:<\/strong> Cordon noir envelopp\u00e9 de peau de raie v\u00e9ritable<\/li>\n <li><strong>Tsuba :<\/strong> alliage de zinc<\/li>\n <li><strong>Accessoires:<\/strong> Fourreau laqu\u00e9 noir et sac \u00e0 sabre inclus<\/li>\n<\/ul>\n\n<h3><span class=\"ez-toc-section\" id=\"Details_et_Materiaux\"><\/span>D\u00e9tails et mat\u00e9riaux<span class=\"ez-toc-section-end\"><\/span><\/h3>\n<p>Sourire <strong>Ten Ryu Saber Samurai 026<\/strong> combine l'artisanat traditionnel avec des mat\u00e9riaux modernes. L'acier \u00e0 haute teneur en carbone de la lame assure durabilit\u00e9 et tranchant, tandis que la finition damass\u00e9e ton cuivre ajoute une touche unique et \u00e9l\u00e9gante. Le manche est soigneusement envelopp\u00e9 de cordon noir et de peau de raie v\u00e9ritable, offrant une prise en main confortable et s\u00fbre. Le tsuba en alliage de zinc contribue \u00e0 l'esth\u00e9tique et \u00e0 l'\u00e9quilibre g\u00e9n\u00e9ral du sabre.<\/p>","protected":false},"excerpt":{"rendered":"<p>Ten Ryu Sabre Samoura\u00ef 026 Sabre Samoura\u00ef Exclusif au Design D\u00e9taill\u00e9 Ce Ten Ryu Sabre Samoura\u00ef 026 est un sabre samoura\u00ef incroyablement beau et d\u00e9taill\u00e9 qui respire l&#8217;exclusivit\u00e9. Avec son design impressionnant et ses mat\u00e9riaux de haute qualit\u00e9, c&#8217;est un choix parfait pour les collectionneurs et les passionn\u00e9s. Gardez votre sabre en s\u00e9curit\u00e9 dans le [&#8230;]\n","protected":false},"featured_media":59561,"template":"","meta":[],"product_brand":[],"product_cat":[1275],"product_tag":[],"class_list":{"0":"post-59565","1":"product","2":"type-product","3":"status-publish","4":"has-post-thumbnail","6":"product_cat-swords-europe","8":"first","9":"outofstock","10":"sale","11":"taxable","12":"shipping-taxable","13":"purchasable","14":"product-type-simple"},"_links":{"self":[{"href":"https:\/\/jjcustomworks.se\/fr\/wp-json\/wp\/v2\/product\/59565","targetHints":{"allow":["GET"]}}],"collection":[{"href":"https:\/\/jjcustomworks.se\/fr\/wp-json\/wp\/v2\/product"}],"about":[{"href":"https:\/\/jjcustomworks.se\/fr\/wp-json\/wp\/v2\/types\/product"}],"wp:featuredmedia":[{"embeddable":true,"href":"https:\/\/jjcustomworks.se\/fr\/wp-json\/wp\/v2\/media\/59561"}],"wp:attachment":[{"href":"https:\/\/jjcustomworks.se\/fr\/wp-json\/wp\/v2\/media?parent=59565"}],"wp:term":[{"taxonomy":"product_brand","embeddable":true,"href":"https:\/\/jjcustomworks.se\/fr\/wp-json\/wp\/v2\/product_brand?post=59565"},{"taxonomy":"product_cat","embeddable":true,"href":"https:\/\/jjcustomworks.se\/fr\/wp-json\/wp\/v2\/product_cat?post=59565"},{"taxonomy":"product_tag","embeddable":true,"href":"https:\/\/jjcustomworks.se\/fr\/wp-json\/wp\/v2\/product_tag?post=59565"}],"curies":[{"name":"wp","href":"https:\/\/api.w.org\/{rel}","templated":true}]}}