{"id":59559,"date":"2025-03-14T14:53:34","date_gmt":"2025-03-14T13:53:34","guid":{"rendered":"https:\/\/jjcustomworks.se\/product\/samurai-sword-13\/"},"modified":"2025-11-24T12:15:43","modified_gmt":"2025-11-24T11:15:43","slug":"samurai-sword-37-acier-carbone","status":"publish","type":"product","link":"https:\/\/jjcustomworks.se\/fr\/produit\/samurai-sword-37-acier-carbone\/","title":{"rendered":"Samurai Sword 37\" Acier Carbone | Blades USA"},"content":{"rendered":"<h1><span class=\"ez-toc-section\" id=\"Samurai_Sword\"><\/span>\u00e9p\u00e9e de samoura\u00ef<span class=\"ez-toc-section-end\"><\/span><\/h1>\n<h2><span class=\"ez-toc-section\" id=\"Authentique_sabre_de_samourai_pour_lexposition\"><\/span>Authentique sabre de samoura\u00ef pour l&#8217;exposition<span class=\"ez-toc-section-end\"><\/span><\/h2>\n<p>Ce sabre de samoura\u00ef de Blades USA est parfait pour ceux qui appr\u00e9cient la culture et l'histoire japonaises. Avec son design impressionnant et ses mat\u00e9riaux de haute qualit\u00e9, c'est un excellent choix pour l'exposition.<\/p>\n<h3><span class=\"ez-toc-section\" id=\"Specifications\"><\/span>Caract\u00e9ristiques:<span class=\"ez-toc-section-end\"><\/span><\/h3>\n<ul>\n <li><strong>Longueur totale :<\/strong> 37 pouces (sans le fourreau)<\/li>\n <li><strong>Mat\u00e9riau de la lame :<\/strong> Acier au carbone 1045<\/li>\n <li><strong>Manche:<\/strong> Manche envelopp\u00e9 de cordon avec Menuki<\/li>\n <li><strong>Fourreau :<\/strong> Aluminium\/PU<\/li>\n <li><strong>Compris:<\/strong> Ouvre-lettre<\/li>\n<\/ul>\n<h3><span class=\"ez-toc-section\" id=\"Description_detaillee\"><\/span>Description d\u00e9taill\u00e9e<span class=\"ez-toc-section-end\"><\/span><\/h3>\n<p>Ce sabre de samoura\u00ef est fabriqu\u00e9 avec une lame en acier au carbone 1045, offrant un bon \u00e9quilibre entre r\u00e9sistance et flexibilit\u00e9. Le manche envelopp\u00e9 de cordon offre une prise en main confortable et s\u00fbre, tandis que le fourreau en aluminium et en PU prot\u00e8ge la lame lorsqu'elle n'est pas utilis\u00e9e. Un ouvre-lettre est \u00e9galement inclus, ce qui fait de ce sabre un cadeau unique et pratique.<\/p>\n<p>Parfait pour les collectionneurs et les passionn\u00e9s qui souhaitent exposer un authentique sabre de samoura\u00ef. Consultez notre s\u00e9lection de <a href=\"https:\/\/jjcustomworks.se\/fr\/magasin\/\">r\u00e9pliques authentiques<\/a> il <a href=\"https:\/\/jjcustomworks.se\/fr\/categorie-de-produit\/autres_produits\/other-jewelry\/\">d'\u00e9p\u00e9es d\u00e9coratives<\/a> pour trouver le compl\u00e9ment parfait \u00e0 votre collection. Visitez <a href=\"https:\/\/jjcustomworks.se\/fr\/\">notre site Web<\/a> pour plus d&#039;informations et d&#039;offres.<\/p>","protected":false},"excerpt":{"rendered":"<p>Samurai Sword Authentique sabre de samoura\u00ef pour l&#8217;exposition Ce sabre de samoura\u00ef de Blades USA est parfait pour ceux qui appr\u00e9cient la culture et l&#8217;histoire japonaises. Avec son design impressionnant et ses mat\u00e9riaux de haute qualit\u00e9, c&#8217;est un excellent choix pour l&#8217;exposition. Sp\u00e9cifications : Longueur totale : 37 pouces (sans le fourreau) Mat\u00e9riau de la [&#8230;]\n","protected":false},"featured_media":59554,"template":"","meta":[],"product_brand":[],"product_cat":[1275],"product_tag":[],"class_list":{"0":"post-59559","1":"product","2":"type-product","3":"status-publish","4":"has-post-thumbnail","6":"product_cat-swords-europe","8":"first","9":"outofstock","10":"sale","11":"taxable","12":"shipping-taxable","13":"purchasable","14":"product-type-simple"},"_links":{"self":[{"href":"https:\/\/jjcustomworks.se\/fr\/wp-json\/wp\/v2\/product\/59559","targetHints":{"allow":["GET"]}}],"collection":[{"href":"https:\/\/jjcustomworks.se\/fr\/wp-json\/wp\/v2\/product"}],"about":[{"href":"https:\/\/jjcustomworks.se\/fr\/wp-json\/wp\/v2\/types\/product"}],"wp:featuredmedia":[{"embeddable":true,"href":"https:\/\/jjcustomworks.se\/fr\/wp-json\/wp\/v2\/media\/59554"}],"wp:attachment":[{"href":"https:\/\/jjcustomworks.se\/fr\/wp-json\/wp\/v2\/media?parent=59559"}],"wp:term":[{"taxonomy":"product_brand","embeddable":true,"href":"https:\/\/jjcustomworks.se\/fr\/wp-json\/wp\/v2\/product_brand?post=59559"},{"taxonomy":"product_cat","embeddable":true,"href":"https:\/\/jjcustomworks.se\/fr\/wp-json\/wp\/v2\/product_cat?post=59559"},{"taxonomy":"product_tag","embeddable":true,"href":"https:\/\/jjcustomworks.se\/fr\/wp-json\/wp\/v2\/product_tag?post=59559"}],"curies":[{"name":"wp","href":"https:\/\/api.w.org\/{rel}","templated":true}]}}