{"id":59539,"date":"2025-03-14T14:53:08","date_gmt":"2025-03-14T13:53:08","guid":{"rendered":"https:\/\/jjcustomworks.se\/product\/handmade-beltholder-for-axes-and-tools-swedish-premium-leather-product-9\/"},"modified":"2025-10-26T10:48:36","modified_gmt":"2025-10-26T09:48:36","slug":"porte-hache-ceinture-fait-main","status":"publish","type":"product","link":"https:\/\/jjcustomworks.se\/fr\/produit\/porte-hache-ceinture-fait-main\/","title":{"rendered":"Porte-Hache Ceinture Fait Main | JJ Custom Works"},"content":{"rendered":"<h1><span class=\"ez-toc-section\" id=\"Porte-Hache_et_Outil_Fait_Main_pour_Ceinture\"><\/span>Porte-hache et porte-outils fait main pour ceinture<span class=\"ez-toc-section-end\"><\/span><\/h1>\n<h2><span class=\"ez-toc-section\" id=\"Cuir_Suedois_Premium\"><\/span>Cuir Su\u00e9dois Premium<span class=\"ez-toc-section-end\"><\/span><\/h2>\n<p>Ce porte-hache fait main est fabriqu\u00e9 en Su\u00e8de \u00e0 partir du meilleur cuir su\u00e9dois premium possible. Le cuir tann\u00e9 v\u00e9g\u00e9tal est doux et non nocif pour l'environnement, contrairement au cuir tann\u00e9 au chrome. Parfait pour ceux qui appr\u00e9cient la qualit\u00e9 et la durabilit\u00e9.<\/p>\n\n<h2><span class=\"ez-toc-section\" id=\"Porte-Outil_Polyvalent\"><\/span>Porte-Outil Polyvalent<span class=\"ez-toc-section-end\"><\/span><\/h2>\n<p>Le porte-hache est con\u00e7u pour s'adapter aux haches tomahawk, entre autres, mais il convient \u00e9galement \u00e0 d'autres types de haches, de marteaux et d'outils. Il est con\u00e7u pour \u00eatre une solution polyvalente pour transporter vos outils en toute s\u00e9curit\u00e9 et commodit\u00e9.<\/p>\n\n<h2><span class=\"ez-toc-section\" id=\"Specifications_du_Produit\"><\/span>Sp\u00e9cifications du produit<span class=\"ez-toc-section-end\"><\/span><\/h2>\n<ul>\n    <li><strong>Qualit\u00e9 du Cuir\u00a0:<\/strong> Cuir T\u00e4rnsj\u00f6 tann\u00e9 v\u00e9g\u00e9tal 2 \u00e0 3 mm<\/li>\n    <li><strong>Taille:<\/strong> 4 cm de large<\/li>\n    <li><strong>Convient \u00e0 la Ceinture\u00a0:<\/strong> Max. 6\u00a0cm de large<\/li>\n    <li><strong>Diam\u00e8tre Int\u00e9rieur du Support\u00a0:<\/strong> Env. 4,2\u00a0cm<\/li>\n<\/ul>\n\n<p>S\u00e9curisez votre hache ou votre outil avec ce support robuste et \u00e9l\u00e9gant. Un incontournable pour tous les artisans et amateurs de plein air. Pour plus de produits faits main, visitez notre <a href=\"https:\/\/jjcustomworks.se\/fr\/magasin\/\">collection d'accessoires d'outils<\/a>. D\u00e9couvrez plus de produits de <a href=\"https:\/\/jjcustomworks.se\/fr\/categorie-de-produit\/autres_produits\/other-jewelry\/\">Travaux personnalis\u00e9s JJ<\/a>. Visitez notre <a href=\"https:\/\/jjcustomworks.se\/fr\/\">page d&#039;accueil<\/a> pour voir toute notre gamme.<\/p>","protected":false},"excerpt":{"rendered":"<p>Support de qualit\u00e9 pour haches ou outils tomahawk \u2013 fabriqu\u00e9 \u00e0 la main en cuir su\u00e9dois T\u00e4rnsj\u00f6<\/p>","protected":false},"featured_media":59536,"template":"","meta":[],"product_brand":[],"product_cat":[8205,6423],"product_tag":[],"class_list":{"0":"post-59539","1":"product","2":"type-product","3":"status-publish","4":"has-post-thumbnail","6":"product_cat-sheats","7":"product_cat-axe-accessories","9":"first","10":"instock","11":"featured","12":"taxable","13":"shipping-taxable","14":"purchasable","15":"product-type-simple"},"_links":{"self":[{"href":"https:\/\/jjcustomworks.se\/fr\/wp-json\/wp\/v2\/product\/59539","targetHints":{"allow":["GET"]}}],"collection":[{"href":"https:\/\/jjcustomworks.se\/fr\/wp-json\/wp\/v2\/product"}],"about":[{"href":"https:\/\/jjcustomworks.se\/fr\/wp-json\/wp\/v2\/types\/product"}],"wp:featuredmedia":[{"embeddable":true,"href":"https:\/\/jjcustomworks.se\/fr\/wp-json\/wp\/v2\/media\/59536"}],"wp:attachment":[{"href":"https:\/\/jjcustomworks.se\/fr\/wp-json\/wp\/v2\/media?parent=59539"}],"wp:term":[{"taxonomy":"product_brand","embeddable":true,"href":"https:\/\/jjcustomworks.se\/fr\/wp-json\/wp\/v2\/product_brand?post=59539"},{"taxonomy":"product_cat","embeddable":true,"href":"https:\/\/jjcustomworks.se\/fr\/wp-json\/wp\/v2\/product_cat?post=59539"},{"taxonomy":"product_tag","embeddable":true,"href":"https:\/\/jjcustomworks.se\/fr\/wp-json\/wp\/v2\/product_tag?post=59539"}],"curies":[{"name":"wp","href":"https:\/\/api.w.org\/{rel}","templated":true}]}}