{"id":59537,"date":"2025-03-14T14:53:07","date_gmt":"2025-03-14T13:53:07","guid":{"rendered":"https:\/\/jjcustomworks.se\/product\/handmade-beltholder-for-axes-and-tools-swedish-premium-leather-product-8\/"},"modified":"2026-03-14T10:13:51","modified_gmt":"2026-03-14T09:13:51","slug":"porte-hache-fait-main-ceinture-jj-custom-works","status":"publish","type":"product","link":"https:\/\/jjcustomworks.se\/fr\/produit\/porte-hache-fait-main-ceinture-jj-custom-works\/","title":{"rendered":"Porte-Hache Fait Main | Cuir Su\u00e9dois | JJ Custom Works"},"content":{"rendered":"<h1><span class=\"ez-toc-section\" id=\"Porte-Hache_et_Outil_Fait_Main_pour_Ceinture_par_JJ_Custom_Works\"><\/span>Porte-Hache et Outil Fait Main pour Ceinture par JJ Custom Works<span class=\"ez-toc-section-end\"><\/span><\/h1>\n<h2><span class=\"ez-toc-section\" id=\"Cuir_Suedois_Premium_pour_Durabilite_et_Qualite\"><\/span>Cuir Su\u00e9dois Premium pour Durabilit\u00e9 et Qualit\u00e9<span class=\"ez-toc-section-end\"><\/span><\/h2>\n<p>Ce porte-hache fait main est fabriqu\u00e9 en Su\u00e8de \u00e0 partir de cuir premium tann\u00e9 v\u00e9g\u00e9tal, assurant \u00e0 la fois une haute qualit\u00e9 et un respect de l'environnement. Il est parfait pour transporter en toute s\u00e9curit\u00e9 votre hache Tomahawk, votre marteau ou d'autres outils directement sur votre ceinture. Avec une largeur de 4 cm et un diam\u00e8tre int\u00e9rieur d'environ 4,2 cm, il est con\u00e7u pour s'adapter aux ceintures jusqu'\u00e0 6 cm de large. Id\u00e9al pour les artisans qui valorisent \u00e0 la fois la fonction et la tradition.<\/p>\n<h3><span class=\"ez-toc-section\" id=\"Specifications\"><\/span>Caract\u00e9ristiques:<span class=\"ez-toc-section-end\"><\/span><\/h3>\n<ul>\n <li><strong>Mat\u00e9riel:<\/strong> Cuir T\u00e4rnsj\u00f6 tann\u00e9 v\u00e9g\u00e9tal de 2-3mm<\/li>\n <li><strong>Largeur:<\/strong> 4 cm<\/li>\n <li><strong>Largeur Max. de la Ceinture:<\/strong> 6 cm<\/li>\n <li><strong>Diam\u00e8tre Int\u00e9rieur:<\/strong> Environ 4,2 cm<\/li>\n <li><strong>Fabrication:<\/strong> Fabriqu\u00e9 \u00e0 la main en Su\u00e8de<\/li>\n<\/ul>\n<p>S\u00e9curisez votre hache ou vos outils avec style! Ce support combine l'artisanat traditionnel avec une utilisation pratique. Achetez votre porte-hache fait main d\u00e8s aujourd'hui et d\u00e9couvrez la diff\u00e9rence! Consultez notre s\u00e9lection d'<a href=\"https:\/\/jjcustomworks.se\/fr\/magasin\/\">autres outils en cuir<\/a> qui compl\u00e8tent votre \u00e9quipement. Visitez notre <a href=\"https:\/\/jjcustomworks.se\/fr\/categorie-de-produit\/autres_produits\/other-jewelry\/\">cat\u00e9gorie d&#039;accessoires d&#039;outils<\/a> pour plus d'options ou rendez-vous sur <a href=\"https:\/\/jjcustomworks.se\/fr\/\">notre page d&#039;accueil<\/a> pour voir toute notre gamme.<\/p>","protected":false},"excerpt":{"rendered":"<p>K\u00f6p handgjord yx och verktygsh\u00e5llare i \u00e4kta svenskt veg l\u00e4der &#8211; b\u00e4sta kvalitet och h\u00e5llbarhet. Perfekt f\u00f6r b\u00e5de professionella och hobbyanv\u00e4ndare. Best\u00e4ll nu och f\u00e5 snabb leverans.<\/p>","protected":false},"featured_media":59534,"template":"","meta":[],"product_brand":[],"product_cat":[8205,6423],"product_tag":[],"class_list":{"0":"post-59537","1":"product","2":"type-product","3":"status-publish","4":"has-post-thumbnail","6":"product_cat-sheats","7":"product_cat-axe-accessories","9":"first","10":"instock","11":"taxable","12":"shipping-taxable","13":"purchasable","14":"product-type-simple"},"_links":{"self":[{"href":"https:\/\/jjcustomworks.se\/fr\/wp-json\/wp\/v2\/product\/59537","targetHints":{"allow":["GET"]}}],"collection":[{"href":"https:\/\/jjcustomworks.se\/fr\/wp-json\/wp\/v2\/product"}],"about":[{"href":"https:\/\/jjcustomworks.se\/fr\/wp-json\/wp\/v2\/types\/product"}],"wp:featuredmedia":[{"embeddable":true,"href":"https:\/\/jjcustomworks.se\/fr\/wp-json\/wp\/v2\/media\/59534"}],"wp:attachment":[{"href":"https:\/\/jjcustomworks.se\/fr\/wp-json\/wp\/v2\/media?parent=59537"}],"wp:term":[{"taxonomy":"product_brand","embeddable":true,"href":"https:\/\/jjcustomworks.se\/fr\/wp-json\/wp\/v2\/product_brand?post=59537"},{"taxonomy":"product_cat","embeddable":true,"href":"https:\/\/jjcustomworks.se\/fr\/wp-json\/wp\/v2\/product_cat?post=59537"},{"taxonomy":"product_tag","embeddable":true,"href":"https:\/\/jjcustomworks.se\/fr\/wp-json\/wp\/v2\/product_tag?post=59537"}],"curies":[{"name":"wp","href":"https:\/\/api.w.org\/{rel}","templated":true}]}}