{"id":59532,"date":"2025-03-14T14:53:04","date_gmt":"2025-03-14T13:53:04","guid":{"rendered":"https:\/\/jjcustomworks.se\/product\/handmade-beltholder-for-axes-and-tools-swedish-premium-leather-product-6\/"},"modified":"2025-10-16T16:02:42","modified_gmt":"2025-10-16T14:02:42","slug":"porte-hache-outil-en-cuir-fait-main","status":"publish","type":"product","link":"https:\/\/jjcustomworks.se\/fr\/produit\/porte-hache-outil-en-cuir-fait-main\/","title":{"rendered":"Porte-hache & Outil en Cuir Fait Main | JJ Custom Works"},"content":{"rendered":"<h1><span class=\"ez-toc-section\" id=\"Porte-hache_et_Outil_en_Cuir_Fait_Main_pour_Ceinture\"><\/span>Porte-hache et Outil en Cuir Fait Main pour Ceinture<span class=\"ez-toc-section-end\"><\/span><\/h1>\n<h2><span class=\"ez-toc-section\" id=\"Cuir_Suedois_Premium_pour_des_Outils_Durables\"><\/span>Cuir Su\u00e9dois Premium pour des Outils Durables<span class=\"ez-toc-section-end\"><\/span><\/h2>\n<p>Ce porte-hache et outil fait main est fabriqu\u00e9 en Su\u00e8de \u00e0 partir du meilleur cuir su\u00e9dois premium possible. Le support est sp\u00e9cialement con\u00e7u pour \u00eatre fix\u00e9 \u00e0 la ceinture, offrant un acc\u00e8s facile \u00e0 vos outils pendant le travail. Le cuir tann\u00e9 v\u00e9g\u00e9tal est doux et respectueux de l'environnement, une meilleure alternative par rapport au cuir tann\u00e9 au chrome. Avec ce support, vous pouvez \u00eatre s\u00fbr que vous utilisez un produit qui se soucie \u00e0 la fois de la qualit\u00e9 et de l'environnement. Visitez <a href=\"https:\/\/jjcustomworks.se\/fr\/magasin\/\">notre gamme d'outils en cuir<\/a> pour trouver plus de produits pour compl\u00e9ter votre \u00e9quipment.<\/p>\n\n<h3><span class=\"ez-toc-section\" id=\"Conception_Polyvalente\"><\/span>Conception Polyvalente<span class=\"ez-toc-section-end\"><\/span><\/h3>\n<p>Le support est fait pour s'adapter aux haches tomahawk, mais fonctionne \u00e9galement tr\u00e8s bien pour d'autres types de haches, de marteaux et d'outils divers. La conception flexible vous permet de personnaliser le support en fonction de vos besoins sp\u00e9cifiques. Pour voir notre s\u00e9lection d'<a href=\"https:\/\/jjcustomworks.se\/fr\/categorie-de-produit\/fait-a-la-main\/feuilles\/\">accessoires d&#039;outils<\/a>, cliquez ici. La construction robuste garantit que vos outils sont bien en place, quelle que soit la t\u00e2che.<\/p>\n\n<h3><span class=\"ez-toc-section\" id=\"Specifications\"><\/span>Caract\u00e9ristiques<span class=\"ez-toc-section-end\"><\/span><\/h3>\n<ul>\n<li>Qualit\u00e9 du cuir : 3-3,5 mm<\/li>\n<li>Taille : 4 cm de large<\/li>\n<li>Convient aux ceintures : Max. 6 cm de large<\/li>\n<li>Diam\u00e8tre int\u00e9rieur : Env. 4,2 cm<\/li>\n<\/ul>\n\n<p>Ce porte-hache et outil combine l'artisanat traditionnel avec la fonctionnalit\u00e9 moderne. En choisissant ce produit, vous soutenez la fabrication su\u00e9doise et les choix de mat\u00e9riaux durables. Pour plus d'informations sur notre engagement envers la qualit\u00e9, visitez notre <a href=\"https:\/\/jjcustomworks.se\/fr\/\">site web<\/a>.<\/p>","protected":false},"excerpt":{"rendered":"<p>Support de qualit\u00e9 pour haches ou outils tomahawk \u2013 fabriqu\u00e9 \u00e0 la main en cuir su\u00e9dois T\u00e4rnsj\u00f6<\/p>","protected":false},"featured_media":59526,"template":"","meta":[],"product_brand":[],"product_cat":[8205,6423],"product_tag":[],"class_list":{"0":"post-59532","1":"product","2":"type-product","3":"status-publish","4":"has-post-thumbnail","6":"product_cat-sheats","7":"product_cat-axe-accessories","9":"first","10":"instock","11":"taxable","12":"shipping-taxable","13":"purchasable","14":"product-type-simple"},"_links":{"self":[{"href":"https:\/\/jjcustomworks.se\/fr\/wp-json\/wp\/v2\/product\/59532","targetHints":{"allow":["GET"]}}],"collection":[{"href":"https:\/\/jjcustomworks.se\/fr\/wp-json\/wp\/v2\/product"}],"about":[{"href":"https:\/\/jjcustomworks.se\/fr\/wp-json\/wp\/v2\/types\/product"}],"wp:featuredmedia":[{"embeddable":true,"href":"https:\/\/jjcustomworks.se\/fr\/wp-json\/wp\/v2\/media\/59526"}],"wp:attachment":[{"href":"https:\/\/jjcustomworks.se\/fr\/wp-json\/wp\/v2\/media?parent=59532"}],"wp:term":[{"taxonomy":"product_brand","embeddable":true,"href":"https:\/\/jjcustomworks.se\/fr\/wp-json\/wp\/v2\/product_brand?post=59532"},{"taxonomy":"product_cat","embeddable":true,"href":"https:\/\/jjcustomworks.se\/fr\/wp-json\/wp\/v2\/product_cat?post=59532"},{"taxonomy":"product_tag","embeddable":true,"href":"https:\/\/jjcustomworks.se\/fr\/wp-json\/wp\/v2\/product_tag?post=59532"}],"curies":[{"name":"wp","href":"https:\/\/api.w.org\/{rel}","templated":true}]}}