{"id":59529,"date":"2025-03-14T14:53:03","date_gmt":"2025-03-14T13:53:03","guid":{"rendered":"https:\/\/jjcustomworks.se\/product\/handmade-beltholder-for-axes-and-tools-swedish-premium-leather-product-3\/"},"modified":"2025-11-22T21:38:00","modified_gmt":"2025-11-22T20:38:00","slug":"porte-hache-ceinture-fabrique-main-suedois","status":"publish","type":"product","link":"https:\/\/jjcustomworks.se\/fr\/produit\/porte-hache-ceinture-fabrique-main-suedois\/","title":{"rendered":"Porte-Hache Ceinture Fabriqu\u00e9 Main | JJ Custom Works"},"content":{"rendered":"<h1>Porte-Hache et Outil Ceinture Fabriqu\u00e9 \u00e0 la Main - Cuir Su\u00e9dois Premium<\/h1>\n<h2><span class=\"ez-toc-section\" id=\"Artisanat_Suedois_pour_Vos_Outils\"><\/span>Artisanat su\u00e9dois pour vos outils<span class=\"ez-toc-section-end\"><\/span><\/h2>\n<p>Ce porte-hache fabriqu\u00e9 \u00e0 la main est confectionn\u00e9 en Su\u00e8de \u00e0 partir du meilleur cuir su\u00e9dois premium disponible. Le cuir tann\u00e9 v\u00e9g\u00e9tal est doux et non nocif pour l'environnement, contrairement au cuir tann\u00e9 au chrome, ce qui en fait un choix \u00e9cologique pour l'artisan soucieux. Le support est con\u00e7u pour s'adapter aux haches tomahawk, mais fonctionne \u00e9galement tr\u00e8s bien pour d'autres types de haches, de marteaux et divers outils.<\/p>\n<h3><span class=\"ez-toc-section\" id=\"Specifications_et_Avantages\"><\/span>Sp\u00e9cifications et avantages<span class=\"ez-toc-section-end\"><\/span><\/h3>\n<ul>\n<li><strong>Fabriqu\u00e9 \u00e0 la Main en Su\u00e8de :<\/strong> Garantit une haute qualit\u00e9 et un savoir-faire unique.<\/li>\n<li><strong>Cuir su\u00e9dois de qualit\u00e9 sup\u00e9rieure :<\/strong> Fabriqu\u00e9 \u00e0 partir du meilleur cuir su\u00e9dois pour une longue dur\u00e9e de vie.<\/li>\n<li><strong>Cuir tann\u00e9 v\u00e9g\u00e9tal :<\/strong> Respectueux de l'environnement et doux pour vous et la nature.<\/li>\n<li><strong>Convient \u00e0 Plusieurs Outils :<\/strong> Convient aux haches tomahawk, marteaux et autres outils.<\/li>\n<li><strong>Fixation de Ceinture :<\/strong> Con\u00e7u pour les ceintures jusqu'\u00e0 6 cm de large, offrant un acc\u00e8s facile \u00e0 vos outils pendant le travail.<\/li>\n<\/ul>\n<h3><span class=\"ez-toc-section\" id=\"Details\"><\/span>D\u00e9tails<span class=\"ez-toc-section-end\"><\/span><\/h3>\n<ul>\n<li><strong>Qualit\u00e9 du cuir :<\/strong> Cuir T\u00e4rnsj\u00f6 tann\u00e9 v\u00e9g\u00e9tal de 2 \u00e0 3 mm.<\/li>\n<li><strong>Taille:<\/strong> 4 cm de large.<\/li>\n<li><strong>Largeur de la courroie :<\/strong> Pour les ceintures jusqu'\u00e0 6 cm de large maximum.<\/li>\n<li><strong>Diam\u00e8tre int\u00e9rieur du support :<\/strong> Environ 4,2 cm.<\/li>\n<\/ul>\n<p>Investissez dans une solution durable et pratique pour garder vos outils \u00e0 port\u00e9e de main. Ce porte-hache n'est pas seulement un outil en lui-m\u00eame, mais aussi une d\u00e9claration de qualit\u00e9 et de conscience environnementale. Parfait pour les artisans professionnels et les amateurs de bricolage.<\/p>\n<p>D\u00e9couvrez les autres <a href=\"https:\/\/jjcustomworks.se\/fr\/magasin\/\">produits en cuir fabriqu\u00e9s \u00e0 la main<\/a> dans notre boutique et compl\u00e9tez votre \u00e9quipement. Visitez notre <a href=\"https:\/\/jjcustomworks.se\/fr\/categorie-de-produit\/fait-a-la-main\/feuilles\/\">cat\u00e9gorie d&#039;accessoires d&#039;outils<\/a> pour trouver d'autres solutions pratiques. Pour plus d'informations sur notre savoir-faire, visitez <a href=\"https:\/\/jjcustomworks.se\/fr\/\">notre site Web<\/a>.<\/p>","protected":false},"excerpt":{"rendered":"<p>Support de qualit\u00e9 pour haches ou outils tomahawk \u2013 fabriqu\u00e9 \u00e0 la main en cuir su\u00e9dois T\u00e4rnsj\u00f6<\/p>","protected":false},"featured_media":59525,"template":"","meta":[],"product_brand":[],"product_cat":[8205,6423],"product_tag":[],"class_list":{"0":"post-59529","1":"product","2":"type-product","3":"status-publish","4":"has-post-thumbnail","6":"product_cat-sheats","7":"product_cat-axe-accessories","9":"first","10":"instock","11":"sale","12":"taxable","13":"shipping-taxable","14":"purchasable","15":"product-type-simple"},"_links":{"self":[{"href":"https:\/\/jjcustomworks.se\/fr\/wp-json\/wp\/v2\/product\/59529","targetHints":{"allow":["GET"]}}],"collection":[{"href":"https:\/\/jjcustomworks.se\/fr\/wp-json\/wp\/v2\/product"}],"about":[{"href":"https:\/\/jjcustomworks.se\/fr\/wp-json\/wp\/v2\/types\/product"}],"wp:featuredmedia":[{"embeddable":true,"href":"https:\/\/jjcustomworks.se\/fr\/wp-json\/wp\/v2\/media\/59525"}],"wp:attachment":[{"href":"https:\/\/jjcustomworks.se\/fr\/wp-json\/wp\/v2\/media?parent=59529"}],"wp:term":[{"taxonomy":"product_brand","embeddable":true,"href":"https:\/\/jjcustomworks.se\/fr\/wp-json\/wp\/v2\/product_brand?post=59529"},{"taxonomy":"product_cat","embeddable":true,"href":"https:\/\/jjcustomworks.se\/fr\/wp-json\/wp\/v2\/product_cat?post=59529"},{"taxonomy":"product_tag","embeddable":true,"href":"https:\/\/jjcustomworks.se\/fr\/wp-json\/wp\/v2\/product_tag?post=59529"}],"curies":[{"name":"wp","href":"https:\/\/api.w.org\/{rel}","templated":true}]}}