{"id":59528,"date":"2025-03-14T14:53:02","date_gmt":"2025-03-14T13:53:02","guid":{"rendered":"https:\/\/jjcustomworks.se\/product\/handmade-beltholder-for-axes-and-tools-swedish-premium-leather-product-2\/"},"modified":"2025-10-16T16:16:07","modified_gmt":"2025-10-16T14:16:07","slug":"porte-hache-outils-cuir-fait-main-ceinture-2","status":"publish","type":"product","link":"https:\/\/jjcustomworks.se\/fr\/produit\/porte-hache-outils-cuir-fait-main-ceinture-2\/","title":{"rendered":"Porte-Hache et Outils en Cuir Fait Main | JJ Custom Works"},"content":{"rendered":"<h1><span class=\"ez-toc-section\" id=\"Porte-Hache_et_Outils_en_Cuir_Fait_Main_pour_Ceinture_JJ_Custom_Works\"><\/span>Porte-Hache et Outils en Cuir Fait Main pour Ceinture | JJ Custom Works<span class=\"ez-toc-section-end\"><\/span><\/h1>\n<h2><span class=\"ez-toc-section\" id=\"Cuir_Suedois_Premium_pour_Artisans\"><\/span>Cuir Su\u00e9dois Premium pour Artisans<span class=\"ez-toc-section-end\"><\/span><\/h2>\n<p>Ce porte-hache et outils fait main est fabriqu\u00e9 en Su\u00e8de \u00e0 partir du meilleur cuir su\u00e9dois premium. Le cuir tann\u00e9 v\u00e9g\u00e9tal garantit un processus doux et non dangereux, contrairement au cuir tann\u00e9 au chrome. Parfait pour les artisans et les amateurs de plein air qui appr\u00e9cient la qualit\u00e9 et la durabilit\u00e9. D\u00e9couvrez notre s\u00e9lection d'<a href=\"https:\/\/jjcustomworks.se\/fr\/magasin\/\">autres produits en cuir faits main<\/a> qui compl\u00e8tent votre \u00e9quipement.<\/p>\n\n<h3><span class=\"ez-toc-section\" id=\"Convient_aux_Haches_Marteaux_et_Outils\"><\/span>Convient aux Haches, Marteaux et Outils<span class=\"ez-toc-section-end\"><\/span><\/h3>\n<p>Con\u00e7u pour s'adapter aux haches tomahawk, mais \u00e9galement adapt\u00e9 \u00e0 d'autres types de haches, de marteaux et d'outils. La construction robuste garantit que vos outils sont maintenus en s\u00e9curit\u00e9 pendant que vous travaillez. Pour d\u00e9couvrir d'autres accessoires pour outils, visitez notre <a href=\"https:\/\/jjcustomworks.se\/fr\/categorie-de-produit\/autres_produits\/other-jewelry\/\">cat\u00e9gorie d&#039;outils<\/a>.<\/p>\n\n<h3><span class=\"ez-toc-section\" id=\"Specifications_du_Porte-Hache_et_Outils\"><\/span>Sp\u00e9cifications du Porte-Hache et Outils :<span class=\"ez-toc-section-end\"><\/span><\/h3>\n<ul>\n <li><strong>Qualit\u00e9 du cuir :<\/strong> Cuir T\u00e4rnsj\u00f6 tann\u00e9 v\u00e9g\u00e9tal 2 \u00e0 3 mm<\/li>\n <li><strong>Taille:<\/strong> 4 cm de large<\/li>\n <li><strong>Largeur maximale de la courroie :<\/strong> Pour les ceintures jusqu'\u00e0 6 cm de large<\/li>\n <li><strong>Diam\u00e8tre int\u00e9rieur du support :<\/strong> env. 4,2 cm<\/li>\n<\/ul>\n\n<p>Ce support combine l'artisanat traditionnel avec une fonctionnalit\u00e9 pratique. Obtenez votre porte-hache et outils fait main d\u00e8s aujourd'hui et d\u00e9couvrez la diff\u00e9rence ! Visitez <a href=\"https:\/\/jjcustomworks.se\/fr\/\">notre site Web<\/a> pour voir toute notre gamme.<\/p>","protected":false},"excerpt":{"rendered":"<p>Support de qualit\u00e9 pour haches ou outils tomahawk \u2013 fabriqu\u00e9 \u00e0 la main en cuir su\u00e9dois T\u00e4rnsj\u00f6<\/p>","protected":false},"featured_media":59523,"template":"","meta":[],"product_brand":[],"product_cat":[8205,6423],"product_tag":[],"class_list":{"0":"post-59528","1":"product","2":"type-product","3":"status-publish","4":"has-post-thumbnail","6":"product_cat-sheats","7":"product_cat-axe-accessories","9":"first","10":"instock","11":"featured","12":"taxable","13":"shipping-taxable","14":"purchasable","15":"product-type-simple"},"_links":{"self":[{"href":"https:\/\/jjcustomworks.se\/fr\/wp-json\/wp\/v2\/product\/59528","targetHints":{"allow":["GET"]}}],"collection":[{"href":"https:\/\/jjcustomworks.se\/fr\/wp-json\/wp\/v2\/product"}],"about":[{"href":"https:\/\/jjcustomworks.se\/fr\/wp-json\/wp\/v2\/types\/product"}],"wp:featuredmedia":[{"embeddable":true,"href":"https:\/\/jjcustomworks.se\/fr\/wp-json\/wp\/v2\/media\/59523"}],"wp:attachment":[{"href":"https:\/\/jjcustomworks.se\/fr\/wp-json\/wp\/v2\/media?parent=59528"}],"wp:term":[{"taxonomy":"product_brand","embeddable":true,"href":"https:\/\/jjcustomworks.se\/fr\/wp-json\/wp\/v2\/product_brand?post=59528"},{"taxonomy":"product_cat","embeddable":true,"href":"https:\/\/jjcustomworks.se\/fr\/wp-json\/wp\/v2\/product_cat?post=59528"},{"taxonomy":"product_tag","embeddable":true,"href":"https:\/\/jjcustomworks.se\/fr\/wp-json\/wp\/v2\/product_tag?post=59528"}],"curies":[{"name":"wp","href":"https:\/\/api.w.org\/{rel}","templated":true}]}}