{"id":59522,"date":"2025-03-14T14:52:53","date_gmt":"2025-03-14T13:52:53","guid":{"rendered":"https:\/\/jjcustomworks.se\/product\/handmade-beltholder-for-axes-and-tools-swedish-premium-leather-product\/"},"modified":"2026-03-14T10:13:58","modified_gmt":"2026-03-14T09:13:58","slug":"porte-hache-outil-ceinture-fait-main-2","status":"publish","type":"product","link":"https:\/\/jjcustomworks.se\/fr\/produit\/porte-hache-outil-ceinture-fait-main-2\/","title":{"rendered":"Porte-Hache et Outil Ceinture Fait Main | JJ Custom Works"},"content":{"rendered":"<h1><span class=\"ez-toc-section\" id=\"Porte-Hache_et_Outil_Fait_Main_pour_Ceinture\"><\/span>Porte-hache et porte-outils fait main pour ceinture<span class=\"ez-toc-section-end\"><\/span><\/h1>\n<h2><span class=\"ez-toc-section\" id=\"Cuir_Premium_Suedois_pour_Artisans\"><\/span>Cuir Premium Su\u00e9dois pour Artisans<span class=\"ez-toc-section-end\"><\/span><\/h2>\n<p>Ce porte-hache et outil fait main est fabriqu\u00e9 en Su\u00e8de \u00e0 partir du meilleur cuir premium su\u00e9dois possible.  Le cuir tann\u00e9 v\u00e9g\u00e9tal est doux et respectueux de l'environnement, ce qui en fait un choix durable par rapport au cuir tann\u00e9 au chrome. Parfait pour les artisans qui appr\u00e9cient la qualit\u00e9 et la conscience environnementale.<\/p>\n\n<h3><span class=\"ez-toc-section\" id=\"Utilisation_polyvalente\"><\/span>Utilisation polyvalente<span class=\"ez-toc-section-end\"><\/span><\/h3>\n<p>Le support est con\u00e7u pour s'adapter aux haches Tomahawk, mais fonctionne \u00e9galement tr\u00e8s bien pour d'autres types de haches, de marteaux et d'outils divers. Une solution flexible pour garder vos outils les plus importants \u00e0 port\u00e9e de main.<\/p>\n\n<h3><span class=\"ez-toc-section\" id=\"Specifications\"><\/span>Caract\u00e9ristiques<span class=\"ez-toc-section-end\"><\/span><\/h3>\n<ul>\n <li><strong>Qualit\u00e9 du cuir :<\/strong> Cuir T\u00e4rnsj\u00f6 tann\u00e9 v\u00e9g\u00e9tal 2 \u00e0 3 mm<\/li>\n <li><strong>Taille:<\/strong> 4 cm de large<\/li>\n <li><strong>Convient \u00e0 la ceinture :<\/strong> Max. 6 cm de large<\/li>\n <li><strong>Diam\u00e8tre int\u00e9rieur du support :<\/strong> Env. 4,2 cm<\/li>\n<\/ul>\n\n<p>Investissez dans un porte-outil durable et fonctionnel, \u00e0 la fois doux pour l'environnement et con\u00e7u pour durer. D\u00e9couvrez d'autres <a href=\"https:\/\/jjcustomworks.se\/fr\/magasin\/\">Produits en cuir faits \u00e0 la main<\/a> dans notre collection. Pour plus d'informations sur nos mat\u00e9riaux durables, visitez notre <a href=\"https:\/\/jjcustomworks.se\/fr\/categorie-de-produit\/autres_produits\/other-jewelry\/\">atelier de cuir<\/a>. Ne manquez pas nos autres <a href=\"https:\/\/jjcustomworks.se\/fr\/\">Produits faits \u00e0 la main<\/a>.<\/p>","protected":false},"excerpt":{"rendered":"<p>K\u00f6p handgjord yx och verktygsh\u00e5llare i \u00e4kta svenskt veg l\u00e4der &#8211; b\u00e4sta kvalitet och h\u00e5llbarhet. Perfekt f\u00f6r b\u00e5de professionella och hobbyanv\u00e4ndare. Best\u00e4ll nu och f\u00e5 snabb leverans.<\/p>","protected":false},"featured_media":59521,"template":"","meta":[],"product_brand":[],"product_cat":[8205,6423],"product_tag":[],"class_list":{"0":"post-59522","1":"product","2":"type-product","3":"status-publish","4":"has-post-thumbnail","6":"product_cat-sheats","7":"product_cat-axe-accessories","9":"first","10":"instock","11":"sale","12":"taxable","13":"shipping-taxable","14":"purchasable","15":"product-type-simple"},"_links":{"self":[{"href":"https:\/\/jjcustomworks.se\/fr\/wp-json\/wp\/v2\/product\/59522","targetHints":{"allow":["GET"]}}],"collection":[{"href":"https:\/\/jjcustomworks.se\/fr\/wp-json\/wp\/v2\/product"}],"about":[{"href":"https:\/\/jjcustomworks.se\/fr\/wp-json\/wp\/v2\/types\/product"}],"wp:featuredmedia":[{"embeddable":true,"href":"https:\/\/jjcustomworks.se\/fr\/wp-json\/wp\/v2\/media\/59521"}],"wp:attachment":[{"href":"https:\/\/jjcustomworks.se\/fr\/wp-json\/wp\/v2\/media?parent=59522"}],"wp:term":[{"taxonomy":"product_brand","embeddable":true,"href":"https:\/\/jjcustomworks.se\/fr\/wp-json\/wp\/v2\/product_brand?post=59522"},{"taxonomy":"product_cat","embeddable":true,"href":"https:\/\/jjcustomworks.se\/fr\/wp-json\/wp\/v2\/product_cat?post=59522"},{"taxonomy":"product_tag","embeddable":true,"href":"https:\/\/jjcustomworks.se\/fr\/wp-json\/wp\/v2\/product_tag?post=59522"}],"curies":[{"name":"wp","href":"https:\/\/api.w.org\/{rel}","templated":true}]}}