{"id":59512,"date":"2025-03-14T14:52:46","date_gmt":"2025-03-14T13:52:46","guid":{"rendered":"https:\/\/jjcustomworks.se\/product\/samurai-sword-12\/"},"modified":"2025-10-17T03:28:05","modified_gmt":"2025-10-17T01:28:05","slug":"epee-samourai-lame-acier-inoxydable","status":"publish","type":"product","link":"https:\/\/jjcustomworks.se\/fr\/produit\/epee-samourai-lame-acier-inoxydable\/","title":{"rendered":"Samurai Sword - Lame en Acier Inoxydable 40.25\""},"content":{"rendered":"<h1><span class=\"ez-toc-section\" id=\"Epee_de_Samourai\"><\/span>\u00e9p\u00e9e de samoura\u00ef<span class=\"ez-toc-section-end\"><\/span><\/h1>\n\n<h2><span class=\"ez-toc-section\" id=\"Authentique_Epee_de_Samourai_avec_des_Details_Distinctifs\"><\/span>Authentique \u00e9p\u00e9e de samoura\u00ef avec des d\u00e9tails distinctifs<span class=\"ez-toc-section-end\"><\/span><\/h2>\n\n<p>Cette \u00e9p\u00e9e de samoura\u00ef est parfaite pour les collectionneurs et les passionn\u00e9s qui appr\u00e9cient le design traditionnel. Avec une longueur totale de 40.25 pouces et une lame en acier inoxydable, cette \u00e9p\u00e9e combine esth\u00e9tique et durabilit\u00e9. Le fourreau pr\u00e9sente un motif unique d'\u00e9claboussures de peinture rouge sur fond blanc, offrant un contraste accrocheur. Le manche est envelopp\u00e9 d'une corde rouge de style \u00e9claboussure, offrant une prise en main s\u00fbre et confortable. Ajoutez cette \u00e9p\u00e9e de samoura\u00ef unique \u00e0 votre collection d\u00e8s aujourd'hui. Vous pouvez trouver d'autres <a href=\"https:\/\/jjcustomworks.se\/fr\/categorie-de-produit\/autres_produits\/swords\/swords-japan\/\">\u00e9p\u00e9es de collection ici<\/a>, et si vous avez besoin d'un \u00e9tui pour votre \u00e9p\u00e9e, nous avons plusieurs <a href=\"https:\/\/jjcustomworks.se\/fr\/magasin\/\">\u00e9tuis \u00e0 \u00e9p\u00e9e diff\u00e9rents dans notre gamme<\/a>.<\/p>\n\n<h3><span class=\"ez-toc-section\" id=\"Specifications\"><\/span>Caract\u00e9ristiques:<span class=\"ez-toc-section-end\"><\/span><\/h3>\n\n<ul>\n <li><b>Longueur totale :<\/b> 40,25 pouces<\/li>\n <li><b>Mat\u00e9riau de la lame :<\/b> Acier inoxydable<\/li>\n <li><b>Manche:<\/b> 10.25 pouces, enveloppe de corde rouge et motif \u00e9claboussures<\/li>\n <li><b>Fourreau :<\/b> Blanc avec \u00e9claboussures de peinture rouge<\/li>\n<\/ul>\n\n<p>Cette \u00e9p\u00e9e de samoura\u00ef ajoute une touche distinctive \u00e0 toute collection. Ne manquez pas la chance de poss\u00e9der cet objet unique. <a href=\"https:\/\/jjcustomworks.se\/fr\/\">Visitez notre site Web<\/a> pour voir d&#039;autres produits similaires.<\/p>","protected":false},"excerpt":{"rendered":"<p>\u00c9p\u00e9e de Samoura\u00ef Authentique \u00c9p\u00e9e de Samoura\u00ef avec des D\u00e9tails Distinctifs Cette \u00e9p\u00e9e de samoura\u00ef est parfaite pour les collectionneurs et les passionn\u00e9s qui appr\u00e9cient le design traditionnel. Avec une longueur totale de 40.25 pouces et une lame en acier inoxydable, cette \u00e9p\u00e9e combine esth\u00e9tique et durabilit\u00e9. Le fourreau pr\u00e9sente un motif unique d&#8217;\u00e9claboussures de [&#8230;]\n","protected":false},"featured_media":59507,"template":"","meta":[],"product_brand":[],"product_cat":[1275],"product_tag":[],"class_list":{"0":"post-59512","1":"product","2":"type-product","3":"status-publish","4":"has-post-thumbnail","6":"product_cat-swords-europe","8":"first","9":"instock","10":"sale","11":"taxable","12":"shipping-taxable","13":"purchasable","14":"product-type-simple"},"_links":{"self":[{"href":"https:\/\/jjcustomworks.se\/fr\/wp-json\/wp\/v2\/product\/59512","targetHints":{"allow":["GET"]}}],"collection":[{"href":"https:\/\/jjcustomworks.se\/fr\/wp-json\/wp\/v2\/product"}],"about":[{"href":"https:\/\/jjcustomworks.se\/fr\/wp-json\/wp\/v2\/types\/product"}],"wp:featuredmedia":[{"embeddable":true,"href":"https:\/\/jjcustomworks.se\/fr\/wp-json\/wp\/v2\/media\/59507"}],"wp:attachment":[{"href":"https:\/\/jjcustomworks.se\/fr\/wp-json\/wp\/v2\/media?parent=59512"}],"wp:term":[{"taxonomy":"product_brand","embeddable":true,"href":"https:\/\/jjcustomworks.se\/fr\/wp-json\/wp\/v2\/product_brand?post=59512"},{"taxonomy":"product_cat","embeddable":true,"href":"https:\/\/jjcustomworks.se\/fr\/wp-json\/wp\/v2\/product_cat?post=59512"},{"taxonomy":"product_tag","embeddable":true,"href":"https:\/\/jjcustomworks.se\/fr\/wp-json\/wp\/v2\/product_tag?post=59512"}],"curies":[{"name":"wp","href":"https:\/\/api.w.org\/{rel}","templated":true}]}}