{"id":59492,"date":"2025-03-14T14:52:31","date_gmt":"2025-03-14T13:52:31","guid":{"rendered":"https:\/\/jjcustomworks.se\/product\/samurai-sword-11\/"},"modified":"2026-03-24T15:12:40","modified_gmt":"2026-03-24T14:12:40","slug":"samurai-sword-11","status":"publish","type":"product","link":"https:\/\/jjcustomworks.se\/fr\/produit\/samurai-sword-11\/","title":{"rendered":"Samoura\u00ef 40\" Pr\u00e9sentation | Blades USA"},"content":{"rendered":"<h1><span class=\"ez-toc-section\" id=\"Samourai\"><\/span>Samoura\u00ef<span class=\"ez-toc-section-end\"><\/span><\/h1>\n<h2><span class=\"ez-toc-section\" id=\"Authentique_Samourai_pour_Presentation\"><\/span>Authentique Samoura\u00ef pour Pr\u00e9sentation<span class=\"ez-toc-section-end\"><\/span><\/h2>\n<p>Ce sabre de samoura\u00ef de Blades USA est parfait pour ceux qui appr\u00e9cient la culture et la tradition japonaises. Avec sa longueur totale de 40 pouces et fabriqu\u00e9 en acier au carbone, ce sabre est une r\u00e9plique impressionnante qui capture l'essence de l'esprit samoura\u00ef classique. La poign\u00e9e d\u00e9taill\u00e9e, envelopp\u00e9e de cordon noir, blanc et rouge, offre une prise et une apparence authentiques. Un fourreau en bois noir avec des inscriptions japonaises est inclus, ce qui compl\u00e8te la pr\u00e9sentation et prot\u00e8ge la lame.<\/p>\n\n<h3><span class=\"ez-toc-section\" id=\"Caracteristiques_et_avantages\"><\/span>Caract\u00e9ristiques et avantages<span class=\"ez-toc-section-end\"><\/span><\/h3>\n<ul>\n <li><strong>Longueur totale :<\/strong> 40 pouces \u2013 Un objet de collection et une pi\u00e8ce d'exposition impressionnants.<\/li>\n <li><strong>Mat\u00e9riel:<\/strong> Acier au carbone \u2013 Donne au sabre une sensation authentique et une durabilit\u00e9.<\/li>\n <li><strong>Poign\u00e9e:<\/strong> Cordon noir, blanc et rouge \u2013 Offre un look traditionnel et une prise en main confortable.<\/li>\n <li><strong>Fourreau :<\/strong> Bois noir avec inscriptions japonaises \u2013 Prot\u00e8ge la lame et ajoute \u00e0 la pr\u00e9sentation esth\u00e9tique.<\/li>\n<\/ul>\n\n<p>Ce sabre de samoura\u00ef est id\u00e9al pour \u00eatre expos\u00e9 dans votre maison, votre bureau ou votre dojo. Pour ceux qui recherchent un sabre similaire, notre <a href=\"https:\/\/jjcustomworks.se\/fr\/magasin\/\">s\u00e9lection de sabres de pr\u00e9sentation<\/a> peut offrir d'autres alternatives. Compl\u00e9tez votre collection avec ce sabre de samoura\u00ef unique. Visitez notre <a href=\"https:\/\/jjcustomworks.se\/fr\/categorie-de-produit\/autres_produits\/other-jewelry\/\">cat\u00e9gorie d&#039;objets de collection<\/a> pour trouver d'autres produits passionnants. D\u00e9couvrez toute notre gamme sur <a href=\"https:\/\/jjcustomworks.se\/fr\/\">notre site Web<\/a>.<\/p>","protected":false},"excerpt":{"rendered":"<p>K\u00f6p autentiska samurajsv\u00e4rd av h\u00f6g kvalitet &#8211; Samurai Sword. Utforska v\u00e5rt breda sortiment av samurajsv\u00e4rd f\u00f6r samlare och entusiaster. Uppt\u00e4ck den \u00e4kta japanska k\u00e4nslan och sk\u00f6nheten hos dessa historiska vapen. Best\u00e4ll ditt samurajsv\u00e4rd idag och f\u00e5 en unik och imponerande tillskott till din samling.<\/p>","protected":false},"featured_media":59489,"template":"","meta":[],"product_brand":[],"product_cat":[1275],"product_tag":[],"class_list":{"0":"post-59492","1":"product","2":"type-product","3":"status-publish","4":"has-post-thumbnail","6":"product_cat-swords-europe","8":"first","9":"instock","10":"sale","11":"taxable","12":"shipping-taxable","13":"purchasable","14":"product-type-simple"},"_links":{"self":[{"href":"https:\/\/jjcustomworks.se\/fr\/wp-json\/wp\/v2\/product\/59492","targetHints":{"allow":["GET"]}}],"collection":[{"href":"https:\/\/jjcustomworks.se\/fr\/wp-json\/wp\/v2\/product"}],"about":[{"href":"https:\/\/jjcustomworks.se\/fr\/wp-json\/wp\/v2\/types\/product"}],"wp:featuredmedia":[{"embeddable":true,"href":"https:\/\/jjcustomworks.se\/fr\/wp-json\/wp\/v2\/media\/59489"}],"wp:attachment":[{"href":"https:\/\/jjcustomworks.se\/fr\/wp-json\/wp\/v2\/media?parent=59492"}],"wp:term":[{"taxonomy":"product_brand","embeddable":true,"href":"https:\/\/jjcustomworks.se\/fr\/wp-json\/wp\/v2\/product_brand?post=59492"},{"taxonomy":"product_cat","embeddable":true,"href":"https:\/\/jjcustomworks.se\/fr\/wp-json\/wp\/v2\/product_cat?post=59492"},{"taxonomy":"product_tag","embeddable":true,"href":"https:\/\/jjcustomworks.se\/fr\/wp-json\/wp\/v2\/product_tag?post=59492"}],"curies":[{"name":"wp","href":"https:\/\/api.w.org\/{rel}","templated":true}]}}