{"id":59491,"date":"2025-03-14T14:52:30","date_gmt":"2025-03-14T13:52:30","guid":{"rendered":"https:\/\/jjcustomworks.se\/product\/sw-79-samurai-sword\/"},"modified":"2025-11-28T21:37:35","modified_gmt":"2025-11-28T20:37:35","slug":"sw-79-katana-samourai-40-pouces","status":"publish","type":"product","link":"https:\/\/jjcustomworks.se\/fr\/produit\/sw-79-katana-samourai-40-pouces\/","title":{"rendered":"SW-79 Katana Samoura\u00ef 40 pouces | Blades USA"},"content":{"rendered":"<h1><span class=\"ez-toc-section\" id=\"SW-79_Katana_Samourai\"><\/span>SW-79 Katana Samoura\u00ef<span class=\"ez-toc-section-end\"><\/span><\/h1>\n<h2><span class=\"ez-toc-section\" id=\"Katana_Samourai_Authentique_avec_Lame_en_Acier_Carbone\"><\/span>Katana Samoura\u00ef Authentique avec Lame en Acier Carbone<span class=\"ez-toc-section-end\"><\/span><\/h2>\n<p>D\u00e9couvrez la puissance et la beaut\u00e9 de ce Katana Samoura\u00ef de 40 pouces. Dot\u00e9 d'une lame de 26,5 pouces en acier carbone de 4 mm d'\u00e9paisseur, ce sabre allie design traditionnel et fabrication moderne. La lame lisse et mate apporte une touche \u00e9l\u00e9gante, tandis que la reliure rouge autour du manche, associ\u00e9e \u00e0 une tsuba en alliage de zinc, assure une prise en main s\u00fbre et confortable. Le sabre est livr\u00e9 avec un fourreau blanc orn\u00e9 d'une impression de samoura\u00ef et un support en bois assorti pour la pr\u00e9sentation.<\/p>\n<h3><span class=\"ez-toc-section\" id=\"Caracteristiques\"><\/span>Caract\u00e9ristiques:<span class=\"ez-toc-section-end\"><\/span><\/h3>\n<ul>\n <li><strong>Longueur totale :<\/strong> 40 pouces<\/li>\n <li><strong>Longueur de la lame :<\/strong> 26,5 pouces<\/li>\n <li><strong>\u00c9paisseur de la lame :<\/strong> 4MM<\/li>\n <li><strong>Mat\u00e9riel:<\/strong> Acier carbone (lame), alliage de zinc (tsuba)<\/li>\n <li><strong>Manche:<\/strong> Reliure rouge pour une prise s\u00fbre<\/li>\n <li><strong>Fourreau :<\/strong> Blanc avec impression de samoura\u00ef<\/li>\n <li><strong>Support:<\/strong> Support en bois inclus<\/li>\n<\/ul>\n<p>Ce Katana Samoura\u00ef est parfait pour les collectionneurs, les passionn\u00e9s ou comme cadeau unique. Montrez votre appr\u00e9ciation pour la culture japonaise et les arts martiaux avec ce sabre impressionnant. Achetez votre Katana Samoura\u00ef d\u00e8s aujourd'hui! Ne manquez pas la chance de poss\u00e9der cet objet de collection unique. D\u00e9couvrez nos autres <a href=\"https:\/\/jjcustomworks.se\/fr\/magasin\/\">katanas samoura\u00efs<\/a> pour plus d'options. Explorez notre s\u00e9lection de <a href=\"https:\/\/jjcustomworks.se\/fr\/categorie-de-produit\/autres_produits\/other-jewelry\/\">sabres authentiques<\/a> et compl\u00e9tez votre collection. <a href=\"https:\/\/jjcustomworks.se\/fr\/\">Visitez Blades USA<\/a> pour voir toute notre gamme.<\/p>","protected":false},"excerpt":{"rendered":"<p>SW-79 Katana Samoura\u00ef Katana Samoura\u00ef Authentique avec Lame en Acier Carbone D\u00e9couvrez la puissance et la beaut\u00e9 de ce Katana Samoura\u00ef de 40 pouces. Dot\u00e9 d&#8217;une lame de 26,5 pouces en acier carbone de 4 mm d&#8217;\u00e9paisseur, ce sabre allie design traditionnel et fabrication moderne. La lame lisse et mate apporte une touche \u00e9l\u00e9gante, tandis [&#8230;]\n","protected":false},"featured_media":59487,"template":"","meta":[],"product_brand":[],"product_cat":[1275],"product_tag":[],"class_list":{"0":"post-59491","1":"product","2":"type-product","3":"status-publish","4":"has-post-thumbnail","6":"product_cat-swords-europe","8":"first","9":"instock","10":"taxable","11":"shipping-taxable","12":"purchasable","13":"product-type-simple"},"_links":{"self":[{"href":"https:\/\/jjcustomworks.se\/fr\/wp-json\/wp\/v2\/product\/59491","targetHints":{"allow":["GET"]}}],"collection":[{"href":"https:\/\/jjcustomworks.se\/fr\/wp-json\/wp\/v2\/product"}],"about":[{"href":"https:\/\/jjcustomworks.se\/fr\/wp-json\/wp\/v2\/types\/product"}],"wp:featuredmedia":[{"embeddable":true,"href":"https:\/\/jjcustomworks.se\/fr\/wp-json\/wp\/v2\/media\/59487"}],"wp:attachment":[{"href":"https:\/\/jjcustomworks.se\/fr\/wp-json\/wp\/v2\/media?parent=59491"}],"wp:term":[{"taxonomy":"product_brand","embeddable":true,"href":"https:\/\/jjcustomworks.se\/fr\/wp-json\/wp\/v2\/product_brand?post=59491"},{"taxonomy":"product_cat","embeddable":true,"href":"https:\/\/jjcustomworks.se\/fr\/wp-json\/wp\/v2\/product_cat?post=59491"},{"taxonomy":"product_tag","embeddable":true,"href":"https:\/\/jjcustomworks.se\/fr\/wp-json\/wp\/v2\/product_tag?post=59491"}],"curies":[{"name":"wp","href":"https:\/\/api.w.org\/{rel}","templated":true}]}}