{"id":59488,"date":"2025-03-14T14:52:30","date_gmt":"2025-03-14T13:52:30","guid":{"rendered":"https:\/\/jjcustomworks.se\/product\/cold-steel-88t-emperor-series-o-tanto-sword\/"},"modified":"2025-10-17T03:28:22","modified_gmt":"2025-10-17T01:28:22","slug":"cold-steel-emperor-o-tanto-epee","status":"publish","type":"product","link":"https:\/\/jjcustomworks.se\/fr\/produit\/cold-steel-emperor-o-tanto-epee\/","title":{"rendered":"Cold Steel Emperor O Tanto - \u00c9p\u00e9e Acier Carbone 1060"},"content":{"rendered":"<h1><span class=\"ez-toc-section\" id=\"Epee_Cold_Steel_Emperor_Series_O_Tanto\"><\/span>\u00c9p\u00e9e Cold Steel Emperor Series O Tanto<span class=\"ez-toc-section-end\"><\/span><\/h1>\n<h2><span class=\"ez-toc-section\" id=\"Design_Japonais_Authentique_et_Tranchant_Superieur\"><\/span>Design Japonais Authentique et Tranchant Sup\u00e9rieur<span class=\"ez-toc-section-end\"><\/span><\/h2>\n<p>L'Emperor O Tanto de Cold Steel est con\u00e7u pour refl\u00e9ter certaines des caract\u00e9ristiques les plus distinctives du design des \u00e9p\u00e9es japonaises. La poign\u00e9e est recouverte de sam\u00e9 (peau de raie) et \u00e9troitement envelopp\u00e9e dans le style traditionnel avec une corde de soie noire. Un magnifique Menuki (une petite sculpture ornementale ins\u00e9r\u00e9e entre la peau de raie et les enroulements de corde) am\u00e9liore encore l'apparence de la poign\u00e9e.<\/p>\n<p>Toutes nos \u00e9p\u00e9es Emperor sont dot\u00e9es de lames en acier carbone 1060 enti\u00e8rement aff\u00fbt\u00e9es qui sont trait\u00e9es thermiquement pour un revenu de ressort r\u00e9sistant. La lame est ensuite soigneusement finie \u00e0 la main avec un beau polissage miroir appliqu\u00e9 sur la goutti\u00e8re.<\/p>\n<h3><span class=\"ez-toc-section\" id=\"Materiaux_de_Haute_Qualite_et_Artisanat_Traditionnel\"><\/span>Mat\u00e9riaux de Haute Qualit\u00e9 et Artisanat Traditionnel<span class=\"ez-toc-section-end\"><\/span><\/h3>\n<ul>\n <li>Tsuba (garde), Fuchi (collier) et Kashira (pommeau) fabriqu\u00e9s en maillechort<\/li>\n <li>Habaki (collier de lame) est fait \u00e0 la main en maillechort<\/li>\n <li>Manche en Sam\u00e9 (peau de raie) avec cordon de tresse noire et Menuki en laiton<\/li>\n <li>Fourreau en bois laqu\u00e9 noir inclus<\/li>\n<\/ul>\n<h3><span class=\"ez-toc-section\" id=\"Specifications\"><\/span>Caract\u00e9ristiques:<span class=\"ez-toc-section-end\"><\/span><\/h3>\n<ul>\n <li>Poids : 567 g<\/li>\n <li>\u00c9paisseur de la lame : 7,9 mm<\/li>\n <li>Longueur de la lame : 33,7 cm<\/li>\n <li>Acier de la lame : acier au carbone 1060<\/li>\n <li>Longueur du manche : 15,6 cm<\/li>\n <li>Longueur totale : 49,2 cm<\/li>\n<\/ul>\n<p>D\u00e9couvrez l'art traditionnel de l'\u00e9p\u00e9e japonaise avec le Cold Steel Emperor O Tanto. <a href=\"https:\/\/jjcustomworks.se\/fr\/magasin\/\">Explorez notre gamme de produits Cold Steel<\/a> pour trouver d'autres lames exceptionnelles. D\u00e9couvrez davantage de d\u00e9tails sur les <a href=\"https:\/\/jjcustomworks.se\/fr\/categorie-de-produit\/autres_produits\/other-jewelry\/\">katanas<\/a> et autres \u00e9p\u00e9es japonaises de notre collection. Pour plus d'informations sur Cold Steel et nos produits, visitez notre <a href=\"https:\/\/jjcustomworks.se\/fr\/\">page d&#039;accueil<\/a>.<\/p>","protected":false},"excerpt":{"rendered":"<p>\u00c9p\u00e9e Cold Steel Emperor Series O Tanto Design Japonais Authentique et Tranchant Sup\u00e9rieur L&#8217;Emperor O Tanto de Cold Steel est con\u00e7u pour refl\u00e9ter certaines des caract\u00e9ristiques les plus distinctives du design des \u00e9p\u00e9es japonaises. La poign\u00e9e est recouverte de sam\u00e9 (peau de raie) et \u00e9troitement envelopp\u00e9e dans le style traditionnel avec une corde de soie [&#8230;]\n","protected":false},"featured_media":59482,"template":"","meta":[],"product_brand":[],"product_cat":[1275],"product_tag":[],"class_list":{"0":"post-59488","1":"product","2":"type-product","3":"status-publish","4":"has-post-thumbnail","6":"product_cat-swords-europe","8":"first","9":"outofstock","10":"sale","11":"taxable","12":"shipping-taxable","13":"purchasable","14":"product-type-simple"},"_links":{"self":[{"href":"https:\/\/jjcustomworks.se\/fr\/wp-json\/wp\/v2\/product\/59488","targetHints":{"allow":["GET"]}}],"collection":[{"href":"https:\/\/jjcustomworks.se\/fr\/wp-json\/wp\/v2\/product"}],"about":[{"href":"https:\/\/jjcustomworks.se\/fr\/wp-json\/wp\/v2\/types\/product"}],"wp:featuredmedia":[{"embeddable":true,"href":"https:\/\/jjcustomworks.se\/fr\/wp-json\/wp\/v2\/media\/59482"}],"wp:attachment":[{"href":"https:\/\/jjcustomworks.se\/fr\/wp-json\/wp\/v2\/media?parent=59488"}],"wp:term":[{"taxonomy":"product_brand","embeddable":true,"href":"https:\/\/jjcustomworks.se\/fr\/wp-json\/wp\/v2\/product_brand?post=59488"},{"taxonomy":"product_cat","embeddable":true,"href":"https:\/\/jjcustomworks.se\/fr\/wp-json\/wp\/v2\/product_cat?post=59488"},{"taxonomy":"product_tag","embeddable":true,"href":"https:\/\/jjcustomworks.se\/fr\/wp-json\/wp\/v2\/product_tag?post=59488"}],"curies":[{"name":"wp","href":"https:\/\/api.w.org\/{rel}","templated":true}]}}