{"id":59486,"date":"2025-03-14T14:52:28","date_gmt":"2025-03-14T13:52:28","guid":{"rendered":"https:\/\/jjcustomworks.se\/product\/cold-steel-88bck-warrior-series-chisa-katana-sword\/"},"modified":"2025-10-17T03:28:02","modified_gmt":"2025-10-17T01:28:02","slug":"cold-steel-88bck-warrior-chisa-katana-epee","status":"publish","type":"product","link":"https:\/\/jjcustomworks.se\/fr\/produit\/cold-steel-88bck-warrior-chisa-katana-epee\/","title":{"rendered":"Cold Steel 88BCK Warrior Chisa Katana \u00c9p\u00e9e"},"content":{"rendered":"<h1><span class=\"ez-toc-section\" id=\"Cold_Steel_88BCK_Warrior_Series_Chisa_Katana_Epee\"><\/span>Cold Steel 88BCK Warrior Series Chisa Katana \u00c9p\u00e9e<span class=\"ez-toc-section-end\"><\/span><\/h1>\n<h2><span class=\"ez-toc-section\" id=\"Katana_haute_performance_et_abordable_pour_lentrainement\"><\/span>Katana haute performance et abordable pour l&#8217;entra\u00eenement<span class=\"ez-toc-section-end\"><\/span><\/h2>\n<p>L'\u00e9p\u00e9e Cold Steel Warrior Series Chisa Katana offre des performances exceptionnelles \u00e0 un prix abordable. Inspir\u00e9e de la populaire s\u00e9rie Emperor, la s\u00e9rie Warrior partage le m\u00eame acier au carbone 1060 de haute qualit\u00e9, le traitement thermique et la nettet\u00e9, mais avec une finition plus pratique au lieu du polissage miroir co\u00fbteux. Cela fait de la s\u00e9rie Warrior un choix id\u00e9al pour s'entra\u00eener et perfectionner les techniques de coupe (Tameshigiri) sans endommager ni ternir la lame. Obtenez votre <a href=\"https:\/\/jjcustomworks.se\/fr\/magasin\/\">Katana Cold Steel<\/a> abordable d\u00e8s aujourd'hui !<\/p>\n<h3><span class=\"ez-toc-section\" id=\"Caracteristiques\"><\/span>Caract\u00e9ristiques<span class=\"ez-toc-section-end\"><\/span><\/h3>\n<ul>\n <li>Poids : 42,5 oz<\/li>\n <li>\u00c9paisseur de la lame : 5\/16\"<\/li>\n <li>Longueur de la lame : 24-1\/2\"<\/li>\n <li>Acier de la lame : acier au carbone 1060<\/li>\n <li>Longueur du manche : 11-1\/2\"<\/li>\n <li>Longueur totale : 36&quot;<\/li>\n<\/ul>\n<h3><span class=\"ez-toc-section\" id=\"caracteristiques_supplementaires\"><\/span>caract\u00e9ristiques suppl\u00e9mentaires<span class=\"ez-toc-section-end\"><\/span><\/h3>\n<p>Cette \u00e9p\u00e9e est dot\u00e9e d'un fourreau en bois laqu\u00e9 noir, d'un manche Sam\u00e9 (peau de raie) avec cordon de tresse noire et de Menuki en laiton. Am\u00e9liorez vos s\u00e9ances d'entra\u00eenement avec cette \u00e9p\u00e9e fiable. Ne manquez pas cette offre et explorez notre s\u00e9lection d'<a href=\"https:\/\/jjcustomworks.se\/fr\/categorie-de-produit\/autres_produits\/swords\/swords-japan\/\">\u00c9p\u00e9es Katana<\/a> authentiques. Visitez notre <a href=\"https:\/\/jjcustomworks.se\/fr\/\">page d&#039;accueil<\/a> pour d\u00e9couvrir d'autres offres exceptionnelles !<\/p>","protected":false},"excerpt":{"rendered":"<p>Cold Steel 88BCK Warrior Series Chisa Katana \u00c9p\u00e9e Katana haute performance et abordable pour l&#8217;entra\u00eenement L&#8217;\u00e9p\u00e9e Cold Steel Warrior Series Chisa Katana offre des performances exceptionnelles \u00e0 un prix abordable. Inspir\u00e9e de la populaire s\u00e9rie Emperor, la s\u00e9rie Warrior partage le m\u00eame acier au carbone 1060 de haute qualit\u00e9, le traitement thermique et la nettet\u00e9, [&#8230;]\n","protected":false},"featured_media":59483,"template":"","meta":[],"product_brand":[],"product_cat":[1275],"product_tag":[],"class_list":{"0":"post-59486","1":"product","2":"type-product","3":"status-publish","4":"has-post-thumbnail","6":"product_cat-swords-europe","8":"first","9":"outofstock","10":"sale","11":"taxable","12":"shipping-taxable","13":"purchasable","14":"product-type-simple"},"_links":{"self":[{"href":"https:\/\/jjcustomworks.se\/fr\/wp-json\/wp\/v2\/product\/59486","targetHints":{"allow":["GET"]}}],"collection":[{"href":"https:\/\/jjcustomworks.se\/fr\/wp-json\/wp\/v2\/product"}],"about":[{"href":"https:\/\/jjcustomworks.se\/fr\/wp-json\/wp\/v2\/types\/product"}],"wp:featuredmedia":[{"embeddable":true,"href":"https:\/\/jjcustomworks.se\/fr\/wp-json\/wp\/v2\/media\/59483"}],"wp:attachment":[{"href":"https:\/\/jjcustomworks.se\/fr\/wp-json\/wp\/v2\/media?parent=59486"}],"wp:term":[{"taxonomy":"product_brand","embeddable":true,"href":"https:\/\/jjcustomworks.se\/fr\/wp-json\/wp\/v2\/product_brand?post=59486"},{"taxonomy":"product_cat","embeddable":true,"href":"https:\/\/jjcustomworks.se\/fr\/wp-json\/wp\/v2\/product_cat?post=59486"},{"taxonomy":"product_tag","embeddable":true,"href":"https:\/\/jjcustomworks.se\/fr\/wp-json\/wp\/v2\/product_tag?post=59486"}],"curies":[{"name":"wp","href":"https:\/\/api.w.org\/{rel}","templated":true}]}}