{"id":59485,"date":"2025-03-14T14:52:28","date_gmt":"2025-03-14T13:52:28","guid":{"rendered":"https:\/\/jjcustomworks.se\/product\/cold-steel-88g-gim-sword\/"},"modified":"2025-10-23T14:55:32","modified_gmt":"2025-10-23T12:55:32","slug":"cold-steel-88g-epee-gim","status":"publish","type":"product","link":"https:\/\/jjcustomworks.se\/fr\/produit\/cold-steel-88g-epee-gim\/","title":{"rendered":"Cold Steel 88G \u00c9p\u00e9e GIM | Acier Carbone de Haute Qualit\u00e9"},"content":{"rendered":"<h1><span class=\"ez-toc-section\" id=\"Cold_Steel_88G_Epee_GIM\"><\/span>Cold Steel 88G \u00c9p\u00e9e GIM<span class=\"ez-toc-section-end\"><\/span><\/h1>\n<h2><span class=\"ez-toc-section\" id=\"Authentique_Epee_dArts_Martiaux_Chinois_pour_Collectionneurs_et_Pratiquants\"><\/span>Authentique \u00c9p\u00e9e d&#8217;Arts Martiaux Chinois pour Collectionneurs et Pratiquants<span class=\"ez-toc-section-end\"><\/span><\/h2>\n<p>Apr\u00e8s une \u00e9tude approfondie de l'histoire et de l'utilisation du Wu Jian, ou \u00c9p\u00e9e Martiale, nous avons d\u00e9cid\u00e9 de fabriquer notre propre Gim digne des combats pour les collectionneurs s\u00e9rieux et les pratiquants d'arts martiaux chinois. La lame de notre Gim est forg\u00e9e en acier au carbone 1060 et trait\u00e9e thermiquement de mani\u00e8re experte. Avec des doubles tranchants et une pointe solide et utile, le Gim est aussi \u00e9l\u00e9gant qu'efficace. La garde et le pommeau traditionnels sont faits de laiton \u00e9pais et s'ajustent parfaitement sur un magnifique manche en bois de rose.<\/p>\n<h3><span class=\"ez-toc-section\" id=\"Caracteristiques_de_lEpee_Cold_Steel_88G_GIM\"><\/span>Caract\u00e9ristiques de l&#8217;\u00c9p\u00e9e Cold Steel 88G GIM :<span class=\"ez-toc-section-end\"><\/span><\/h3>\n<ul>\n    <li><strong>Mat\u00e9riau de la lame :<\/strong> Acier au Carbone 1060 \u2013 Offrant une r\u00e9sistance et un tranchant exceptionnels.<\/li>\n    <li><strong>Mat\u00e9riau du manche :<\/strong> Bois de Rose \u2013 Fournissant une prise en main confortable et s\u00fbre.<\/li>\n    <li><strong>Fourreau :<\/strong> Bois dur avec garnitures en laiton \u2013 Prot\u00e9geant la lame et permettant un stockage et un transport s\u00fbrs.<\/li>\n    <li><strong>Poids:<\/strong> 36oz (environ 1 kg) \u2013 Bien \u00e9quilibr\u00e9e pour une manipulation facile.<\/li>\n    <li><strong>\u00c9paisseur de la lame :<\/strong> 1\/4in (environ 6,35 mm) \u2013 Assurant durabilit\u00e9 et r\u00e9sistance pour le combat.<\/li>\n    <li><strong>Longueur de la lame :<\/strong> 30in (environ 76 cm) \u2013 Longueur optimale pour couper et poignarder.<\/li>\n    <li><strong>Longueur des manches:<\/strong> 7-1\/4in (environ 18 cm) \u2013 Con\u00e7u pour le confort et le contr\u00f4le.<\/li>\n    <li><strong>Longueur totale :<\/strong> 37-1\/4in (environ 95 cm) \u2013 Pr\u00e9sence et port\u00e9e imposantes.<\/li>\n<\/ul>\n<p>L'\u00e9p\u00e9e Gim est livr\u00e9e avec un fourreau en bois avec gorge, chape et anneaux d'\u00e9p\u00e9e en laiton, de sorte qu'elle peut \u00eatre port\u00e9e suspendue \u00e0 la ceinture ou en bandouli\u00e8re. Plongez dans le monde des anciens arts martiaux chinois avec cette magnifique \u00e9p\u00e9e. <a href=\"https:\/\/jjcustomworks.se\/fr\/magasin\/\">Explorez notre s\u00e9lection d'autres \u00e9p\u00e9es Cold Steel<\/a> pour trouver le compl\u00e9ment parfait \u00e0 votre collection. Visitez notre <a href=\"https:\/\/jjcustomworks.se\/fr\/categorie-de-produit\/autres_produits\/swords\/swords-other\/\">cat\u00e9gorie d'\u00e9p\u00e9es de collection<\/a> pour voir plus d'options et d\u00e9couvrez <a href=\"https:\/\/jjcustomworks.se\/fr\/\">notre gamme compl\u00e8te de produits<\/a> \u00e0 partir d&#039;aujourd&#039;hui.<\/p>","protected":false},"excerpt":{"rendered":"<p>Cold Steel 88G \u00c9p\u00e9e GIM Authentique \u00c9p\u00e9e d&#8217;Arts Martiaux Chinois pour Collectionneurs et Pratiquants Apr\u00e8s une \u00e9tude approfondie de l&#8217;histoire et de l&#8217;utilisation du Wu Jian, ou \u00c9p\u00e9e Martiale, nous avons d\u00e9cid\u00e9 de fabriquer notre propre Gim digne des combats pour les collectionneurs s\u00e9rieux et les pratiquants d&#8217;arts martiaux chinois. La lame de notre Gim [&#8230;]\n","protected":false},"featured_media":59481,"template":"","meta":[],"product_brand":[],"product_cat":[1275],"product_tag":[],"class_list":{"0":"post-59485","1":"product","2":"type-product","3":"status-publish","4":"has-post-thumbnail","6":"product_cat-swords-europe","8":"first","9":"outofstock","10":"sale","11":"taxable","12":"shipping-taxable","13":"purchasable","14":"product-type-simple"},"_links":{"self":[{"href":"https:\/\/jjcustomworks.se\/fr\/wp-json\/wp\/v2\/product\/59485","targetHints":{"allow":["GET"]}}],"collection":[{"href":"https:\/\/jjcustomworks.se\/fr\/wp-json\/wp\/v2\/product"}],"about":[{"href":"https:\/\/jjcustomworks.se\/fr\/wp-json\/wp\/v2\/types\/product"}],"wp:featuredmedia":[{"embeddable":true,"href":"https:\/\/jjcustomworks.se\/fr\/wp-json\/wp\/v2\/media\/59481"}],"wp:attachment":[{"href":"https:\/\/jjcustomworks.se\/fr\/wp-json\/wp\/v2\/media?parent=59485"}],"wp:term":[{"taxonomy":"product_brand","embeddable":true,"href":"https:\/\/jjcustomworks.se\/fr\/wp-json\/wp\/v2\/product_brand?post=59485"},{"taxonomy":"product_cat","embeddable":true,"href":"https:\/\/jjcustomworks.se\/fr\/wp-json\/wp\/v2\/product_cat?post=59485"},{"taxonomy":"product_tag","embeddable":true,"href":"https:\/\/jjcustomworks.se\/fr\/wp-json\/wp\/v2\/product_tag?post=59485"}],"curies":[{"name":"wp","href":"https:\/\/api.w.org\/{rel}","templated":true}]}}