{"id":59480,"date":"2025-03-14T14:52:24","date_gmt":"2025-03-14T13:52:24","guid":{"rendered":"https:\/\/jjcustomworks.se\/product\/cold-steel-mini-flight-sport-80stka3z-pack-of-3-knives\/"},"modified":"2026-04-02T19:56:36","modified_gmt":"2026-04-02T17:56:36","slug":"cold-steel-mini-flight-sport-couteaux-de-lancer-3-pack","status":"publish","type":"product","link":"https:\/\/jjcustomworks.se\/fr\/produit\/cold-steel-mini-flight-sport-couteaux-de-lancer-3-pack\/","title":{"rendered":"Cold Steel Mini Flight Sport Couteaux de Lancer 3-Pack"},"content":{"rendered":"<h1>Cold Steel Mini Flight Sport 80STKA3Z - 3-PACK!<\/h1>\n<h2><span class=\"ez-toc-section\" id=\"Couteaux_de_lancer_abordables_pour_tous_les_niveaux\"><\/span>Couteaux de lancer abordables pour tous les niveaux<span class=\"ez-toc-section-end\"><\/span><\/h2>\n<p>Ce <b>pack de 3<\/b> couteaux de lancer Cold Steel Mini Flight Sport est un excellent choix pour les d\u00e9butants comme pour les lanceurs exp\u00e9riment\u00e9s. Cold Steel est connu pour ses couteaux de lancer de haute qualit\u00e9 qui apparaissent souvent dans des comp\u00e9titions \u00e0 travers le monde. Ils pr\u00e9sentent maintenant une nouvelle gamme de lanceurs sportifs abordables qui sont fabriqu\u00e9s selon les m\u00eames normes \u00e9lev\u00e9es et le m\u00eame durcissement que leurs mod\u00e8les haut de gamme. Ces couteaux sont l\u00e9g\u00e8rement plus fins et plus l\u00e9gers, mais offrent la m\u00eame durabilit\u00e9 et le m\u00eame \u00e9quilibre que les clients attendent. Parfait pour se lancer dans ce passe-temps amusant et enrichissant!<\/p>\n<h3><span class=\"ez-toc-section\" id=\"Information_produit\"><\/span>Information produit:<span class=\"ez-toc-section-end\"><\/span><\/h3>\n<ul>\n <li><b>Produit:<\/b> 80STK10Z<\/li>\n <li><b>Poids:<\/b> 181 grammes (6,4 oz.)<\/li>\n <li><b>\u00c9paisseur:<\/b> 3,5 mm<\/li>\n <li><b>Longueur de la lame :<\/b> Non (non sp\u00e9cifi\u00e9)<\/li>\n <li><b>Manche:<\/b> Non (non sp\u00e9cifi\u00e9)<\/li>\n <li><b>Acier \/ Mat\u00e9riel:<\/b> Acier au carbone 1055<\/li>\n <li><b>Longueur totale :<\/b> 25,4 cm (10\")<\/li>\n <li><b>Fonction suppl\u00e9mentaire:<\/b> Non (non sp\u00e9cifi\u00e9)<\/li>\n<\/ul>\n<p>Le lancer de couteau est un art traditionnel et un sport qui peut \u00eatre une activit\u00e9 amusante pour toute la famille. C'est relativement facile \u00e0 apprendre avec un peu de patience. Veuillez noter qu'il ne s'agit pas de jouets et que les couteaux de lancer sont pointus et parfois tranchants. Ils doivent \u00eatre manipul\u00e9s sous la surveillance d'un adulte. L'\u00e2ge \u043c\u0438\u043d\u0438\u043c\u0430\u043b\u044c\u043d\u044b\u0439 pour l'achat est de 18 ans. Ne jetez jamais dans la m\u00eame direction que d'autres personnes ou animaux et assurez-vous qu'il n'y a pas d'objets fragiles \u00e0 proximit\u00e9 de la cible. Ces couteaux sont uniquement destin\u00e9s \u00e0 \u00eatre jet\u00e9s sur une cible appropri\u00e9e! Les petits couteaux de lancer de moins de 10 pouces qui ne p\u00e8sent pas beaucoup peuvent avantageusement \u00eatre jet\u00e9s sur des cibles de fl\u00e9chettes ordinaires. Pour les couteaux de comp\u00e9tition plus gros\/plus lourds, nous recommandons une v\u00e9ritable cible en bois. Plusieurs couches de carton peuvent \u00e9galement servir de bonne cible. N'oubliez pas que l'acier rebondit contre l'acier et d'autres surfaces dures.<\/p>\n<p>D\u00e9couvrez notre gamme de<a href=\"https:\/\/jjcustomworks.se\/fr\/magasin\/\">autres couteaux Cold Steel<\/a> pour trouver le mod\u00e8le qui vous convient. Visitez notre <a href=\"https:\/\/jjcustomworks.se\/fr\/categorie-de-produit\/autres_produits\/other-jewelry\/\">cat\u00e9gorie de couteaux de lancer<\/a> pour voir plus d'options. Pour plus d'informations sur Cold Steel et ses produits, visitez notre <a href=\"https:\/\/jjcustomworks.se\/fr\/\">site web<\/a>.<\/p>","protected":false},"excerpt":{"rendered":"<p>K\u00f6p COLD STEEL Mini Flight Sport 80STKA3Z &#8211; 3-PACK till b\u00e4sta pris online. Perfekt f\u00f6r sportaktiviteter och utomhus\u00e4ventyr. H\u00f6gkvalitativa pilspetsar som garanterar precision och h\u00e5llbarhet. Best\u00e4ll nu och f\u00e5 tre pack till ett fantastiskt erbjudande!<\/p>","protected":false},"featured_media":59479,"template":"","meta":[],"product_brand":[],"product_cat":[908],"product_tag":[],"class_list":{"0":"post-59480","1":"product","2":"type-product","3":"status-publish","4":"has-post-thumbnail","6":"product_cat-kastkniv","8":"first","9":"instock","10":"sale","11":"taxable","12":"shipping-taxable","13":"purchasable","14":"product-type-simple"},"_links":{"self":[{"href":"https:\/\/jjcustomworks.se\/fr\/wp-json\/wp\/v2\/product\/59480","targetHints":{"allow":["GET"]}}],"collection":[{"href":"https:\/\/jjcustomworks.se\/fr\/wp-json\/wp\/v2\/product"}],"about":[{"href":"https:\/\/jjcustomworks.se\/fr\/wp-json\/wp\/v2\/types\/product"}],"wp:featuredmedia":[{"embeddable":true,"href":"https:\/\/jjcustomworks.se\/fr\/wp-json\/wp\/v2\/media\/59479"}],"wp:attachment":[{"href":"https:\/\/jjcustomworks.se\/fr\/wp-json\/wp\/v2\/media?parent=59480"}],"wp:term":[{"taxonomy":"product_brand","embeddable":true,"href":"https:\/\/jjcustomworks.se\/fr\/wp-json\/wp\/v2\/product_brand?post=59480"},{"taxonomy":"product_cat","embeddable":true,"href":"https:\/\/jjcustomworks.se\/fr\/wp-json\/wp\/v2\/product_cat?post=59480"},{"taxonomy":"product_tag","embeddable":true,"href":"https:\/\/jjcustomworks.se\/fr\/wp-json\/wp\/v2\/product_tag?post=59480"}],"curies":[{"name":"wp","href":"https:\/\/api.w.org\/{rel}","templated":true}]}}