{"id":59471,"date":"2025-03-14T14:52:14","date_gmt":"2025-03-14T13:52:14","guid":{"rendered":"https:\/\/jjcustomworks.se\/product\/perfect-point-3-pack-throwing-knives-21\/"},"modified":"2026-04-27T23:08:35","modified_gmt":"2026-04-27T21:08:35","slug":"perfect-point-3-couteaux-de-lancer","status":"publish","type":"product","link":"https:\/\/jjcustomworks.se\/fr\/produit\/perfect-point-3-couteaux-de-lancer\/","title":{"rendered":"Perfect Point - 3 couteaux de lancer"},"content":{"rendered":"<h1>PERFECT POINT - LOT DE 3 COUTEAUX \u00c0 LANCER<\/h1><h2><span class=\"ez-toc-section\" id=\"Ensemble_parfait_de_couteaux_de_lancer_pour_la_precision\"><\/span>Ensemble parfait de couteaux de lancer pour la pr\u00e9cision<span class=\"ez-toc-section-end\"><\/span><\/h2><p>Ce pack de 3 couteaux de lancer de Perfect Point est id\u00e9al pour les d\u00e9butants comme pour les lanceurs exp\u00e9riment\u00e9s. L'ensemble comprend trois couteaux de 9 pouces en acier inoxydable, ce qui garantit durabilit\u00e9 et longue dur\u00e9e de vie. Les lames noires ont un design \u00e9l\u00e9gant avec des d\u00e9tails de ligne de meulage rouges, verts et bleus.<\/p><ul><li><strong>Acier inoxydable:<\/strong> Les couteaux sont fabriqu\u00e9s en acier inoxydable pour une durabilit\u00e9 maximale.<\/li><li><strong>Conception \u00e9quilibr\u00e9e :<\/strong> Le manche ergonomique en acier inoxydable offre une bonne prise en main et un \u00e9quilibre optimal.<\/li><li><strong>\u00c9tui en nylon :<\/strong> Livr\u00e9 avec un \u00e9tui en nylon pratique pour un stockage et un transport en toute s\u00e9curit\u00e9.<\/li><\/ul><p>Le lancer de couteau est une activit\u00e9 amusante et stimulante qui peut \u00eatre appr\u00e9ci\u00e9e par toute la famille. Il est important de se rappeler qu'il ne s'agit pas de jouets et que les couteaux doivent \u00eatre manipul\u00e9s avec pr\u00e9caution. Toujours utiliser sous la surveillance d'un adulte et respecter les consignes de s\u00e9curit\u00e9. Ne jamais lancer en direction de personnes ou d'animaux et s'assurer qu'il n'y a pas d'objets fragiles \u00e0 proximit\u00e9 de la cible.<\/p><p>Ces couteaux de lancer sont destin\u00e9s \u00e0 \u00eatre utilis\u00e9s sur des cibles appropri\u00e9es. Les couteaux plus petits de moins de 10 pouces peuvent \u00eatre lanc\u00e9s sur des cibles de fl\u00e9chettes, tandis que les couteaux plus grands et plus lourds n\u00e9cessitent une cible en bois. Plusieurs couches de carton peuvent \u00e9galement \u00eatre utilis\u00e9es comme cible. Gardez \u00e0 l'esprit que l'acier peut rebondir sur des surfaces dures. Consultez nos autres <a href=\"https:\/\/jjcustomworks.se\/fr\/magasin\/\">couteaux de lancer<\/a>, ainsi que notre <a href=\"https:\/\/jjcustomworks.se\/fr\/categorie-de-produit\/autres_produits\/other-jewelry\/\">\u00e9quipement de tir sur cible<\/a>. Veuillez visiter notre <a href=\"https:\/\/jjcustomworks.se\/fr\/\">page d&#039;accueil<\/a> pour voir toute notre gamme.<\/p>","protected":false},"excerpt":{"rendered":"<p>K\u00f6p v\u00e5rt 3-pack med Perfect Point kastknivar f\u00f6r en perfekt precision och tr\u00e4ffs\u00e4kerhet. Med dessa kastknivar kan du f\u00f6rb\u00e4ttra dina f\u00e4rdigheter och imponera p\u00e5 v\u00e4nner och familj. Best\u00e4ll nu och f\u00e5 en komplett upps\u00e4ttning av h\u00f6gkvalitativa kastknivar f\u00f6r din tr\u00e4ning och underh\u00e5llning.<\/p>","protected":false},"featured_media":59470,"template":"","meta":[],"product_brand":[],"product_cat":[908],"product_tag":[],"class_list":{"0":"post-59471","1":"product","2":"type-product","3":"status-publish","4":"has-post-thumbnail","6":"product_cat-kastkniv","8":"first","9":"outofstock","10":"sale","11":"taxable","12":"shipping-taxable","13":"purchasable","14":"product-type-simple"},"_links":{"self":[{"href":"https:\/\/jjcustomworks.se\/fr\/wp-json\/wp\/v2\/product\/59471","targetHints":{"allow":["GET"]}}],"collection":[{"href":"https:\/\/jjcustomworks.se\/fr\/wp-json\/wp\/v2\/product"}],"about":[{"href":"https:\/\/jjcustomworks.se\/fr\/wp-json\/wp\/v2\/types\/product"}],"wp:featuredmedia":[{"embeddable":true,"href":"https:\/\/jjcustomworks.se\/fr\/wp-json\/wp\/v2\/media\/59470"}],"wp:attachment":[{"href":"https:\/\/jjcustomworks.se\/fr\/wp-json\/wp\/v2\/media?parent=59471"}],"wp:term":[{"taxonomy":"product_brand","embeddable":true,"href":"https:\/\/jjcustomworks.se\/fr\/wp-json\/wp\/v2\/product_brand?post=59471"},{"taxonomy":"product_cat","embeddable":true,"href":"https:\/\/jjcustomworks.se\/fr\/wp-json\/wp\/v2\/product_cat?post=59471"},{"taxonomy":"product_tag","embeddable":true,"href":"https:\/\/jjcustomworks.se\/fr\/wp-json\/wp\/v2\/product_tag?post=59471"}],"curies":[{"name":"wp","href":"https:\/\/api.w.org\/{rel}","templated":true}]}}