{"id":59468,"date":"2025-03-14T14:52:07","date_gmt":"2025-03-14T13:52:07","guid":{"rendered":"https:\/\/jjcustomworks.se\/product\/perfect-point-3-pack-throwing-knives-20\/"},"modified":"2025-12-18T14:03:39","modified_gmt":"2025-12-18T13:03:39","slug":"perfect-point-3-pack-throwing-knives-20","status":"publish","type":"product","link":"https:\/\/jjcustomworks.se\/fr\/produit\/perfect-point-3-pack-throwing-knives-20\/","title":{"rendered":"Perfect Point Couteaux de Lancer Lot de 3 | Acier Inoxydable"},"content":{"rendered":"<h1>PERFECT POINT - LOT DE 3 COUTEAUX \u00c0 LANCER<\/h1>\n<h2><span class=\"ez-toc-section\" id=\"Couteaux_de_lancer_pour_le_sport_et_les_loisirs\"><\/span>Couteaux de lancer pour le sport et les loisirs<span class=\"ez-toc-section-end\"><\/span><\/h2>\n<p>Ce lot comprend 3 couteaux de lancer de Perfect Point, id\u00e9al pour les d\u00e9butants comme pour les lanceurs de couteaux exp\u00e9riment\u00e9s. L'ensemble est fabriqu\u00e9 en acier inoxydable et chaque couteau a une finition unique en noir, argent et arc-en-ciel. Les couteaux mesurent 9\" (environ 23 cm) de long au total, ce qui les rend adapt\u00e9s au lancer de pr\u00e9cision sur des cibles.<\/p>\n<h3><span class=\"ez-toc-section\" id=\"Information_produit\"><\/span>Information produit:<span class=\"ez-toc-section-end\"><\/span><\/h3>\n<ul>\n <li><strong>Marque:<\/strong> POINT PARFAIT<\/li>\n <li><strong>Taper:<\/strong> couteaux de lancer<\/li>\n <li><strong>Longueur totale :<\/strong> 9 pouces (environ 23 cm)<\/li>\n <li><strong>Mat\u00e9riel:<\/strong> Acier inoxydable<\/li>\n <li><strong>Couleur:<\/strong> Noir, Argent et Arc-en-ciel<\/li>\n <li><strong>Manche:<\/strong> Acier inoxydable noir, argent et arc-en-ciel<\/li>\n <li><strong>Compris:<\/strong> Gaine en nylon<\/li>\n<\/ul>\n<p>Le lancer de couteau est un art et un sport traditionnel qui peut \u00eatre appr\u00e9ci\u00e9 par toute la famille. Il est relativement facile \u00e0 apprendre mais demande de la patience et de la pratique. Ces couteaux de lancer ne sont pas des jouets et doivent \u00eatre manipul\u00e9s avec pr\u00e9caution sous la surveillance d'un adulte. N'oubliez pas que l'achat de couteaux de lancer n\u00e9cessite d'avoir 18 ans ou plus.<\/p>\n<p><strong>Informations de s\u00e9curit\u00e9 importantes\u00a0:<\/strong><\/p>\n<ul>\n <li>Ne jamais jeter vers des personnes ou des animaux.<\/li>\n <li>Assurez-vous qu\u2019il n\u2019y a pas d\u2019objets fragiles \u00e0 proximit\u00e9 de la cible.<\/li>\n <li>N'utilisez les couteaux que sur des cibles appropri\u00e9es.<\/li>\n<\/ul>\n<p>Les petits couteaux de lancer de moins de 10\u00a0pouces qui ne p\u00e8sent pas beaucoup peuvent \u00eatre lanc\u00e9s sur des jeux de fl\u00e9chettes ordinaires. Pour les couteaux de comp\u00e9tition plus grands et plus lourds, une cible en bois est recommand\u00e9e. Plusieurs couches de carton peuvent \u00e9galement \u00eatre utilis\u00e9es comme cible. Sachez que l'acier peut rebondir sur les surfaces dures.<\/p>\n<p>D\u00e9couvrez notre gamme de<a href=\"https:\/\/jjcustomworks.se\/fr\/magasin\/\">autres couteaux de lancer<\/a> pour trouver les couteaux parfaits pour vos besoins. D\u00e9couvrez \u00e9galement notre <a href=\"https:\/\/jjcustomworks.se\/fr\/categorie-de-produit\/autres_produits\/other-jewelry\/\">cat\u00e9gorie de couteaux de sport<\/a> pour d\u00e9couvrir notre large s\u00e9lection. Visitez notre <a href=\"https:\/\/jjcustomworks.se\/fr\/\">page d&#039;accueil<\/a> pour en savoir plus sur nos produits et offres.<\/p>","protected":false},"excerpt":{"rendered":"<p>PERFECT POINT &#8211; LOT DE 3 COUTEAUX DE LANCER Couteaux de lancer pour le sport et les loisirs Ce lot comprend 3 couteaux de lancer de Perfect Point, id\u00e9al pour les d\u00e9butants comme pour les lanceurs de couteaux exp\u00e9riment\u00e9s. L&#8217;ensemble est fabriqu\u00e9 en acier inoxydable et chaque couteau a une finition unique en noir, argent [&#8230;]\n","protected":false},"featured_media":59465,"template":"","meta":[],"product_brand":[],"product_cat":[908],"product_tag":[],"class_list":{"0":"post-59468","1":"product","2":"type-product","3":"status-publish","4":"has-post-thumbnail","6":"product_cat-kastkniv","8":"first","9":"instock","10":"sale","11":"taxable","12":"shipping-taxable","13":"purchasable","14":"product-type-simple"},"_links":{"self":[{"href":"https:\/\/jjcustomworks.se\/fr\/wp-json\/wp\/v2\/product\/59468","targetHints":{"allow":["GET"]}}],"collection":[{"href":"https:\/\/jjcustomworks.se\/fr\/wp-json\/wp\/v2\/product"}],"about":[{"href":"https:\/\/jjcustomworks.se\/fr\/wp-json\/wp\/v2\/types\/product"}],"wp:featuredmedia":[{"embeddable":true,"href":"https:\/\/jjcustomworks.se\/fr\/wp-json\/wp\/v2\/media\/59465"}],"wp:attachment":[{"href":"https:\/\/jjcustomworks.se\/fr\/wp-json\/wp\/v2\/media?parent=59468"}],"wp:term":[{"taxonomy":"product_brand","embeddable":true,"href":"https:\/\/jjcustomworks.se\/fr\/wp-json\/wp\/v2\/product_brand?post=59468"},{"taxonomy":"product_cat","embeddable":true,"href":"https:\/\/jjcustomworks.se\/fr\/wp-json\/wp\/v2\/product_cat?post=59468"},{"taxonomy":"product_tag","embeddable":true,"href":"https:\/\/jjcustomworks.se\/fr\/wp-json\/wp\/v2\/product_tag?post=59468"}],"curies":[{"name":"wp","href":"https:\/\/api.w.org\/{rel}","templated":true}]}}