{"id":59459,"date":"2025-03-14T14:52:00","date_gmt":"2025-03-14T13:52:00","guid":{"rendered":"https:\/\/jjcustomworks.se\/product\/js-647r-samurai-sword-46-overall\/"},"modified":"2025-11-08T18:34:07","modified_gmt":"2025-11-08T17:34:07","slug":"js-647r-sabre-samourai-46-total","status":"publish","type":"product","link":"https:\/\/jjcustomworks.se\/fr\/produit\/js-647r-sabre-samourai-46-total\/","title":{"rendered":"JS-647R - Sabre Samoura\u00ef 46\" Total"},"content":{"rendered":"<h1>JS-647R - Sabre Samoura\u00ef 46\" Total<\/h1>\n<h2><span class=\"ez-toc-section\" id=\"Un_sabre_de_samourai_pour_lexposition\"><\/span>Un sabre de samoura\u00ef pour l&#8217;exposition<span class=\"ez-toc-section-end\"><\/span><\/h2>\n\n<p>Ce sabre de samoura\u00ef JS-647R de Blades USA est parfait pour l'exposition. Avec une longueur totale de 46 pouces et une lame en acier inoxydable de 27,5 pouces, ce sabre allie design traditionnel et mat\u00e9riaux modernes. Il comporte \u00e9galement un tanto cach\u00e9 dans le manche rouge, ajoutant un \u00e9l\u00e9ment suppl\u00e9mentaire de surprise et de fonctionnalit\u00e9.<\/p>\n\n<h3><span class=\"ez-toc-section\" id=\"Caracteristiques\"><\/span>Caract\u00e9ristiques:<span class=\"ez-toc-section-end\"><\/span><\/h3>\n<ul>\n <li>\u00e9p\u00e9e de samoura\u00ef<\/li>\n <li>Longueur totale : 46\"<\/li>\n <li>Lame en acier inoxydable de 27,5\"<\/li>\n <li>Tanto cach\u00e9 dans le manche rouge<\/li>\n <li>Tsuba lotus bicolore<\/li>\n<\/ul>\n\n<p>La lame en acier inoxydable assure la durabilit\u00e9 et un aspect tranchant. Le tanto cach\u00e9 dans le manche rouge, associ\u00e9 \u00e0 un tsuba lotus bicolore, ajoute un d\u00e9tail unique \u00e0 ce sabre d\u00e9coratif. Affichez fi\u00e8rement ce sabre de samoura\u00ef dans votre collection. Vous pouvez trouver des <a href=\"https:\/\/jjcustomworks.se\/fr\/magasin\/\">sabres de samoura\u00ef similaires ici<\/a>. Pour plus d'options, consultez notre <a href=\"https:\/\/jjcustomworks.se\/fr\/categorie-de-produit\/autres_produits\/axes2-2\/axes-with-wood-handle\/\">cat\u00e9gorie de sabres<\/a>. Visitez notre <a href=\"https:\/\/jjcustomworks.se\/fr\/\">page d&#039;accueil<\/a> pour voir toute notre gamme.<\/p>","protected":false},"excerpt":{"rendered":"<p>JS-647R &#8211; Sabre Samoura\u00ef 46&#8243; Total Un sabre de samoura\u00ef pour l&#8217;exposition Ce sabre de samoura\u00ef JS-647R de Blades USA est parfait pour l&#8217;exposition. Avec une longueur totale de 46 pouces et une lame en acier inoxydable de 27,5 pouces, ce sabre allie design traditionnel et mat\u00e9riaux modernes. Il comporte \u00e9galement un tanto cach\u00e9 dans [&#8230;]\n","protected":false},"featured_media":59454,"template":"","meta":[],"product_brand":[],"product_cat":[1275],"product_tag":[],"class_list":{"0":"post-59459","1":"product","2":"type-product","3":"status-publish","4":"has-post-thumbnail","6":"product_cat-swords-europe","8":"first","9":"instock","10":"sale","11":"taxable","12":"shipping-taxable","13":"purchasable","14":"product-type-simple"},"_links":{"self":[{"href":"https:\/\/jjcustomworks.se\/fr\/wp-json\/wp\/v2\/product\/59459","targetHints":{"allow":["GET"]}}],"collection":[{"href":"https:\/\/jjcustomworks.se\/fr\/wp-json\/wp\/v2\/product"}],"about":[{"href":"https:\/\/jjcustomworks.se\/fr\/wp-json\/wp\/v2\/types\/product"}],"wp:featuredmedia":[{"embeddable":true,"href":"https:\/\/jjcustomworks.se\/fr\/wp-json\/wp\/v2\/media\/59454"}],"wp:attachment":[{"href":"https:\/\/jjcustomworks.se\/fr\/wp-json\/wp\/v2\/media?parent=59459"}],"wp:term":[{"taxonomy":"product_brand","embeddable":true,"href":"https:\/\/jjcustomworks.se\/fr\/wp-json\/wp\/v2\/product_brand?post=59459"},{"taxonomy":"product_cat","embeddable":true,"href":"https:\/\/jjcustomworks.se\/fr\/wp-json\/wp\/v2\/product_cat?post=59459"},{"taxonomy":"product_tag","embeddable":true,"href":"https:\/\/jjcustomworks.se\/fr\/wp-json\/wp\/v2\/product_tag?post=59459"}],"curies":[{"name":"wp","href":"https:\/\/api.w.org\/{rel}","templated":true}]}}