{"id":59379,"date":"2025-03-14T14:50:45","date_gmt":"2025-03-14T13:50:45","guid":{"rendered":"https:\/\/jjcustomworks.se\/product\/js-647bl-samurai-sword-46-overall\/"},"modified":"2025-11-08T18:34:03","modified_gmt":"2025-11-08T17:34:03","slug":"js-647bl-sabre-samourai-46-pouces","status":"publish","type":"product","link":"https:\/\/jjcustomworks.se\/fr\/produit\/js-647bl-sabre-samourai-46-pouces\/","title":{"rendered":"Sabre Samoura\u00ef 46\" - JS-647BL | Blades USA"},"content":{"rendered":"<h1>JS-647BL - Sabre Samoura\u00ef 46\" Total<\/h1>\n\n<h2><span class=\"ez-toc-section\" id=\"Un_sabre_de_samourai_decoratif_pour_lexposition\"><\/span>Un sabre de samoura\u00ef d\u00e9coratif pour l&#8217;exposition<span class=\"ez-toc-section-end\"><\/span><\/h2>\n\n<p>Ce sabre de samoura\u00ef de 46 pouces de Blades USA, mod\u00e8le JS-647BL, est parfait pour l'exposition. Avec sa lame en acier inoxydable de 27,5 pouces et une lame tanto cach\u00e9e dans le manche bleu, ce sabre combine un design traditionnel avec une fabrication moderne.<\/p>\n\n<h3><span class=\"ez-toc-section\" id=\"Caracteristiques_et_avantages\"><\/span>Caract\u00e9ristiques et avantages<span class=\"ez-toc-section-end\"><\/span><\/h3>\n\n<ul>\n <li><strong>Longueur totale :<\/strong> 46 pouces, ce qui en fait un objet d\u00e9coratif impressionnant.<\/li>\n <li><strong>Boiteux :<\/strong> 27,5 pouces de long, en acier inoxydable pour la durabilit\u00e9 et une apparence \u00e9l\u00e9gante.<\/li>\n <li><strong>Manche:<\/strong> Manche bleu avec une lame tanto cach\u00e9e, offrant un d\u00e9tail surprenant et fonctionnel.<\/li>\n <li><strong>Tsuba :<\/strong> Tsuba de lotus bicolore qui donne au sabre une apparence distincte et magnifique.<\/li>\n<\/ul>\n\n<h3><span class=\"ez-toc-section\" id=\"Domaines_dapplication\"><\/span>Domaines d&#8217;application<span class=\"ez-toc-section-end\"><\/span><\/h3>\n\n<p>Ce sabre de samoura\u00ef est id\u00e9al pour l'exposition dans les maisons, les bureaux ou les expositions de collectionneurs. Il constitue \u00e9galement un excellent cadeau pour tous ceux qui appr\u00e9cient la culture japonaise et les arts martiaux. L'acier inoxydable rend le sabre facile \u00e0 entretenir et conserve son apparence pendant longtemps.<\/p>\n\n<p>D\u00e9couvrez notre gamme de <a href=\"https:\/\/jjcustomworks.se\/fr\/magasin\/\">sables de samoura\u00ef authentiques<\/a> pour tous les go\u00fbts et tous les budgets. Explorez \u00e9galement notre <a href=\"https:\/\/jjcustomworks.se\/fr\/categorie-de-produit\/autres_produits\/axes2-2\/axes-with-wood-handle\/\">cat\u00e9gorie de sables d\u00e9coratifs<\/a> pour trouver d'autres options uniques, ou visitez notre <a href=\"https:\/\/jjcustomworks.se\/fr\/\">page d&#039;accueil<\/a> pour voir toute notre gamme.<\/p>","protected":false},"excerpt":{"rendered":"<p>JS-647BL &#8211; Sabre Samoura\u00ef 46&#8243; Total Un sabre de samoura\u00ef d\u00e9coratif pour l&#8217;exposition Ce sabre de samoura\u00ef de 46 pouces de Blades USA, mod\u00e8le JS-647BL, est parfait pour l&#8217;exposition. Avec sa lame en acier inoxydable de 27,5 pouces et une lame tanto cach\u00e9e dans le manche bleu, ce sabre combine un design traditionnel avec une [&#8230;]\n","protected":false},"featured_media":59370,"template":"","meta":[],"product_brand":[],"product_cat":[1275],"product_tag":[],"class_list":{"0":"post-59379","1":"product","2":"type-product","3":"status-publish","4":"has-post-thumbnail","6":"product_cat-swords-europe","8":"first","9":"outofstock","10":"sale","11":"taxable","12":"shipping-taxable","13":"purchasable","14":"product-type-simple"},"_links":{"self":[{"href":"https:\/\/jjcustomworks.se\/fr\/wp-json\/wp\/v2\/product\/59379","targetHints":{"allow":["GET"]}}],"collection":[{"href":"https:\/\/jjcustomworks.se\/fr\/wp-json\/wp\/v2\/product"}],"about":[{"href":"https:\/\/jjcustomworks.se\/fr\/wp-json\/wp\/v2\/types\/product"}],"wp:featuredmedia":[{"embeddable":true,"href":"https:\/\/jjcustomworks.se\/fr\/wp-json\/wp\/v2\/media\/59370"}],"wp:attachment":[{"href":"https:\/\/jjcustomworks.se\/fr\/wp-json\/wp\/v2\/media?parent=59379"}],"wp:term":[{"taxonomy":"product_brand","embeddable":true,"href":"https:\/\/jjcustomworks.se\/fr\/wp-json\/wp\/v2\/product_brand?post=59379"},{"taxonomy":"product_cat","embeddable":true,"href":"https:\/\/jjcustomworks.se\/fr\/wp-json\/wp\/v2\/product_cat?post=59379"},{"taxonomy":"product_tag","embeddable":true,"href":"https:\/\/jjcustomworks.se\/fr\/wp-json\/wp\/v2\/product_tag?post=59379"}],"curies":[{"name":"wp","href":"https:\/\/api.w.org\/{rel}","templated":true}]}}