{"id":59378,"date":"2025-03-14T14:50:45","date_gmt":"2025-03-14T13:50:45","guid":{"rendered":"https:\/\/jjcustomworks.se\/product\/fantasy-master-644gn-sword-2-knives\/"},"modified":"2025-11-08T18:30:33","modified_gmt":"2025-11-08T17:30:33","slug":"fantasy-master-644gn-epee-avec-2-couteaux","status":"publish","type":"product","link":"https:\/\/jjcustomworks.se\/fr\/produit\/fantasy-master-644gn-epee-avec-2-couteaux\/","title":{"rendered":"Fantasy Master 644GN \u00c9p\u00e9e avec 2 Couteaux"},"content":{"rendered":"<h1><span class=\"ez-toc-section\" id=\"Fantasy_Master_644GN_Epee_avec_2_Couteaux\"><\/span>Fantasy Master 644GN \u00c9p\u00e9e avec 2 Couteaux<span class=\"ez-toc-section-end\"><\/span><\/h1>\n<h2><span class=\"ez-toc-section\" id=\"Un_ensemble_imaginatif_pour_les_collectionneurs_et_les_passionnes\"><\/span>Un ensemble imaginatif pour les collectionneurs et les passionn\u00e9s<span class=\"ez-toc-section-end\"><\/span><\/h2>\n<p>Cet ensemble Fantasy Master comprend une \u00e9p\u00e9e imaginative et deux couteaux assortis, parfaits pour les collectionneurs et ceux qui appr\u00e9cient le design d\u00e9taill\u00e9. Avec ses couleurs distinctes et ses mat\u00e9riaux de haute qualit\u00e9, cet ensemble est un excellent ajout \u00e0 toute collection.<\/p>\n\n<h3><span class=\"ez-toc-section\" id=\"Caracteristiques_et_avantages\"><\/span>Caract\u00e9ristiques et avantages<span class=\"ez-toc-section-end\"><\/span><\/h3>\n<ul>\n <li><strong>Ensemble de 3 pi\u00e8ces :<\/strong> Comprend une \u00e9p\u00e9e de 28 pouces et deux couteaux de 6 pouces, offrant un ensemble complet pour l'exposition ou la collection.<\/li>\n <li><strong>Acier inoxydable:<\/strong> Fabriqu\u00e9 en acier inoxydable pour la durabilit\u00e9 et une utilisation durable. Maintient sa finition et r\u00e9siste \u00e0 la corrosion. Vous trouverez <a href=\"https:\/\/jjcustomworks.se\/fr\/magasin\/\">des objets de collection similaires<\/a> dans notre gamme.<\/li>\n <li><strong>Lame noire et verte :<\/strong> L'\u00e9p\u00e9e et les couteaux ont des lames noires et vertes distinctes qui offrent un style imaginatif et unique.<\/li>\n <li><strong>Manche envelopp\u00e9 de cordon :<\/strong> Le manche est envelopp\u00e9 de cordon pour une prise confortable et s\u00fbre, ce qui am\u00e9liore la maniabilit\u00e9 et le contr\u00f4le. Visitez notre <a href=\"https:\/\/jjcustomworks.se\/fr\/categorie-de-produit\/autres_produits\/axes2-2\/axes-with-wood-handle\/\">page de cat\u00e9gorie \u00e9p\u00e9es et couteaux<\/a> pour voir plus d&#039;options.<\/li>\n <li><strong>Gaine en nylon incluse :<\/strong> L'ensemble est livr\u00e9 avec un fourreau en nylon pour un stockage et un transport s\u00fbrs de l'\u00e9p\u00e9e.<\/li>\n<\/ul>\n\n<p>Cet ensemble Fantasy Master est parfait pour ceux qui recherchent un ajout unique et imaginatif \u00e0 leur collection. Avec son design d\u00e9taill\u00e9 et sa construction de haute qualit\u00e9, cet ensemble impressionnera. <a href=\"https:\/\/jjcustomworks.se\/fr\/\">D\u00e9couvrez notre large gamme<\/a> de produits fantastiques et trouvez quelque chose qui vous convient !<\/p>","protected":false},"excerpt":{"rendered":"<p>Fantasy Master 644GN \u00c9p\u00e9e avec 2 Couteaux Un ensemble imaginatif pour les collectionneurs et les passionn\u00e9s Cet ensemble Fantasy Master comprend une \u00e9p\u00e9e imaginative et deux couteaux assortis, parfaits pour les collectionneurs et ceux qui appr\u00e9cient le design d\u00e9taill\u00e9. Avec ses couleurs distinctes et ses mat\u00e9riaux de haute qualit\u00e9, cet ensemble est un excellent ajout [&#8230;]\n","protected":false},"featured_media":59373,"template":"","meta":[],"product_brand":[],"product_cat":[1275],"product_tag":[],"class_list":{"0":"post-59378","1":"product","2":"type-product","3":"status-publish","4":"has-post-thumbnail","6":"product_cat-swords-europe","8":"first","9":"outofstock","10":"sale","11":"taxable","12":"shipping-taxable","13":"purchasable","14":"product-type-simple"},"_links":{"self":[{"href":"https:\/\/jjcustomworks.se\/fr\/wp-json\/wp\/v2\/product\/59378","targetHints":{"allow":["GET"]}}],"collection":[{"href":"https:\/\/jjcustomworks.se\/fr\/wp-json\/wp\/v2\/product"}],"about":[{"href":"https:\/\/jjcustomworks.se\/fr\/wp-json\/wp\/v2\/types\/product"}],"wp:featuredmedia":[{"embeddable":true,"href":"https:\/\/jjcustomworks.se\/fr\/wp-json\/wp\/v2\/media\/59373"}],"wp:attachment":[{"href":"https:\/\/jjcustomworks.se\/fr\/wp-json\/wp\/v2\/media?parent=59378"}],"wp:term":[{"taxonomy":"product_brand","embeddable":true,"href":"https:\/\/jjcustomworks.se\/fr\/wp-json\/wp\/v2\/product_brand?post=59378"},{"taxonomy":"product_cat","embeddable":true,"href":"https:\/\/jjcustomworks.se\/fr\/wp-json\/wp\/v2\/product_cat?post=59378"},{"taxonomy":"product_tag","embeddable":true,"href":"https:\/\/jjcustomworks.se\/fr\/wp-json\/wp\/v2\/product_tag?post=59378"}],"curies":[{"name":"wp","href":"https:\/\/api.w.org\/{rel}","templated":true}]}}