{"id":59362,"date":"2025-03-14T14:50:35","date_gmt":"2025-03-14T13:50:35","guid":{"rendered":"https:\/\/jjcustomworks.se\/product\/ten-ryu-004-hand-forged-samurai-sword\/"},"modified":"2025-11-08T19:10:00","modified_gmt":"2025-11-08T18:10:00","slug":"ten-ryu-004-epee-de-samourai-forgee-a-la-main","status":"publish","type":"product","link":"https:\/\/jjcustomworks.se\/fr\/produit\/ten-ryu-004-epee-de-samourai-forgee-a-la-main\/","title":{"rendered":"\u00c9p\u00e9e de samoura\u00ef forg\u00e9e \u00e0 la main Ten Ryu 004"},"content":{"rendered":"<h1><span class=\"ez-toc-section\" id=\"Ten_Ryu_004_Epee_de_Samourai_Forgee_a_la_Main\"><\/span>\u00c9p\u00e9e de samoura\u00ef forg\u00e9e \u00e0 la main Ten Ryu 004<span class=\"ez-toc-section-end\"><\/span><\/h1>\n<h2><span class=\"ez-toc-section\" id=\"Artisanat_Authentique_pour_lEsprit_Samourai\"><\/span>Artisanat Authentique pour l&#8217;Esprit Samoura\u00ef<span class=\"ez-toc-section-end\"><\/span><\/h2>\n<p>Le Ten Ryu TR-004 est une \u00e9p\u00e9e de samoura\u00ef forg\u00e9e \u00e0 la main qui incarne la tradition et l'artisanat. Avec son design et ses d\u00e9tails impressionnants, cette \u00e9p\u00e9e est un hommage \u00e0 l'arme l\u00e9gendaire des samoura\u00efs. Parfait pour les collectionneurs et ceux qui veulent d\u00e9couvrir la sensation d'une v\u00e9ritable \u00e9p\u00e9e japonaise.<\/p>\n<h3><span class=\"ez-toc-section\" id=\"Specifications\"><\/span>Caract\u00e9ristiques<span class=\"ez-toc-section-end\"><\/span><\/h3>\n<ul>\n <li><strong>Longueur totale :<\/strong> 40,5 pouces<\/li>\n <li><strong>Longueur de la lame :<\/strong> 26,5 pouces<\/li>\n <li><strong>\u00c9paisseur de la lame :<\/strong> 7 mm<\/li>\n <li><strong>Mat\u00e9riel:<\/strong> Acier au carbone<\/li>\n <li><strong>Manche:<\/strong> Corde noire envelopp\u00e9e de peau de raie v\u00e9ritable<\/li>\n <li><strong>Tsuba :<\/strong> Fer Musashi<\/li>\n<\/ul>\n<h3><span class=\"ez-toc-section\" id=\"Details_Qui_Font_la_Difference\"><\/span>D\u00e9tails Qui Font la Diff\u00e9rence<span class=\"ez-toc-section-end\"><\/span><\/h3>\n<p>La lame comporte une goutti\u00e8re, qui contribue \u00e0 la fois au design et \u00e0 la fonction. Le manche est soigneusement envelopp\u00e9 de corde noire et de peau de raie v\u00e9ritable, offrant une prise en main confortable et s\u00fbre. Le tsuba, en fer de style Musashi, donne \u00e0 l'\u00e9p\u00e9e une touche authentique. Montrez votre passion pour les armes traditionnelles en <a href=\"https:\/\/jjcustomworks.se\/fr\/magasin\/\">explorant des \u00e9p\u00e9es de samoura\u00ef similaires<\/a> dans notre collection.<\/p>\n<p>Le sac d'\u00e9p\u00e9e inclus prot\u00e8ge votre \u00e9p\u00e9e pendant le transport et le stockage. Le kit de nettoyage vous permet d'entretenir l'\u00e9p\u00e9e et de pr\u00e9server sa beaut\u00e9 pendant longtemps. D\u00e9couvrez l'art et la tradition derri\u00e8re cette <a href=\"https:\/\/jjcustomworks.se\/fr\/categorie-de-produit\/autres_produits\/axes2-2\/axes-with-wood-handle\/\">sabre de samoura\u00ef authentique<\/a>. Pour plus d'informations sur nos produits, visitez notre <a href=\"https:\/\/jjcustomworks.se\/fr\/\">page d&#039;accueil<\/a>.<\/p>","protected":false},"excerpt":{"rendered":"<p>Ten Ryu 004 \u00c9p\u00e9e de Samoura\u00ef Forg\u00e9e \u00e0 la Main Artisanat Authentique pour l&#8217;Esprit Samoura\u00ef Le Ten Ryu TR-004 est une \u00e9p\u00e9e de samoura\u00ef forg\u00e9e \u00e0 la main qui incarne la tradition et l&#8217;artisanat. Avec son design et ses d\u00e9tails impressionnants, cette \u00e9p\u00e9e est un hommage \u00e0 l&#8217;arme l\u00e9gendaire des samoura\u00efs. Parfait pour les collectionneurs [&#8230;]\n","protected":false},"featured_media":59360,"template":"","meta":[],"product_brand":[],"product_cat":[1275],"product_tag":[],"class_list":{"0":"post-59362","1":"product","2":"type-product","3":"status-publish","4":"has-post-thumbnail","6":"product_cat-swords-europe","8":"first","9":"instock","10":"sale","11":"taxable","12":"shipping-taxable","13":"purchasable","14":"product-type-simple"},"_links":{"self":[{"href":"https:\/\/jjcustomworks.se\/fr\/wp-json\/wp\/v2\/product\/59362","targetHints":{"allow":["GET"]}}],"collection":[{"href":"https:\/\/jjcustomworks.se\/fr\/wp-json\/wp\/v2\/product"}],"about":[{"href":"https:\/\/jjcustomworks.se\/fr\/wp-json\/wp\/v2\/types\/product"}],"wp:featuredmedia":[{"embeddable":true,"href":"https:\/\/jjcustomworks.se\/fr\/wp-json\/wp\/v2\/media\/59360"}],"wp:attachment":[{"href":"https:\/\/jjcustomworks.se\/fr\/wp-json\/wp\/v2\/media?parent=59362"}],"wp:term":[{"taxonomy":"product_brand","embeddable":true,"href":"https:\/\/jjcustomworks.se\/fr\/wp-json\/wp\/v2\/product_brand?post=59362"},{"taxonomy":"product_cat","embeddable":true,"href":"https:\/\/jjcustomworks.se\/fr\/wp-json\/wp\/v2\/product_cat?post=59362"},{"taxonomy":"product_tag","embeddable":true,"href":"https:\/\/jjcustomworks.se\/fr\/wp-json\/wp\/v2\/product_tag?post=59362"}],"curies":[{"name":"wp","href":"https:\/\/api.w.org\/{rel}","templated":true}]}}