{"id":59311,"date":"2025-03-14T14:50:00","date_gmt":"2025-03-14T13:50:00","guid":{"rendered":"https:\/\/jjcustomworks.se\/product\/2-pack-of-throwing-knives\/"},"modified":"2026-03-10T16:11:43","modified_gmt":"2026-03-10T15:11:43","slug":"lot-de-2-couteaux-de-lancer","status":"publish","type":"product","link":"https:\/\/jjcustomworks.se\/fr\/produit\/lot-de-2-couteaux-de-lancer\/","title":{"rendered":"Lot de 2 Couteaux de Lancer | Master Cutlery"},"content":{"rendered":"<h1><span class=\"ez-toc-section\" id=\"Lot_de_2_Couteaux_de_Lancer\"><\/span>Lot de 2 couteaux de lancer<span class=\"ez-toc-section-end\"><\/span><\/h1>\n<h2><span class=\"ez-toc-section\" id=\"Ensemble_de_Couteaux_de_Lancer_Master_Cutlery\"><\/span>Ensemble de couteaux Master Cutlery Lancer<span class=\"ez-toc-section-end\"><\/span><\/h2>\n<p>Ce lot de 2 couteaux de lancer de Master Cutlery est parfait pour les d\u00e9butants comme pour les lanceurs exp\u00e9riment\u00e9s. L'ensemble comprend deux couteaux de lancer en acier inoxydable, assurant une longue durabilit\u00e9 et fiabilit\u00e9. Les couteaux sont con\u00e7us pour \u00eatre bien \u00e9quilibr\u00e9s et faciles \u00e0 manier, ce qui les rend id\u00e9aux pour les lancers de pr\u00e9cision.<\/p>\n<h3><span class=\"ez-toc-section\" id=\"Specifications\"><\/span>Caract\u00e9ristiques:<span class=\"ez-toc-section-end\"><\/span><\/h3>\n<ul>\n  <li><strong>Longueur totale :<\/strong> 8,75 pouces (environ 22,2 cm)<\/li>\n  <li><strong>Mat\u00e9riel:<\/strong> Acier inoxydable<\/li>\n  <li><strong>Boiteux :<\/strong> Lame argent\u00e9e avec goutti\u00e8re<\/li>\n  <li><strong>Manche:<\/strong> Manche argent\u00e9 en acier inoxydable<\/li>\n  <li><strong>Cas:<\/strong> Comprend un \u00e9tui en nylon pour un rangement et un transport en toute s\u00e9curit\u00e9.<\/li>\n<\/ul>\n<p>Le lancer de couteau est un art et un sport traditionnel qui peut \u00eatre une activit\u00e9 amusante pour toute la famille. Avec un peu de patience, il est relativement facile d'en apprendre les bases. Ces couteaux de lancer ne sont pas des jouets et doivent \u00eatre manipul\u00e9s sous la surveillance d'un adulte. N'oubliez pas que l'achat de couteaux de lancer est r\u00e9serv\u00e9 aux personnes \u00e2g\u00e9es de 18 ans et plus. Soyez toujours prudent lorsque vous lancez - ne dirigez jamais les couteaux vers des personnes ou des animaux, et assurez-vous qu'il n'y a pas d'objets fragiles \u00e0 proximit\u00e9 de la cible.<\/p>\n<p>Ces couteaux de lancer sont uniquement destin\u00e9s \u00e0 \u00eatre utilis\u00e9s sur des cibles appropri\u00e9es. Les petits couteaux de lancer de moins de 10 pouces qui ne p\u00e8sent pas beaucoup peuvent \u00eatre lanc\u00e9s sur des cibles de fl\u00e9chettes ordinaires. Pour les couteaux de comp\u00e9tition plus grands et plus lourds, une v\u00e9ritable cible en bois est recommand\u00e9e. Plusieurs couches de carton peuvent \u00e9galement servir de bonne cible. N'oubliez pas que l'acier peut rebondir sur l'acier et d'autres surfaces dures.<\/p>\n<p>D\u00e9couvrez notre large gamme d'<a href=\"https:\/\/jjcustomworks.se\/fr\/magasin\/\">autres couteaux et accessoires<\/a> pour compl\u00e9ter votre \u00e9quipement. Vous pouvez \u00e9galement trouver <a href=\"https:\/\/jjcustomworks.se\/fr\/categorie-de-produit\/autres_produits\/axes2-2\/axes-with-wood-handle\/\">diff\u00e9rents types de couteaux<\/a> pour r\u00e9pondre \u00e0 tous vos besoins. Visitez notre <a href=\"https:\/\/jjcustomworks.se\/fr\/\">page d&#039;accueil<\/a> pour voir toute notre s\u00e9lection.<\/p>","protected":false},"excerpt":{"rendered":"<p>Hitta de b\u00e4sta kastknivarna i 2-pack till b\u00e4sta pris hos oss. Perfekt f\u00f6r tr\u00e4ning eller t\u00e4vling. K\u00f6p nu och f\u00e5 snabb leverans!<\/p>","protected":false},"featured_media":59304,"template":"","meta":[],"product_brand":[],"product_cat":[908],"product_tag":[],"class_list":{"0":"post-59311","1":"product","2":"type-product","3":"status-publish","4":"has-post-thumbnail","6":"product_cat-kastkniv","8":"first","9":"outofstock","10":"featured","11":"taxable","12":"shipping-taxable","13":"purchasable","14":"product-type-simple"},"_links":{"self":[{"href":"https:\/\/jjcustomworks.se\/fr\/wp-json\/wp\/v2\/product\/59311","targetHints":{"allow":["GET"]}}],"collection":[{"href":"https:\/\/jjcustomworks.se\/fr\/wp-json\/wp\/v2\/product"}],"about":[{"href":"https:\/\/jjcustomworks.se\/fr\/wp-json\/wp\/v2\/types\/product"}],"wp:featuredmedia":[{"embeddable":true,"href":"https:\/\/jjcustomworks.se\/fr\/wp-json\/wp\/v2\/media\/59304"}],"wp:attachment":[{"href":"https:\/\/jjcustomworks.se\/fr\/wp-json\/wp\/v2\/media?parent=59311"}],"wp:term":[{"taxonomy":"product_brand","embeddable":true,"href":"https:\/\/jjcustomworks.se\/fr\/wp-json\/wp\/v2\/product_brand?post=59311"},{"taxonomy":"product_cat","embeddable":true,"href":"https:\/\/jjcustomworks.se\/fr\/wp-json\/wp\/v2\/product_cat?post=59311"},{"taxonomy":"product_tag","embeddable":true,"href":"https:\/\/jjcustomworks.se\/fr\/wp-json\/wp\/v2\/product_tag?post=59311"}],"curies":[{"name":"wp","href":"https:\/\/api.w.org\/{rel}","templated":true}]}}