{"id":59291,"date":"2025-03-14T14:49:49","date_gmt":"2025-03-14T13:49:49","guid":{"rendered":"https:\/\/jjcustomworks.se\/product\/ten-ryu-samurai-sword-025-2\/"},"modified":"2025-11-08T19:10:44","modified_gmt":"2025-11-08T18:10:44","slug":"ten-ryu-samourai-katana-025","status":"publish","type":"product","link":"https:\/\/jjcustomworks.se\/fr\/produit\/ten-ryu-samourai-katana-025\/","title":{"rendered":"Ten Ryu Samoura\u00ef Katana 025 | Design Exclusif"},"content":{"rendered":"<h1><span class=\"ez-toc-section\" id=\"Ten_Ryu_Samourai_Katana_025\"><\/span>Ten Ryu Samoura\u00ef Katana 025<span class=\"ez-toc-section-end\"><\/span><\/h1>\n<h2><span class=\"ez-toc-section\" id=\"Katana_Samourai_Exclusif_avec_un_Travail_Detaile\"><\/span>Katana Samoura\u00ef Exclusif avec un Travail D\u00e9tail\u00e9<span class=\"ez-toc-section-end\"><\/span><\/h2>\n<p>D\u00e9couvrez la beaut\u00e9 et le d\u00e9tail de cet exclusif Katana Samoura\u00ef Ten Ryu. Avec son design impressionnant et ses mat\u00e9riaux de haute qualit\u00e9, ce katana est un incontournable pour les collectionneurs et les passionn\u00e9s. Le manche en bois bordeaux et le fourreau laqu\u00e9 assorti conf\u00e8rent au katana un aspect \u00e9l\u00e9gant et traditionnel. Rangez votre katana en toute s\u00e9curit\u00e9 dans le sac de transport noir inclus lorsqu'il n'est pas utilis\u00e9. Explorez notre gamme d'<a href=\"https:\/\/jjcustomworks.se\/fr\/magasin\/\">autres katanas authentiques Ten Ryu<\/a> et trouvez le katana parfait pour votre collection.<\/p>\n\n<h3><span class=\"ez-toc-section\" id=\"Specifications\"><\/span>Caract\u00e9ristiques:<span class=\"ez-toc-section-end\"><\/span><\/h3>\n<ul>\n <li><strong>Longueur totale :<\/strong> 41 pouces<\/li>\n <li><strong>Longueur de Lame:<\/strong> 26 pouces<\/li>\n <li><strong>\u00c9paisseur de Lame:<\/strong> 7 mm<\/li>\n <li><strong>Mat\u00e9riel:<\/strong> Acier au carbone<\/li>\n <li><strong>Boiteux:<\/strong> Avec Goutti\u00e8re<\/li>\n <li><strong>Manche:<\/strong> Bois Bordeaux<\/li>\n <li><strong>Fourreau :<\/strong> Laqu\u00e9 Bordeaux<\/li>\n <li><strong>Accessoires:<\/strong> Sac de Transport Noir Inclus<\/li>\n<\/ul>\n\n<p>Ce katana samoura\u00ef n'est pas seulement une belle d\u00e9coration, mais aussi un t\u00e9moignage de l'artisanat traditionnel. La lame en acier carbone avec goutti\u00e8re offre \u00e0 la fois force et flexibilit\u00e9. Le fourreau de couleur bordeaux prot\u00e8ge la lame et compl\u00e8te l'esth\u00e9tique g\u00e9n\u00e9rale du katana. Vous voulez voir d'autres produits similaires? Visitez notre <a href=\"https:\/\/jjcustomworks.se\/fr\/categorie-de-produit\/autres_produits\/axes2-2\/axes-with-wood-handle\/\">cat\u00e9gorie Katana Samoura\u00ef<\/a> pour trouver plus d'options. Pour plus d'informations sur Ten Ryu et nos produits, visitez notre <a href=\"https:\/\/jjcustomworks.se\/fr\/\">page d&#039;accueil<\/a>.<\/p>","protected":false},"excerpt":{"rendered":"<p>Ten Ryu Samoura\u00ef Katana 025 Katana Samoura\u00ef Exclusif avec un Travail D\u00e9tail\u00e9 D\u00e9couvrez la beaut\u00e9 et le d\u00e9tail de cet exclusif Katana Samoura\u00ef Ten Ryu. Avec son design impressionnant et ses mat\u00e9riaux de haute qualit\u00e9, ce katana est un incontournable pour les collectionneurs et les passionn\u00e9s. Le manche en bois bordeaux et le fourreau laqu\u00e9 [&#8230;]\n","protected":false},"featured_media":59290,"template":"","meta":[],"product_brand":[],"product_cat":[1275],"product_tag":[],"class_list":{"0":"post-59291","1":"product","2":"type-product","3":"status-publish","4":"has-post-thumbnail","6":"product_cat-swords-europe","8":"first","9":"outofstock","10":"sale","11":"taxable","12":"shipping-taxable","13":"purchasable","14":"product-type-simple"},"_links":{"self":[{"href":"https:\/\/jjcustomworks.se\/fr\/wp-json\/wp\/v2\/product\/59291","targetHints":{"allow":["GET"]}}],"collection":[{"href":"https:\/\/jjcustomworks.se\/fr\/wp-json\/wp\/v2\/product"}],"about":[{"href":"https:\/\/jjcustomworks.se\/fr\/wp-json\/wp\/v2\/types\/product"}],"wp:featuredmedia":[{"embeddable":true,"href":"https:\/\/jjcustomworks.se\/fr\/wp-json\/wp\/v2\/media\/59290"}],"wp:attachment":[{"href":"https:\/\/jjcustomworks.se\/fr\/wp-json\/wp\/v2\/media?parent=59291"}],"wp:term":[{"taxonomy":"product_brand","embeddable":true,"href":"https:\/\/jjcustomworks.se\/fr\/wp-json\/wp\/v2\/product_brand?post=59291"},{"taxonomy":"product_cat","embeddable":true,"href":"https:\/\/jjcustomworks.se\/fr\/wp-json\/wp\/v2\/product_cat?post=59291"},{"taxonomy":"product_tag","embeddable":true,"href":"https:\/\/jjcustomworks.se\/fr\/wp-json\/wp\/v2\/product_tag?post=59291"}],"curies":[{"name":"wp","href":"https:\/\/api.w.org\/{rel}","templated":true}]}}