{"id":59285,"date":"2025-03-14T14:49:47","date_gmt":"2025-03-14T13:49:47","guid":{"rendered":"https:\/\/jjcustomworks.se\/product\/hk-1070rb-ninja-twin-sword-27-and-18-overall\/"},"modified":"2025-11-08T18:33:07","modified_gmt":"2025-11-08T17:33:07","slug":"hk-1070rb-epees-jumelles-ninja-27-18-long","status":"publish","type":"product","link":"https:\/\/jjcustomworks.se\/fr\/produit\/hk-1070rb-epees-jumelles-ninja-27-18-long\/","title":{"rendered":"\u00c9p\u00e9es Jumelles Ninja 27\" & 18\" | Blades USA"},"content":{"rendered":"<h1>HK-1070RB - \u00c9p\u00e9es Jumelles Ninja 27\" et 18\" de Long<\/h1>\n<h2><span class=\"ez-toc-section\" id=\"Ensemble_depees_Ninja_decoratives_avec_lames_arc-en-ciel\"><\/span>Ensemble d&#8217;\u00e9p\u00e9es Ninja d\u00e9coratives avec lames arc-en-ciel<span class=\"ez-toc-section-end\"><\/span><\/h2>\n<p>Cet ensemble d'\u00e9p\u00e9es ninja d\u00e9coratives de Blades USA comprend deux \u00e9p\u00e9es de diff\u00e9rentes longueurs, parfait pour les collectionneurs et les passionn\u00e9s. L'ensemble comprend une \u00e9p\u00e9e de 27\" de long et une \u00e9p\u00e9e de 18\" de long. Les deux \u00e9p\u00e9es ont un design unique et sont fabriqu\u00e9es avec des mat\u00e9riaux de haute qualit\u00e9.<\/p>\n<h3><span class=\"ez-toc-section\" id=\"Caracteristiques\"><\/span>Caract\u00e9ristiques:<span class=\"ez-toc-section-end\"><\/span><\/h3>\n<ul>\n <li><strong>\u00c9p\u00e9es jumelles:<\/strong> L'ensemble se compose de deux \u00e9p\u00e9es, une longue et une courte.<\/li>\n <li><strong>Acier inoxydable:<\/strong> Les lames sont en acier inoxydable pour plus de durabilit\u00e9.<\/li>\n <li><strong>Finition Titane mat:<\/strong> Les lames ont une finition titane mat aux couleurs de l'arc-en-ciel avec une \u00e9criture japonaise.<\/li>\n <li><strong>Reliure noire:<\/strong> Le manche est envelopp\u00e9 d'une reliure noire pour une prise en main s\u00fbre et confortable.<\/li>\n <li><strong>Gaine en nylon 2-en-1:<\/strong> Une gaine en nylon 2-en-1 avec bandouli\u00e8re est incluse pour faciliter le transport et le stockage.<\/li>\n<\/ul>\n<p>Ces \u00e9p\u00e9es d\u00e9coratives sont id\u00e9ales pour l'exposition et la collection. La finition titane unique aux couleurs de l'arc-en-ciel et l'\u00e9criture japonaise conf\u00e8rent aux \u00e9p\u00e9es un aspect distinctif et accrocheur. La reliure noire autour du manche offre non seulement une prise en main s\u00fbre, mais aussi une esth\u00e9tique classique d'inspiration ninja.<\/p>\n<p>Les \u00e9p\u00e9es sont livr\u00e9es avec une gaine en nylon 2-en-1 pratique, ce qui facilite leur transport et leur stockage. La bandouli\u00e8re facilite le transport des \u00e9p\u00e9es, que vous vous rendiez \u00e0 une convention ou que vous souhaitiez simplement les montrer \u00e0 la maison.<\/p>\n<p>D\u00e9couvrez notre large s\u00e9lection d'<a href=\"https:\/\/jjcustomworks.se\/fr\/magasin\/\">\u00e9p\u00e9es d\u00e9coratives<\/a> et d&#039;autres <a href=\"https:\/\/jjcustomworks.se\/fr\/categorie-de-produit\/autres_produits\/axes2-2\/axes-with-wood-handle\/\">objets de collection<\/a>. Visitez notre <a href=\"https:\/\/jjcustomworks.se\/fr\/\">page d&#039;accueil<\/a> pour voir notre gamme compl\u00e8te.<\/p>","protected":false},"excerpt":{"rendered":"<p>HK-1070RB &#8211; \u00c9p\u00e9es Jumelles Ninja 27&#8243; et 18&#8243; de Long Ensemble d&#8217;\u00e9p\u00e9es Ninja d\u00e9coratives avec lames arc-en-ciel Cet ensemble d&#8217;\u00e9p\u00e9es ninja d\u00e9coratives de Blades USA comprend deux \u00e9p\u00e9es de diff\u00e9rentes longueurs, parfait pour les collectionneurs et les passionn\u00e9s. L&#8217;ensemble comprend une \u00e9p\u00e9e de 27&#8243; de long et une \u00e9p\u00e9e de 18&#8243; de long. Les deux [&#8230;]\n","protected":false},"featured_media":59281,"template":"","meta":[],"product_brand":[],"product_cat":[1275],"product_tag":[],"class_list":{"0":"post-59285","1":"product","2":"type-product","3":"status-publish","4":"has-post-thumbnail","6":"product_cat-swords-europe","8":"first","9":"outofstock","10":"sale","11":"taxable","12":"shipping-taxable","13":"purchasable","14":"product-type-simple"},"_links":{"self":[{"href":"https:\/\/jjcustomworks.se\/fr\/wp-json\/wp\/v2\/product\/59285","targetHints":{"allow":["GET"]}}],"collection":[{"href":"https:\/\/jjcustomworks.se\/fr\/wp-json\/wp\/v2\/product"}],"about":[{"href":"https:\/\/jjcustomworks.se\/fr\/wp-json\/wp\/v2\/types\/product"}],"wp:featuredmedia":[{"embeddable":true,"href":"https:\/\/jjcustomworks.se\/fr\/wp-json\/wp\/v2\/media\/59281"}],"wp:attachment":[{"href":"https:\/\/jjcustomworks.se\/fr\/wp-json\/wp\/v2\/media?parent=59285"}],"wp:term":[{"taxonomy":"product_brand","embeddable":true,"href":"https:\/\/jjcustomworks.se\/fr\/wp-json\/wp\/v2\/product_brand?post=59285"},{"taxonomy":"product_cat","embeddable":true,"href":"https:\/\/jjcustomworks.se\/fr\/wp-json\/wp\/v2\/product_cat?post=59285"},{"taxonomy":"product_tag","embeddable":true,"href":"https:\/\/jjcustomworks.se\/fr\/wp-json\/wp\/v2\/product_tag?post=59285"}],"curies":[{"name":"wp","href":"https:\/\/api.w.org\/{rel}","templated":true}]}}