{"id":59284,"date":"2025-03-14T14:49:46","date_gmt":"2025-03-14T13:49:46","guid":{"rendered":"https:\/\/jjcustomworks.se\/product\/hk-1066-ninja-sword-25-75-overall\/"},"modified":"2026-04-14T11:41:39","modified_gmt":"2026-04-14T09:41:39","slug":"epee-ninja-hk-1066-longueur-25-75","status":"publish","type":"product","link":"https:\/\/jjcustomworks.se\/fr\/produit\/epee-ninja-hk-1066-longueur-25-75\/","title":{"rendered":"\u00c9p\u00e9e Ninja HK-1066 - Longueur 25.75\" | Blades USA"},"content":{"rendered":"<h1>\u00c9p\u00e9e Ninja HK-1066 - Parfaite pour la D\u00e9coration<\/h1>\n<h2><span class=\"ez-toc-section\" id=\"Conception_Authentique_et_Materiaux_de_Haute_Qualite\"><\/span>Design authentique et mat\u00e9riaux de haute qualit\u00e9<span class=\"ez-toc-section-end\"><\/span><\/h2>\n<p>Cette \u00e9p\u00e9e Ninja HK-1066 de Blades USA est id\u00e9ale pour la d\u00e9coration. Avec sa longueur totale de 25.75 pouces et une lame noire en acier inoxydable, cette \u00e9p\u00e9e offre une pr\u00e9sentation visuelle impressionnante. La poign\u00e9e est soigneusement envelopp\u00e9e de cordon noir, offrant une prise en main s\u00fbre et confortable. Rangez et transportez votre \u00e9p\u00e9e en toute s\u00e9curit\u00e9 avec le fourreau en nylon 2-en-1 inclus, dot\u00e9 d'une bandouli\u00e8re pratique.<\/p>\n\n<h3><span class=\"ez-toc-section\" id=\"Specifications\"><\/span>Caract\u00e9ristiques:<span class=\"ez-toc-section-end\"><\/span><\/h3>\n<ul>\n <li><strong>Longueur:<\/strong> 25.75 pouces<\/li>\n <li><strong>Mat\u00e9riel:<\/strong> Acier inoxydable<\/li>\n <li><strong>Boiteux :<\/strong> Noir<\/li>\n <li><strong>Poign\u00e9e:<\/strong> Envelopp\u00e9e de cordon noir<\/li>\n <li><strong>Fourreau :<\/strong> Nylon 2-en-1 avec bandouli\u00e8re<\/li>\n<\/ul>\n\n<h3><span class=\"ez-toc-section\" id=\"Avantages_de_lEpee_Ninja_HK-1066\"><\/span>Avantages de l&#8217;\u00c9p\u00e9e Ninja HK-1066<span class=\"ez-toc-section-end\"><\/span><\/h3>\n<p>Cette \u00e9p\u00e9e ninja d\u00e9corative est non seulement visuellement attrayante, mais aussi pratique gr\u00e2ce au fourreau inclus. Utilisez la bandouli\u00e8re pour transporter facilement l'\u00e9p\u00e9e \u00e0 divers \u00e9v\u00e9nements ou expositions. La lame noire et la poign\u00e9e envelopp\u00e9e donnent une sensation ninja authentique.<\/p>\n\n<p>Vous recherchez d'autres \u00e9p\u00e9es d\u00e9coratives ? Consultez notre <a href=\"https:\/\/jjcustomworks.se\/fr\/categorie-de-produit\/autres_produits\/axes2-2\/axes-with-wood-handle\/\">large s\u00e9lection d'\u00e9p\u00e9es<\/a>. Pour voir notre gamme compl\u00e8te, visitez notre <a href=\"https:\/\/jjcustomworks.se\/fr\/\">site web<\/a>. Vous pourriez \u00e9galement \u00eatre int\u00e9ress\u00e9 par nos autres. <a href=\"https:\/\/jjcustomworks.se\/fr\/magasin\/\">produits connexes<\/a>.<\/p>","protected":false},"excerpt":{"rendered":"<p>K\u00f6p HK-1066 NINJA Sv\u00e4rd med en l\u00e4ngd p\u00e5 25.75&#8243; &#8211; Perfekt f\u00f6r ninjafantaster.<\/p>","protected":false},"featured_media":59282,"template":"","meta":[],"product_brand":[],"product_cat":[1275],"product_tag":[],"class_list":{"0":"post-59284","1":"product","2":"type-product","3":"status-publish","4":"has-post-thumbnail","6":"product_cat-swords-europe","8":"first","9":"instock","10":"sale","11":"taxable","12":"shipping-taxable","13":"purchasable","14":"product-type-simple"},"_links":{"self":[{"href":"https:\/\/jjcustomworks.se\/fr\/wp-json\/wp\/v2\/product\/59284","targetHints":{"allow":["GET"]}}],"collection":[{"href":"https:\/\/jjcustomworks.se\/fr\/wp-json\/wp\/v2\/product"}],"about":[{"href":"https:\/\/jjcustomworks.se\/fr\/wp-json\/wp\/v2\/types\/product"}],"wp:featuredmedia":[{"embeddable":true,"href":"https:\/\/jjcustomworks.se\/fr\/wp-json\/wp\/v2\/media\/59282"}],"wp:attachment":[{"href":"https:\/\/jjcustomworks.se\/fr\/wp-json\/wp\/v2\/media?parent=59284"}],"wp:term":[{"taxonomy":"product_brand","embeddable":true,"href":"https:\/\/jjcustomworks.se\/fr\/wp-json\/wp\/v2\/product_brand?post=59284"},{"taxonomy":"product_cat","embeddable":true,"href":"https:\/\/jjcustomworks.se\/fr\/wp-json\/wp\/v2\/product_cat?post=59284"},{"taxonomy":"product_tag","embeddable":true,"href":"https:\/\/jjcustomworks.se\/fr\/wp-json\/wp\/v2\/product_tag?post=59284"}],"curies":[{"name":"wp","href":"https:\/\/api.w.org\/{rel}","templated":true}]}}