{"id":59264,"date":"2025-03-14T14:49:30","date_gmt":"2025-03-14T13:49:30","guid":{"rendered":"https:\/\/jjcustomworks.se\/product\/samurai-sword-7\/"},"modified":"2025-11-30T22:18:37","modified_gmt":"2025-11-30T21:18:37","slug":"samurai-sword-7","status":"publish","type":"product","link":"https:\/\/jjcustomworks.se\/fr\/produit\/samurai-sword-7\/","title":{"rendered":"Sabre Samoura\u00ef 40\" | Blades USA"},"content":{"rendered":"<h1><span class=\"ez-toc-section\" id=\"Sabre_de_Samourai\"><\/span>Sabre de Samoura\u00ef<span class=\"ez-toc-section-end\"><\/span><\/h1>\n<h2><span class=\"ez-toc-section\" id=\"Un_sabre_de_samourai_decoratif_pour_lexposition\"><\/span>Un sabre de samoura\u00ef d\u00e9coratif pour l&#8217;exposition<span class=\"ez-toc-section-end\"><\/span><\/h2>\n<p>Ce sabre de samoura\u00ef de Blades USA est un excellent choix pour ceux qui recherchent un sabre d\u00e9coratif \u00e0 exposer. Avec une longueur totale de 40 pouces et une lame en acier inoxydable, ce sabre combine un design traditionnel avec des mat\u00e9riaux modernes. La poign\u00e9e envelopp\u00e9e de cordon noir offre une prise en main confortable et s\u00fbre, tandis que le fourreau fini en laque rouge compl\u00e8te l'aspect authentique. Parfait comme pi\u00e8ce d\u00e9corative dans votre maison ou comme partie d'une collection.<\/p>\n<h3><span class=\"ez-toc-section\" id=\"Specifications_du_produit\"><\/span>Sp\u00e9cifications du produit :<span class=\"ez-toc-section-end\"><\/span><\/h3>\n<ul>\n    <li><strong>Longueur totale :<\/strong> 40 pouces<\/li>\n    <li><strong>Mat\u00e9riel:<\/strong> Acier inoxydable<\/li>\n    <li><strong>Poign\u00e9e:<\/strong> Envelopp\u00e9e de cordon noir<\/li>\n    <li><strong>Fourreau :<\/strong> Fini en laque rouge<\/li>\n<\/ul>\n<p>Ce sabre de samoura\u00ef est con\u00e7u pour \u00eatre une belle d\u00e9coration et n'est pas destin\u00e9 au combat ou \u00e0 des activit\u00e9s similaires. La lame en acier inoxydable n\u00e9cessite un entretien minimal pour conserver son \u00e9clat. Le fourreau inclus prot\u00e8ge la lame lorsque le sabre n'est pas utilis\u00e9 et contribue \u00e0 la pr\u00e9sentation \u00e9l\u00e9gante du sabre. D\u00e9couvrez notre s\u00e9lection d'autres <a href=\"https:\/\/jjcustomworks.se\/fr\/magasin\/\">sabres d\u00e9coratifs<\/a> comme ce sabre de samoura\u00ef. Pour plus d'informations sur nos produits, visitez notre <a href=\"https:\/\/jjcustomworks.se\/fr\/categorie-de-produit\/autres_produits\/axes2-2\/axes-with-wood-handle\/\">page de cat\u00e9gorie<\/a> ou notre <a href=\"https:\/\/jjcustomworks.se\/fr\/\">page d&#039;accueil<\/a>.<\/p>","protected":false},"excerpt":{"rendered":"<p>Sabre de Samoura\u00ef Un sabre de samoura\u00ef d\u00e9coratif pour l&#8217;exposition Ce sabre de samoura\u00ef de Blades USA est un excellent choix pour ceux qui recherchent un sabre d\u00e9coratif \u00e0 exposer. Avec une longueur totale de 40 pouces et une lame en acier inoxydable, ce sabre combine un design traditionnel avec des mat\u00e9riaux modernes. La poign\u00e9e [&#8230;]\n","protected":false},"featured_media":59262,"template":"","meta":[],"product_brand":[],"product_cat":[1275],"product_tag":[],"class_list":{"0":"post-59264","1":"product","2":"type-product","3":"status-publish","4":"has-post-thumbnail","6":"product_cat-swords-europe","8":"first","9":"outofstock","10":"sale","11":"taxable","12":"shipping-taxable","13":"purchasable","14":"product-type-simple"},"_links":{"self":[{"href":"https:\/\/jjcustomworks.se\/fr\/wp-json\/wp\/v2\/product\/59264","targetHints":{"allow":["GET"]}}],"collection":[{"href":"https:\/\/jjcustomworks.se\/fr\/wp-json\/wp\/v2\/product"}],"about":[{"href":"https:\/\/jjcustomworks.se\/fr\/wp-json\/wp\/v2\/types\/product"}],"wp:featuredmedia":[{"embeddable":true,"href":"https:\/\/jjcustomworks.se\/fr\/wp-json\/wp\/v2\/media\/59262"}],"wp:attachment":[{"href":"https:\/\/jjcustomworks.se\/fr\/wp-json\/wp\/v2\/media?parent=59264"}],"wp:term":[{"taxonomy":"product_brand","embeddable":true,"href":"https:\/\/jjcustomworks.se\/fr\/wp-json\/wp\/v2\/product_brand?post=59264"},{"taxonomy":"product_cat","embeddable":true,"href":"https:\/\/jjcustomworks.se\/fr\/wp-json\/wp\/v2\/product_cat?post=59264"},{"taxonomy":"product_tag","embeddable":true,"href":"https:\/\/jjcustomworks.se\/fr\/wp-json\/wp\/v2\/product_tag?post=59264"}],"curies":[{"name":"wp","href":"https:\/\/api.w.org\/{rel}","templated":true}]}}