{"id":59261,"date":"2025-03-14T14:49:29","date_gmt":"2025-03-14T13:49:29","guid":{"rendered":"https:\/\/jjcustomworks.se\/product\/perfect-point-2-pack-throwing-knifes\/"},"modified":"2025-11-08T19:01:43","modified_gmt":"2025-11-08T18:01:43","slug":"perfect-point-jeu-de-2-couteaux-de-lancer","status":"publish","type":"product","link":"https:\/\/jjcustomworks.se\/fr\/produit\/perfect-point-jeu-de-2-couteaux-de-lancer\/","title":{"rendered":"Perfect Point - Jeu de 2 Couteaux de Lancer"},"content":{"rendered":"<h1>PERFECT POINT - JEU DE 2 COUTEAUX DE LANCER<\/h1>\n<h2><span class=\"ez-toc-section\" id=\"Ensemble_de_Couteaux_de_Lancer_avec_Drapeau_Americain\"><\/span>Ensemble de Couteaux de Lancer avec Drapeau Am\u00e9ricain<span class=\"ez-toc-section-end\"><\/span><\/h2>\n<p>Ce jeu de 2 couteaux de lancer de Perfect Point est parfait pour les d\u00e9butants comme pour les lanceurs exp\u00e9riment\u00e9s. L'ensemble comprend deux couteaux de lancer \u00e9quilibr\u00e9s d'une longueur totale de 8 pouces. Chaque couteau est orn\u00e9 d'un imprim\u00e9 en relief du drapeau am\u00e9ricain. Un \u00e9tui en nylon est inclus pour un rangement s\u00fbr et pratique.<\/p>\n<ul>\n <li>Jeu de 2 couteaux de lancer<\/li>\n <li>Longueur totale de 8 pouces<\/li>\n <li>Imprim\u00e9 en relief du drapeau am\u00e9ricain<\/li>\n <li>\u00c9tui en nylon inclus<\/li>\n<\/ul>\n<h3><span class=\"ez-toc-section\" id=\"Considerations_Importantes_Lors_de_Lutilisation_de_Couteaux_de_Lancer\"><\/span>Consid\u00e9rations Importantes Lors de L&#8217;utilisation de Couteaux de Lancer<span class=\"ez-toc-section-end\"><\/span><\/h3>\n<p>Le lancer de couteaux est un art et un sport traditionnel qui peut divertir toute la famille. Avec un peu de patience, il est relativement facile \u00e0 apprendre. Cependant, il est important de se rappeler que les couteaux de lancer ne sont pas des jouets. Ils sont pointus et peuvent \u00eatre tranchants, ce qui n\u00e9cessite la surveillance d'un adulte. Une limite d'\u00e2ge de 18 ans s'applique \u00e0 l'achat.<\/p>\n<p>Soyez prudent lorsque vous manipulez des couteaux de lancer. Ne lancez jamais en direction de personnes ou d'animaux et assurez-vous qu'il n'y a pas d'objets fragiles \u00e0 proximit\u00e9 de la cible. Ces couteaux sont destin\u00e9s \u00e0 \u00eatre lanc\u00e9s sur des cibles appropri\u00e9es. Les petits couteaux de lancer de moins de 10 pouces peuvent \u00eatre utilis\u00e9s contre des cibles de fl\u00e9chettes ordinaires, tandis que les couteaux plus grands et plus lourds n\u00e9cessitent une cible en bois. Plusieurs couches de carton peuvent \u00e9galement servir de cible. N'oubliez pas que l'acier peut rebondir sur des surfaces dures. Vous cherchez plus d'options? Consultez notre s\u00e9lection d'<a href=\"https:\/\/jjcustomworks.se\/fr\/magasin\/\">autres couteaux de lancer<\/a>. N'oubliez pas de visiter notre <a href=\"https:\/\/jjcustomworks.se\/fr\/categorie-de-produit\/autres_produits\/axes2-2\/axes-with-wood-handle\/\">cat\u00e9gorie de couteau<\/a> pour voir notre gamme compl\u00e8te, ou retournez \u00e0 <a href=\"https:\/\/jjcustomworks.se\/fr\/\">notre page d&#039;accueil<\/a> pour d\u00e9couvrir tous nos produits.<\/p>","protected":false},"excerpt":{"rendered":"<p>PERFECT POINT &#8211; JEU DE 2 COUTEAUX DE LANCER Ensemble de Couteaux de Lancer avec Drapeau Am\u00e9ricain Ce jeu de 2 couteaux de lancer de Perfect Point est parfait pour les d\u00e9butants comme pour les lanceurs exp\u00e9riment\u00e9s. L&#8217;ensemble comprend deux couteaux de lancer \u00e9quilibr\u00e9s d&#8217;une longueur totale de 8 pouces. Chaque couteau est orn\u00e9 d&#8217;un [&#8230;]\n","protected":false},"featured_media":59258,"template":"","meta":[],"product_brand":[],"product_cat":[908],"product_tag":[],"class_list":{"0":"post-59261","1":"product","2":"type-product","3":"status-publish","4":"has-post-thumbnail","6":"product_cat-kastkniv","8":"first","9":"outofstock","10":"sale","11":"taxable","12":"shipping-taxable","13":"purchasable","14":"product-type-simple"},"_links":{"self":[{"href":"https:\/\/jjcustomworks.se\/fr\/wp-json\/wp\/v2\/product\/59261","targetHints":{"allow":["GET"]}}],"collection":[{"href":"https:\/\/jjcustomworks.se\/fr\/wp-json\/wp\/v2\/product"}],"about":[{"href":"https:\/\/jjcustomworks.se\/fr\/wp-json\/wp\/v2\/types\/product"}],"wp:featuredmedia":[{"embeddable":true,"href":"https:\/\/jjcustomworks.se\/fr\/wp-json\/wp\/v2\/media\/59258"}],"wp:attachment":[{"href":"https:\/\/jjcustomworks.se\/fr\/wp-json\/wp\/v2\/media?parent=59261"}],"wp:term":[{"taxonomy":"product_brand","embeddable":true,"href":"https:\/\/jjcustomworks.se\/fr\/wp-json\/wp\/v2\/product_brand?post=59261"},{"taxonomy":"product_cat","embeddable":true,"href":"https:\/\/jjcustomworks.se\/fr\/wp-json\/wp\/v2\/product_cat?post=59261"},{"taxonomy":"product_tag","embeddable":true,"href":"https:\/\/jjcustomworks.se\/fr\/wp-json\/wp\/v2\/product_tag?post=59261"}],"curies":[{"name":"wp","href":"https:\/\/api.w.org\/{rel}","templated":true}]}}