{"id":59260,"date":"2025-03-14T14:49:29","date_gmt":"2025-03-14T13:49:29","guid":{"rendered":"https:\/\/jjcustomworks.se\/product\/perfect-point-3-pack-throwing-knifes\/"},"modified":"2026-04-21T08:29:35","modified_gmt":"2026-04-21T06:29:35","slug":"perfect-point-jeu-de-3-couteaux-de-lancer","status":"publish","type":"product","link":"https:\/\/jjcustomworks.se\/fr\/produit\/perfect-point-jeu-de-3-couteaux-de-lancer\/","title":{"rendered":"Perfect Point - Jeu de 3 Couteaux de Lancer"},"content":{"rendered":"<h1>PERFECT POINT - JEU DE 3 COUTEAUX DE LANCER<\/h1>\n<h2><span class=\"ez-toc-section\" id=\"Ensemble_complet_de_couteaux_de_lancer_pour_debutants_et_experts\"><\/span>Ensemble complet de couteaux de lancer pour d\u00e9butants et experts<span class=\"ez-toc-section-end\"><\/span><\/h2>\n<p>Ce jeu de 3 couteaux de lancer de Perfect Point est parfait pour ceux qui veulent essayer le lancer de couteau ou d\u00e9velopper leurs comp\u00e9tences. L'ensemble comprend trois couteaux de lancer d'une longueur totale de 8 pouces et un imprim\u00e9 tie-dye color\u00e9. L'\u00e9tui en nylon inclus facilite et s\u00e9curise le rangement et le transport des couteaux.<\/p>\n<h3><span class=\"ez-toc-section\" id=\"Caracteristiques\"><\/span>Caract\u00e9ristiques:<span class=\"ez-toc-section-end\"><\/span><\/h3>\n<ul>\n <li>Jeu de 3 couteaux de lancer<\/li>\n <li>Longueur totale de 8 pouces<\/li>\n <li>Imprim\u00e9 tie-dye color\u00e9<\/li>\n <li>Comprend un \u00e9tui en nylon<\/li>\n<\/ul>\n<p>Le lancer de couteau est un art et un sport traditionnel qui peut divertir toute la famille. Avec un peu de patience, il est relativement facile d'en apprendre les bases. Ces couteaux de lancer ne sont pas des jouets et doivent \u00eatre manipul\u00e9s avec pr\u00e9caution et sous la surveillance d'un adulte. Une limite d'\u00e2ge de 18 ans s'applique aux achats.<\/p>\n<p>Important \u00e0 garder \u00e0 l'esprit :<br>Ne jamais lancer en direction de personnes ou d'animaux. Assurez-vous qu'il n'y a pas d'objets fragiles \u00e0 proximit\u00e9 de la cible. Les couteaux sont uniquement destin\u00e9s \u00e0 \u00eatre lanc\u00e9s sur des cibles appropri\u00e9es. Les petits couteaux de lancer de moins de 10 pouces qui ne p\u00e8sent pas beaucoup peuvent \u00eatre lanc\u00e9s sur des cibles de fl\u00e9chettes ordinaires. Pour les couteaux de comp\u00e9tition plus grands et plus lourds, une cible en bois est recommand\u00e9e. Plusieurs couches de carton peuvent \u00e9galement servir de bonne cible. Gardez \u00e0 l'esprit que l'acier peut rebondir sur des surfaces dures.<\/p>\n<p>D\u00e9couvrez notre s\u00e9lection de<a href=\"https:\/\/jjcustomworks.se\/fr\/magasin\/\">autres couteaux de lancer<\/a> pour trouver l&#039;ensemble parfait pour vous. Visitez notre <a href=\"https:\/\/jjcustomworks.se\/fr\/categorie-de-produit\/autres_produits\/axes2-2\/axes-with-wood-handle\/\">cat\u00e9gorie de couteau<\/a> pour voir toute notre gamme. Ne manquez pas nos autres produits sur <a href=\"https:\/\/jjcustomworks.se\/fr\/\">notre site Web<\/a> !<\/p>","protected":false},"excerpt":{"rendered":"<p>K\u00f6p v\u00e5rt 3-pack med Perfect Point kastknivar f\u00f6r en perfekt precision och tr\u00e4ffs\u00e4kerhet. Med dessa kastknivar kan du f\u00f6rb\u00e4ttra dina f\u00e4rdigheter och imponera p\u00e5 v\u00e4nner och familj. Best\u00e4ll nu och f\u00e5 en komplett upps\u00e4ttning av h\u00f6gkvalitativa kastknivar f\u00f6r din tr\u00e4ning och underh\u00e5llning.<\/p>","protected":false},"featured_media":59255,"template":"","meta":[],"product_brand":[],"product_cat":[908],"product_tag":[],"class_list":{"0":"post-59260","1":"product","2":"type-product","3":"status-publish","4":"has-post-thumbnail","6":"product_cat-kastkniv","8":"first","9":"instock","10":"sale","11":"taxable","12":"shipping-taxable","13":"purchasable","14":"product-type-simple"},"_links":{"self":[{"href":"https:\/\/jjcustomworks.se\/fr\/wp-json\/wp\/v2\/product\/59260","targetHints":{"allow":["GET"]}}],"collection":[{"href":"https:\/\/jjcustomworks.se\/fr\/wp-json\/wp\/v2\/product"}],"about":[{"href":"https:\/\/jjcustomworks.se\/fr\/wp-json\/wp\/v2\/types\/product"}],"wp:featuredmedia":[{"embeddable":true,"href":"https:\/\/jjcustomworks.se\/fr\/wp-json\/wp\/v2\/media\/59255"}],"wp:attachment":[{"href":"https:\/\/jjcustomworks.se\/fr\/wp-json\/wp\/v2\/media?parent=59260"}],"wp:term":[{"taxonomy":"product_brand","embeddable":true,"href":"https:\/\/jjcustomworks.se\/fr\/wp-json\/wp\/v2\/product_brand?post=59260"},{"taxonomy":"product_cat","embeddable":true,"href":"https:\/\/jjcustomworks.se\/fr\/wp-json\/wp\/v2\/product_cat?post=59260"},{"taxonomy":"product_tag","embeddable":true,"href":"https:\/\/jjcustomworks.se\/fr\/wp-json\/wp\/v2\/product_tag?post=59260"}],"curies":[{"name":"wp","href":"https:\/\/api.w.org\/{rel}","templated":true}]}}