{"id":59259,"date":"2025-03-14T14:49:28","date_gmt":"2025-03-14T13:49:28","guid":{"rendered":"https:\/\/jjcustomworks.se\/product\/sw-350e-samurai-sword\/"},"modified":"2025-10-17T03:29:49","modified_gmt":"2025-10-17T01:29:49","slug":"sw-350e-epee-de-samourai","status":"publish","type":"product","link":"https:\/\/jjcustomworks.se\/fr\/produit\/sw-350e-epee-de-samourai\/","title":{"rendered":"SW-350E \u00c9p\u00e9e de Samoura\u00ef | Blades USA"},"content":{"rendered":"<h1>SW-350E - Sabre de samoura\u00ef<\/h1>\n<h2><span class=\"ez-toc-section\" id=\"Authentique_Epee_de_Samourai_pour_lExposition\"><\/span>Authentique \u00c9p\u00e9e de Samoura\u00ef pour l&#8217;Exposition<span class=\"ez-toc-section-end\"><\/span><\/h2>\n<p>L&#039;<b>\u00c9p\u00e9e de Samoura\u00ef SW-350E de Blades USA<\/b> est une \u00e9p\u00e9e de pr\u00e9sentation parfaite pour ceux qui appr\u00e9cient la culture orientale et les objets de collection. Avec une longueur totale de 41,5 pouces, cette \u00e9p\u00e9e d'inspiration katana est fabriqu\u00e9e en acier inoxydable, ce qui lui conf\u00e8re une construction \u00e9l\u00e9gante et durable. Cette \u00e9p\u00e9e de samoura\u00ef est \u00e9galement connue sous le nom de \"l'\u00e9p\u00e9e de Bill\".<\/p>\n<ul>\n <li><b>\u00c9p\u00e9e Orientale :<\/b> Inspir\u00e9e des \u00e9p\u00e9es orientales traditionnelles.<\/li>\n <li><b>Longueur totale :<\/b> 41,5 pouces, offrant une pr\u00e9sence impressionnante.<\/li>\n <li><b>Mat\u00e9riel:<\/b> Fabriqu\u00e9e en acier inoxydable pour la durabilit\u00e9 et l'esth\u00e9tique.<\/li>\n <li><b>\u00c9tiquette de Collectionneur :<\/b> Comprend une \u00e9tiquette de collectionneur pour une valeur ajout\u00e9e.<\/li>\n<\/ul>\n<p>Cette \u00e9p\u00e9e de pr\u00e9sentation est id\u00e9ale pour \u00eatre expos\u00e9e \u00e0 la maison ou au bureau, et l'\u00e9tiquette de collectionneur incluse renforce son attrait. Ajoutez cette \u00e9p\u00e9e de samoura\u00ef unique \u00e0 votre collection d\u00e8s aujourd'hui ! Consultez nos autres <a href=\"https:\/\/jjcustomworks.se\/fr\/magasin\/\">\u00e9p\u00e9es orientales<\/a> il <a href=\"https:\/\/jjcustomworks.se\/fr\/categorie-de-produit\/autres_produits\/axes2-2\/axes-with-wood-handle\/\">\u00e9p\u00e9es d\u00e9coratives<\/a> dans notre gamme. Visite <a href=\"https:\/\/jjcustomworks.se\/fr\/\">notre site Web<\/a> pour voir toute notre s\u00e9lection.<\/p>","protected":false},"excerpt":{"rendered":"<p>SW-350E &#8211; \u00c9p\u00e9e de Samoura\u00ef Authentique \u00c9p\u00e9e de Samoura\u00ef pour l&#8217;Exposition L&#8217;\u00c9p\u00e9e de Samoura\u00ef SW-350E de Blades USA est une \u00e9p\u00e9e de pr\u00e9sentation parfaite pour ceux qui appr\u00e9cient la culture orientale et les objets de collection. Avec une longueur totale de 41,5 pouces, cette \u00e9p\u00e9e d&#8217;inspiration katana est fabriqu\u00e9e en acier inoxydable, ce qui lui [&#8230;]\n","protected":false},"featured_media":59257,"template":"","meta":[],"product_brand":[],"product_cat":[1275],"product_tag":[],"class_list":{"0":"post-59259","1":"product","2":"type-product","3":"status-publish","4":"has-post-thumbnail","6":"product_cat-swords-europe","8":"first","9":"outofstock","10":"taxable","11":"shipping-taxable","12":"purchasable","13":"product-type-simple"},"_links":{"self":[{"href":"https:\/\/jjcustomworks.se\/fr\/wp-json\/wp\/v2\/product\/59259","targetHints":{"allow":["GET"]}}],"collection":[{"href":"https:\/\/jjcustomworks.se\/fr\/wp-json\/wp\/v2\/product"}],"about":[{"href":"https:\/\/jjcustomworks.se\/fr\/wp-json\/wp\/v2\/types\/product"}],"wp:featuredmedia":[{"embeddable":true,"href":"https:\/\/jjcustomworks.se\/fr\/wp-json\/wp\/v2\/media\/59257"}],"wp:attachment":[{"href":"https:\/\/jjcustomworks.se\/fr\/wp-json\/wp\/v2\/media?parent=59259"}],"wp:term":[{"taxonomy":"product_brand","embeddable":true,"href":"https:\/\/jjcustomworks.se\/fr\/wp-json\/wp\/v2\/product_brand?post=59259"},{"taxonomy":"product_cat","embeddable":true,"href":"https:\/\/jjcustomworks.se\/fr\/wp-json\/wp\/v2\/product_cat?post=59259"},{"taxonomy":"product_tag","embeddable":true,"href":"https:\/\/jjcustomworks.se\/fr\/wp-json\/wp\/v2\/product_tag?post=59259"}],"curies":[{"name":"wp","href":"https:\/\/api.w.org\/{rel}","templated":true}]}}