{"id":59251,"date":"2025-03-14T14:49:24","date_gmt":"2025-03-14T13:49:24","guid":{"rendered":"https:\/\/jjcustomworks.se\/product\/yk-185n-throwing-knife-set\/"},"modified":"2025-11-08T19:11:40","modified_gmt":"2025-11-08T18:11:40","slug":"yk-185n-set-de-couteaux-de-lancer","status":"publish","type":"product","link":"https:\/\/jjcustomworks.se\/fr\/produit\/yk-185n-set-de-couteaux-de-lancer\/","title":{"rendered":"Set de Couteaux de Lancer YK-185N | Master Cutlery"},"content":{"rendered":"<h1>YK-185N - Set de Couteaux de Lancer<\/h1>\n\n<h2><span class=\"ez-toc-section\" id=\"Lancez_en_toute_securite_avec_cet_ensemble_complet\"><\/span>Lancez en toute s\u00e9curit\u00e9 avec cet ensemble complet<span class=\"ez-toc-section-end\"><\/span><\/h2>\n\n<p>Le set de couteaux de lancer Master Cutlery YK-185N est parfait pour les d\u00e9butants comme pour les lanceurs exp\u00e9riment\u00e9s. Cet ensemble comprend des couteaux en acier inoxydable, offrant une bonne durabilit\u00e9 et long\u00e9vit\u00e9. Les couteaux ont une lame noire et un manche noir en acier inoxydable pour un aspect uniforme.<\/p>\n\n<h3><span class=\"ez-toc-section\" id=\"Caracteristiques\"><\/span>Caract\u00e9ristiques:<span class=\"ez-toc-section-end\"><\/span><\/h3>\n\n<ul>\n <li><strong>Longueur:<\/strong> 4,75 pouces<\/li>\n <li><strong>Mat\u00e9riel:<\/strong> Acier inoxydable<\/li>\n <li><strong>Boiteux:<\/strong> Noir<\/li>\n <li><strong>Manche:<\/strong> Acier inoxydable noir<\/li>\n<\/ul>\n\n<h3><span class=\"ez-toc-section\" id=\"Gaine_en_nylon_pratique\"><\/span>Gaine en nylon pratique<span class=\"ez-toc-section-end\"><\/span><\/h3>\n\n<p>L'ensemble comprend une gaine en nylon avec des sangles d'avant-bras, ce qui rend le transport des couteaux facile et s\u00fbr. La gaine prot\u00e8ge les couteaux et les rend facilement accessibles lorsque vous en avez besoin. Le lancer de couteaux est un art ancien et un sport qui peut \u00eatre appr\u00e9ci\u00e9 par toute la famille, mais il est important de se souvenir de la s\u00e9curit\u00e9.<\/p>\n\n<h3><span class=\"ez-toc-section\" id=\"Consignes_de_securite\"><\/span>Consignes de s\u00e9curit\u00e9<span class=\"ez-toc-section-end\"><\/span><\/h3>\n\n<p>Ces couteaux de lancer ne sont pas des jouets et doivent \u00eatre manipul\u00e9s sous la surveillance d'un adulte. Vous devez avoir 18 ans ou plus pour acheter. Ne jamais lancer dans la m\u00eame direction que d'autres personnes ou animaux et assurez-vous qu'il n'y a pas d'objets fragiles pr\u00e8s de la cible.<\/p>\n\n<h3><span class=\"ez-toc-section\" id=\"Cible\"><\/span>Cible<span class=\"ez-toc-section-end\"><\/span><\/h3>\n\n<p>Utilisez les couteaux uniquement contre une cible appropri\u00e9e. Les petits couteaux de lancer de moins de 10 pouces qui ne p\u00e8sent pas beaucoup peuvent \u00eatre lanc\u00e9s sur des cibles de fl\u00e9chettes ordinaires. Pour les couteaux de comp\u00e9tition plus grands et plus lourds, une v\u00e9ritable cible en bois est recommand\u00e9e. Plusieurs couches de carton peuvent \u00e9galement servir de bonne cible. Gardez \u00e0 l'esprit que l'acier rebondit sur l'acier et autres surfaces dures. Parcourez <a href=\"https:\/\/jjcustomworks.se\/fr\/magasin\/\">plus de couteaux de lancer<\/a> pour agrandir votre collection ou visitez notre <a href=\"https:\/\/jjcustomworks.se\/fr\/categorie-de-produit\/fait-a-la-main\/couteaux-faits-a-la-main\/\">cat\u00e9gorie de couteau<\/a> pour d'autres types de couteaux. L'\u00e2ge minimum pour l'achat est toujours de 18 ans. Veuillez visiter notre <a href=\"https:\/\/jjcustomworks.se\/fr\/\">site web<\/a> pour plus de produits.<\/p>","protected":false},"excerpt":{"rendered":"<p>YK-185N &#8211; Set de Couteaux de Lancer Lancez en toute s\u00e9curit\u00e9 avec cet ensemble complet Le set de couteaux de lancer Master Cutlery YK-185N est parfait pour les d\u00e9butants comme pour les lanceurs exp\u00e9riment\u00e9s. Cet ensemble comprend des couteaux en acier inoxydable, offrant une bonne durabilit\u00e9 et long\u00e9vit\u00e9. Les couteaux ont une lame noire et [&#8230;]\n","protected":false},"featured_media":59250,"template":"","meta":[],"product_brand":[],"product_cat":[908],"product_tag":[],"class_list":{"0":"post-59251","1":"product","2":"type-product","3":"status-publish","4":"has-post-thumbnail","6":"product_cat-kastkniv","8":"first","9":"outofstock","10":"taxable","11":"shipping-taxable","12":"purchasable","13":"product-type-simple"},"_links":{"self":[{"href":"https:\/\/jjcustomworks.se\/fr\/wp-json\/wp\/v2\/product\/59251","targetHints":{"allow":["GET"]}}],"collection":[{"href":"https:\/\/jjcustomworks.se\/fr\/wp-json\/wp\/v2\/product"}],"about":[{"href":"https:\/\/jjcustomworks.se\/fr\/wp-json\/wp\/v2\/types\/product"}],"wp:featuredmedia":[{"embeddable":true,"href":"https:\/\/jjcustomworks.se\/fr\/wp-json\/wp\/v2\/media\/59250"}],"wp:attachment":[{"href":"https:\/\/jjcustomworks.se\/fr\/wp-json\/wp\/v2\/media?parent=59251"}],"wp:term":[{"taxonomy":"product_brand","embeddable":true,"href":"https:\/\/jjcustomworks.se\/fr\/wp-json\/wp\/v2\/product_brand?post=59251"},{"taxonomy":"product_cat","embeddable":true,"href":"https:\/\/jjcustomworks.se\/fr\/wp-json\/wp\/v2\/product_cat?post=59251"},{"taxonomy":"product_tag","embeddable":true,"href":"https:\/\/jjcustomworks.se\/fr\/wp-json\/wp\/v2\/product_tag?post=59251"}],"curies":[{"name":"wp","href":"https:\/\/api.w.org\/{rel}","templated":true}]}}