{"id":59248,"date":"2025-03-14T14:49:21","date_gmt":"2025-03-14T13:49:21","guid":{"rendered":"https:\/\/jjcustomworks.se\/product\/js-603-samurai-sword-41-overall\/"},"modified":"2025-11-08T18:34:16","modified_gmt":"2025-11-08T17:34:16","slug":"js-603-sabre-samourai-41-pouces-longueur","status":"publish","type":"product","link":"https:\/\/jjcustomworks.se\/fr\/produit\/js-603-sabre-samourai-41-pouces-longueur\/","title":{"rendered":"Samurai Sword JS-603 - Longueur 41\" | Blades USA"},"content":{"rendered":"<h1>JS-603 - Sabre de samoura\u00ef 41\" de longueur<\/h1>\n<h2><span class=\"ez-toc-section\" id=\"Authentique_sabre_de_samourai_avec_un_design_unique\"><\/span>Authentique sabre de samoura\u00ef avec un design unique<span class=\"ez-toc-section-end\"><\/span><\/h2>\n<p>Ce sabre de samoura\u00ef combine un design traditionnel avec des mat\u00e9riaux modernes. Avec une longueur totale de 41 pouces, ce sabre est \u00e0 la fois impressionnant et bien \u00e9quilibr\u00e9. La lame est en acier inoxydable, ce qui garantit un produit durable et facile \u00e0 entretenir. Le fourreau en peau de serpent simul\u00e9e, associ\u00e9 \u00e0 la t\u00eate de cobra argent\u00e9e, conf\u00e8re au sabre un aspect unique et accrocheur. Parfait pour les collectionneurs et ceux qui appr\u00e9cient la culture japonaise.<\/p>\n\n<h3><span class=\"ez-toc-section\" id=\"Specifications\"><\/span>Caract\u00e9ristiques:<span class=\"ez-toc-section-end\"><\/span><\/h3>\n<ul>\n <li>Longueur totale : 41 pouces<\/li>\n <li>Mat\u00e9riau : acier inoxydable<\/li>\n <li>Fourreau : Peau de serpent simul\u00e9e avec t\u00eate de cobra argent\u00e9e<\/li>\n<\/ul>\n\n<h3><span class=\"ez-toc-section\" id=\"Avantages_de_ce_sabre_de_samourai\"><\/span>Avantages de ce sabre de samoura\u00ef :<span class=\"ez-toc-section-end\"><\/span><\/h3>\n<ul>\n <li><strong>Mat\u00e9riau de haute qualit\u00e9 :<\/strong> L'acier inoxydable garantit une longue durabilit\u00e9 et un entretien facile.<\/li>\n <li><strong>Conception unique :<\/strong> La peau de serpent simul\u00e9e et la t\u00eate de cobra argent\u00e9e offrent un look distinctif.<\/li>\n <li><strong>Taille impressionnante :<\/strong> Avec une longueur totale de 41 pouces, le sabre constitue un ajout impressionnant \u00e0 toute collection.<\/li>\n<\/ul>\n\n<p>D\u00e9couvrez notre gamme de <a href=\"https:\/\/jjcustomworks.se\/fr\/magasin\/\">sabres de samoura\u00efs similaires<\/a> pour trouver le sabre parfait pour votre collection. Vous pouvez \u00e9galement visiter notre <a href=\"https:\/\/jjcustomworks.se\/fr\/categorie-de-produit\/autres_produits\/axes2-2\/axes-with-wood-handle\/\">cat\u00e9gorie d&#039;objets de collection<\/a> pour d\u00e9couvrir d'autres produits uniques. Ne manquez pas notre <a href=\"https:\/\/jjcustomworks.se\/fr\/\">large gamme de produits<\/a>.<\/p>","protected":false},"excerpt":{"rendered":"<p>JS-603 &#8211; Sabre de samoura\u00ef 41&#8243; de longueur Authentique sabre de samoura\u00ef avec un design unique Ce sabre de samoura\u00ef combine un design traditionnel avec des mat\u00e9riaux modernes. Avec une longueur totale de 41 pouces, ce sabre est \u00e0 la fois impressionnant et bien \u00e9quilibr\u00e9. La lame est en acier inoxydable, ce qui garantit un [&#8230;]\n","protected":false},"featured_media":59247,"template":"","meta":[],"product_brand":[],"product_cat":[1275],"product_tag":[],"class_list":{"0":"post-59248","1":"product","2":"type-product","3":"status-publish","4":"has-post-thumbnail","6":"product_cat-swords-europe","8":"first","9":"outofstock","10":"sale","11":"taxable","12":"shipping-taxable","13":"purchasable","14":"product-type-simple"},"_links":{"self":[{"href":"https:\/\/jjcustomworks.se\/fr\/wp-json\/wp\/v2\/product\/59248","targetHints":{"allow":["GET"]}}],"collection":[{"href":"https:\/\/jjcustomworks.se\/fr\/wp-json\/wp\/v2\/product"}],"about":[{"href":"https:\/\/jjcustomworks.se\/fr\/wp-json\/wp\/v2\/types\/product"}],"wp:featuredmedia":[{"embeddable":true,"href":"https:\/\/jjcustomworks.se\/fr\/wp-json\/wp\/v2\/media\/59247"}],"wp:attachment":[{"href":"https:\/\/jjcustomworks.se\/fr\/wp-json\/wp\/v2\/media?parent=59248"}],"wp:term":[{"taxonomy":"product_brand","embeddable":true,"href":"https:\/\/jjcustomworks.se\/fr\/wp-json\/wp\/v2\/product_brand?post=59248"},{"taxonomy":"product_cat","embeddable":true,"href":"https:\/\/jjcustomworks.se\/fr\/wp-json\/wp\/v2\/product_cat?post=59248"},{"taxonomy":"product_tag","embeddable":true,"href":"https:\/\/jjcustomworks.se\/fr\/wp-json\/wp\/v2\/product_tag?post=59248"}],"curies":[{"name":"wp","href":"https:\/\/api.w.org\/{rel}","templated":true}]}}