{"id":59240,"date":"2025-03-14T14:49:16","date_gmt":"2025-03-14T13:49:16","guid":{"rendered":"https:\/\/jjcustomworks.se\/product\/tac-force-tf-axe003s-tactical-tomahawk\/"},"modified":"2026-04-15T01:27:37","modified_gmt":"2026-04-14T23:27:37","slug":"tac-force-tf-axe003s-tomahawk-tactique","status":"publish","type":"product","link":"https:\/\/jjcustomworks.se\/fr\/produit\/tac-force-tf-axe003s-tomahawk-tactique\/","title":{"rendered":"TAC-FORCE TF-AXE003S Tomahawk Tactique"},"content":{"rendered":"<h1><span class=\"ez-toc-section\" id=\"TAC-FORCE_TF-AXE003S_Tomahawk_Tactique\"><\/span>TAC-FORCE TF-AXE003S Tomahawk Tactique<span class=\"ez-toc-section-end\"><\/span><\/h1>\n\n<h2><span class=\"ez-toc-section\" id=\"Hache_Tactique_Puissante_et_Polyvalente\"><\/span>Hache Tactique Puissante et Polyvalente<span class=\"ez-toc-section-end\"><\/span><\/h2>\n\n<p>Le tomahawk tactique TAC-FORCE TF-AXE003S est un outil robuste con\u00e7u pour une utilisation polyvalente. Avec sa construction pleine soie et ses mat\u00e9riaux durables, cette hache est un choix fiable tant pour les situations tactiques que pour les activit\u00e9s de plein air. L'\u00e9tui en nylon inclus le rend facile et s\u00fbr \u00e0 transporter.<\/p>\n\n<h3><span class=\"ez-toc-section\" id=\"Informations_sur_le_Produit\"><\/span>Informations sur le produit<span class=\"ez-toc-section-end\"><\/span><\/h3>\n\n<ul>\n <li><strong>Longueur totale :<\/strong> 13 pouces (environ 33 cm)<\/li>\n <li><strong>Longueur de la lame :<\/strong> 4,25 pouces (environ 10,8 cm)<\/li>\n <li><strong>Mat\u00e9riau de la lame :<\/strong> Acier 3CR13 avec finition satin\u00e9e<\/li>\n <li><strong>Manche:<\/strong> 9,5 pouces (environ 24,1 cm) en caoutchouc moul\u00e9 par injection<\/li>\n <li><strong>Construction :<\/strong> Pleine soie<\/li>\n <li><strong>Cas:<\/strong> \u00c9tui en nylon inclus<\/li>\n<\/ul>\n\n<h3><span class=\"ez-toc-section\" id=\"Caracteristiques_et_Avantages\"><\/span>Caract\u00e9ristiques et avantages<span class=\"ez-toc-section-end\"><\/span><\/h3>\n\n<p>Ce tomahawk tactique est con\u00e7u pour r\u00e9sister aux conditions difficiles. La lame en acier 3CR13 offre un bon \u00e9quilibre entre tranchant et durabilit\u00e9, tandis que le manche en caoutchouc moul\u00e9 par injection offre une prise en main s\u00fbre et confortable. La construction pleine soie augmente la stabilit\u00e9 et la dur\u00e9e de vie de la hache, ce qui en fait un outil fiable dans toutes les situations.<\/p>\n\n<p>Avec l'\u00e9tui en nylon inclus, vous pouvez facilement et en toute s\u00e9curit\u00e9 transporter votre tomahawk lors de randonn\u00e9es, de voyages de camping ou dans votre \u00e9quipement tactique. Sa taille compacte le rend facile \u00e0 emballer et \u00e0 transporter. Vous cherchez d'autres outils fiables ? Consultez notre s\u00e9lection de <a href=\"https:\/\/jjcustomworks.se\/fr\/magasin\/\">haches polyvalentes<\/a>.<\/p>\n\n<p>Que vous ayez besoin d'un outil pour la survie, les activit\u00e9s de plein air ou \u00e0 des fins tactiques, le TAC-FORCE TF-AXE003S est un excellent choix. Explorez notre large gamme d'<a href=\"https:\/\/jjcustomworks.se\/fr\/categorie-de-produit\/autres_produits\/axes2-2\/axes-with-steel-handle\/\">\u00e9quipement de plein air<\/a> pour trouver tout ce dont vous avez besoin pour vos aventures. Visite <a href=\"https:\/\/jjcustomworks.se\/fr\/\">notre site Web<\/a> pour voir toute notre gamme.<\/p>","protected":false},"excerpt":{"rendered":"<p>Hitta den b\u00e4sta taktiska tomahawken, TAC-FORCE TF-AXE003S, f\u00f6r dina behov. Utforska v\u00e5rt sortiment av h\u00f6gkvalitativa taktiska verktyg och utrustning f\u00f6r att f\u00f6rb\u00e4ttra din prestation och \u00f6verlevnad. K\u00f6p nu och f\u00e5 snabb leverans och konkurrenskraftiga priser.<\/p>","protected":false},"featured_media":59236,"template":"","meta":[],"product_brand":[],"product_cat":[954],"product_tag":[],"class_list":{"0":"post-59240","1":"product","2":"type-product","3":"status-publish","4":"has-post-thumbnail","6":"product_cat-axes-with-steel-handle","8":"first","9":"instock","10":"sale","11":"taxable","12":"shipping-taxable","13":"purchasable","14":"product-type-simple"},"_links":{"self":[{"href":"https:\/\/jjcustomworks.se\/fr\/wp-json\/wp\/v2\/product\/59240","targetHints":{"allow":["GET"]}}],"collection":[{"href":"https:\/\/jjcustomworks.se\/fr\/wp-json\/wp\/v2\/product"}],"about":[{"href":"https:\/\/jjcustomworks.se\/fr\/wp-json\/wp\/v2\/types\/product"}],"wp:featuredmedia":[{"embeddable":true,"href":"https:\/\/jjcustomworks.se\/fr\/wp-json\/wp\/v2\/media\/59236"}],"wp:attachment":[{"href":"https:\/\/jjcustomworks.se\/fr\/wp-json\/wp\/v2\/media?parent=59240"}],"wp:term":[{"taxonomy":"product_brand","embeddable":true,"href":"https:\/\/jjcustomworks.se\/fr\/wp-json\/wp\/v2\/product_brand?post=59240"},{"taxonomy":"product_cat","embeddable":true,"href":"https:\/\/jjcustomworks.se\/fr\/wp-json\/wp\/v2\/product_cat?post=59240"},{"taxonomy":"product_tag","embeddable":true,"href":"https:\/\/jjcustomworks.se\/fr\/wp-json\/wp\/v2\/product_tag?post=59240"}],"curies":[{"name":"wp","href":"https:\/\/api.w.org\/{rel}","templated":true}]}}