{"id":59228,"date":"2025-03-14T14:49:09","date_gmt":"2025-03-14T13:49:09","guid":{"rendered":"https:\/\/jjcustomworks.se\/product\/master-cutlery-hk-1482-fantasy-sword-26-overall\/"},"modified":"2025-11-08T18:39:36","modified_gmt":"2025-11-08T17:39:36","slug":"master-cutlery-hk-1482-epee-fantaisie","status":"publish","type":"product","link":"https:\/\/jjcustomworks.se\/fr\/produit\/master-cutlery-hk-1482-epee-fantaisie\/","title":{"rendered":"\u00c9p\u00e9e Fantaisie 26\" HK-1482 | Master Cutlery"},"content":{"rendered":"<h1><span class=\"ez-toc-section\" id=\"Epee_Fantaisie_Master_Cutlery_HK-1482\"><\/span>Couverts Fantasy Sword Master HK-1482<span class=\"ez-toc-section-end\"><\/span><\/h1>\n<h2><span class=\"ez-toc-section\" id=\"Une_Epee_de_Collection_Unique\"><\/span>Une \u00c9p\u00e9e de Collection Unique<span class=\"ez-toc-section-end\"><\/span><\/h2>\n<p>Cette \u00e9p\u00e9e fantaisie de 26\" de Master Cutlery est un objet de collection unique. Avec sa lame noire et son design de feu rouge, elle se distingue de la foule. La lame est fabriqu\u00e9e en acier inoxydable de 3 mm d'\u00e9paisseur, ce qui garantit sa durabilit\u00e9 et sa long\u00e9vit\u00e9.<\/p>\n<h3><span class=\"ez-toc-section\" id=\"Caracteristiques_et_Avantages\"><\/span>Caract\u00e9ristiques et avantages<span class=\"ez-toc-section-end\"><\/span><\/h3>\n<ul>\n <li><strong>Longueur totale :<\/strong> 26 pouces, ce qui en fait un objet de d\u00e9coration impressionnant.<\/li>\n <li><strong>Boiteux :<\/strong> Lame en acier inoxydable de 3 mm d'\u00e9paisseur pour plus de r\u00e9sistance et de durabilit\u00e9.<\/li>\n <li><strong>Conception :<\/strong> Lame noire avec design de feu rouge qui offre une apparence unique et accrocheuse.<\/li>\n <li><strong>Manche:<\/strong> Enroulement de cordon noir autour du manche pour une prise en main confortable et s\u00fbre.<\/li>\n <li><strong>Fourreau :<\/strong> Fourreau en nylon avec bandouli\u00e8re pour un rangement s\u00fbr et un transport facile.<\/li>\n<\/ul>\n<p>L'enroulement de cordon noir autour du manche offre non seulement une prise en main confortable, mais compl\u00e8te \u00e9galement le design g\u00e9n\u00e9ral. Pour un rangement s\u00fbr et un transport facile, un fourreau en nylon avec une bandouli\u00e8re est inclus. Cela facilite le transport de l'\u00e9p\u00e9e tout en la prot\u00e9geant des dommages.<\/p>\n<p>Ajoutez cette \u00e9p\u00e9e fantaisie unique \u00e0 votre collection d\u00e8s aujourd'hui ! D\u00e9couvrez d'autres <a href=\"https:\/\/jjcustomworks.se\/fr\/magasin\/\">\u00e9p\u00e9es fantastiques<\/a> dans notre s\u00e9lection. Visitez notre <a href=\"https:\/\/jjcustomworks.se\/fr\/categorie-de-produit\/autres_produits\/swords\/swords-other\/\">cat\u00e9gorie d'\u00e9p\u00e9es de collection<\/a> pour voir toute notre gamme. Ne manquez pas la chance de poss\u00e9der cette \u00e9p\u00e9e unique \u2013 commandez votre exemplaire d\u00e8s aujourd'hui sur <a href=\"https:\/\/jjcustomworks.se\/fr\/\">notre boutique en ligne<\/a> !<\/p>","protected":false},"excerpt":{"rendered":"<p>\u00c9p\u00e9e Fantaisie Master Cutlery HK-1482 Une \u00c9p\u00e9e de Collection Unique Cette \u00e9p\u00e9e fantaisie de 26&#8243; de Master Cutlery est un objet de collection unique. Avec sa lame noire et son design de feu rouge, elle se distingue de la foule. La lame est fabriqu\u00e9e en acier inoxydable de 3 mm d&#8217;\u00e9paisseur, ce qui garantit sa [&#8230;]\n","protected":false},"featured_media":59224,"template":"","meta":[],"product_brand":[],"product_cat":[1275],"product_tag":[],"class_list":{"0":"post-59228","1":"product","2":"type-product","3":"status-publish","4":"has-post-thumbnail","6":"product_cat-swords-europe","8":"first","9":"outofstock","10":"taxable","11":"shipping-taxable","12":"purchasable","13":"product-type-simple"},"_links":{"self":[{"href":"https:\/\/jjcustomworks.se\/fr\/wp-json\/wp\/v2\/product\/59228","targetHints":{"allow":["GET"]}}],"collection":[{"href":"https:\/\/jjcustomworks.se\/fr\/wp-json\/wp\/v2\/product"}],"about":[{"href":"https:\/\/jjcustomworks.se\/fr\/wp-json\/wp\/v2\/types\/product"}],"wp:featuredmedia":[{"embeddable":true,"href":"https:\/\/jjcustomworks.se\/fr\/wp-json\/wp\/v2\/media\/59224"}],"wp:attachment":[{"href":"https:\/\/jjcustomworks.se\/fr\/wp-json\/wp\/v2\/media?parent=59228"}],"wp:term":[{"taxonomy":"product_brand","embeddable":true,"href":"https:\/\/jjcustomworks.se\/fr\/wp-json\/wp\/v2\/product_brand?post=59228"},{"taxonomy":"product_cat","embeddable":true,"href":"https:\/\/jjcustomworks.se\/fr\/wp-json\/wp\/v2\/product_cat?post=59228"},{"taxonomy":"product_tag","embeddable":true,"href":"https:\/\/jjcustomworks.se\/fr\/wp-json\/wp\/v2\/product_tag?post=59228"}],"curies":[{"name":"wp","href":"https:\/\/api.w.org\/{rel}","templated":true}]}}