{"id":59225,"date":"2025-03-14T14:49:09","date_gmt":"2025-03-14T13:49:09","guid":{"rendered":"https:\/\/jjcustomworks.se\/product\/hk-852q-decorative-fantasy-short-sword\/"},"modified":"2025-10-17T03:30:18","modified_gmt":"2025-10-17T01:30:18","slug":"hk-852q-epee-fantaisie-decorative","status":"publish","type":"product","link":"https:\/\/jjcustomworks.se\/fr\/produit\/hk-852q-epee-fantaisie-decorative\/","title":{"rendered":"HK-852Q \u00c9p\u00e9e Fantaisie D\u00e9corative | Blades USA"},"content":{"rendered":"<h1><span class=\"ez-toc-section\" id=\"HK-852Q_Epee_Fantaisie_Decorative\"><\/span>HK-852Q \u00c9p\u00e9e Fantaisie D\u00e9corative<span class=\"ez-toc-section-end\"><\/span><\/h1>\n<h2><span class=\"ez-toc-section\" id=\"Caracteristiques_de_lepee_fantaisie_HK-852Q\"><\/span>Caract\u00e9ristiques de l&#8217;\u00e9p\u00e9e fantaisie HK-852Q<span class=\"ez-toc-section-end\"><\/span><\/h2>\n<p>Cette \u00e9p\u00e9e fantaisie d\u00e9corative, HK-852Q de Blades USA, est un objet de collection unique avec une longueur totale de 13,75 pouces et une lame en acier inoxydable. Les d\u00e9tails en m\u00e9tal moul\u00e9 et le fourreau inclus en font un ajout attrayant \u00e0 votre collection.<\/p>\n<h3><span class=\"ez-toc-section\" id=\"Specifications\"><\/span>Caract\u00e9ristiques:<span class=\"ez-toc-section-end\"><\/span><\/h3>\n<ul>\n <li><strong>Longueur totale :<\/strong> 13,75 pouces<\/li>\n <li><strong>Mat\u00e9riau de la lame :<\/strong> Acier inoxydable<\/li>\n <li><strong>Finition:<\/strong> Satin<\/li>\n <li><strong>Mat\u00e9riau du manche :<\/strong> M\u00e9tal moul\u00e9<\/li>\n <li><strong>Fourreau :<\/strong> M\u00e9tal moul\u00e9, inclus<\/li>\n<\/ul>\n\n<p>Cette \u00e9p\u00e9e fantaisie est parfaite pour ceux qui appr\u00e9cient les objets uniques et d\u00e9coratifs. La lame en acier inoxydable offre une construction durable, tandis que les d\u00e9tails en m\u00e9tal moul\u00e9 ajoutent un style distinctif. Le fourreau inclus prot\u00e8ge la lame et compl\u00e8te le design de l'\u00e9p\u00e9e. Montrez votre go\u00fbt unique avec cette \u00e9p\u00e9e fantaisie de <a href=\"https:\/\/jjcustomworks.se\/fr\/magasin\/\">Lames USA<\/a>. Pour plus d'options d\u00e9coratives, visitez notre <a href=\"https:\/\/jjcustomworks.se\/fr\/categorie-de-produit\/autres_produits\/axes2-2\/axes-with-wood-handle\/\">collection Fantasy<\/a>. D\u00e9couvrez d'autres objets uniques sur <a href=\"https:\/\/jjcustomworks.se\/fr\/\">notre site Web<\/a>.<\/p>","protected":false},"excerpt":{"rendered":"<p>HK-852Q \u00c9p\u00e9e Fantaisie D\u00e9corative Caract\u00e9ristiques de l&#8217;\u00e9p\u00e9e fantaisie HK-852Q Cette \u00e9p\u00e9e fantaisie d\u00e9corative, HK-852Q de Blades USA, est un objet de collection unique avec une longueur totale de 13,75 pouces et une lame en acier inoxydable. Les d\u00e9tails en m\u00e9tal moul\u00e9 et le fourreau inclus en font un ajout attrayant \u00e0 votre collection. Sp\u00e9cifications : [&#8230;]\n","protected":false},"featured_media":59222,"template":"","meta":[],"product_brand":[],"product_cat":[1275],"product_tag":[],"class_list":{"0":"post-59225","1":"product","2":"type-product","3":"status-publish","4":"has-post-thumbnail","6":"product_cat-swords-europe","8":"first","9":"outofstock","10":"sale","11":"taxable","12":"shipping-taxable","13":"purchasable","14":"product-type-simple"},"_links":{"self":[{"href":"https:\/\/jjcustomworks.se\/fr\/wp-json\/wp\/v2\/product\/59225","targetHints":{"allow":["GET"]}}],"collection":[{"href":"https:\/\/jjcustomworks.se\/fr\/wp-json\/wp\/v2\/product"}],"about":[{"href":"https:\/\/jjcustomworks.se\/fr\/wp-json\/wp\/v2\/types\/product"}],"wp:featuredmedia":[{"embeddable":true,"href":"https:\/\/jjcustomworks.se\/fr\/wp-json\/wp\/v2\/media\/59222"}],"wp:attachment":[{"href":"https:\/\/jjcustomworks.se\/fr\/wp-json\/wp\/v2\/media?parent=59225"}],"wp:term":[{"taxonomy":"product_brand","embeddable":true,"href":"https:\/\/jjcustomworks.se\/fr\/wp-json\/wp\/v2\/product_brand?post=59225"},{"taxonomy":"product_cat","embeddable":true,"href":"https:\/\/jjcustomworks.se\/fr\/wp-json\/wp\/v2\/product_cat?post=59225"},{"taxonomy":"product_tag","embeddable":true,"href":"https:\/\/jjcustomworks.se\/fr\/wp-json\/wp\/v2\/product_tag?post=59225"}],"curies":[{"name":"wp","href":"https:\/\/api.w.org\/{rel}","templated":true}]}}